{"id":986,"date":"2024-12-30T18:18:27","date_gmt":"2024-12-30T10:18:27","guid":{"rendered":"https:\/\/www.amorhomehardware.com\/?post_type=product&#038;p=986"},"modified":"2025-01-20T03:31:19","modified_gmt":"2025-01-19T19:31:19","slug":"2-in-1-metal-furniture-connecting-fitting-cabinet-shelf-connector","status":"publish","type":"product","link":"https:\/\/www.amorhomehardware.com\/pt\/produto\/2-in-1-metal-furniture-connecting-fitting-cabinet-shelf-connector\/","title":{"rendered":"Conector de prateleira de arm\u00e1rio de encaixe de m\u00f3veis de metal 2 em 1 - AC.5202"},"content":{"rendered":"<p>\u3010Feature\u3011 These cams are made of high-quality zinc alloy, the surface is galvanized, with high hardness, strong rust prevention, and corrosion resistance, ensuring durability, which can prolong service life.<br \/>\n\u3010Application\u3011 Suitable for furniture boards of 12mm thickness, widely applied to all types of furniture such as cabinets, shelves, beds, desks, drawers, chairs, and other furniture assemblies.<\/p>","protected":false},"excerpt":{"rendered":"<p>2 em 1 Liga de mobili\u00e1rio de liga\u00e7\u00e3o de encaixe de prateleira Conector de prateleira de arm\u00e1rio Suporte de prateleira Cam Lock<br \/>\nMaterial: Liga de zinco<br \/>\nAcabamento: N\u00edquel<br \/>\nTamanho: Suporte L45*W21.6*H13.6mm<br \/>\nScrew size: \u00f86*16.7mm<\/p>\n<p>N.\u00ba do artigo: AC.5202<\/p>","protected":false},"featured_media":1491,"comment_status":"closed","ping_status":"closed","template":"","meta":{"_seopress_robots_primary_cat":"","_seopress_titles_title":"","_seopress_titles_desc":"","_seopress_robots_index":"","_uag_custom_page_level_css":"","_joinchat":[]},"product_brand":[],"product_cat":[51,23],"product_tag":[],"class_list":{"0":"post-986","1":"product","2":"type-product","3":"status-publish","4":"has-post-thumbnail","6":"product_cat-mini-fix","7":"product_cat-connectors-brackets","9":"first","10":"instock","11":"shipping-taxable","12":"product-type-simple"},"uagb_featured_image_src":{"full":["https:\/\/www.amorhomehardware.com\/wp-content\/uploads\/2024\/12\/AC.5202-2-in-1-Alloy-Shelf-Connector.webp",1240,1360,false],"thumbnail":["https:\/\/www.amorhomehardware.com\/wp-content\/uploads\/2024\/12\/AC.5202-2-in-1-Alloy-Shelf-Connector-150x150.webp",150,150,true],"medium":["https:\/\/www.amorhomehardware.com\/wp-content\/uploads\/2024\/12\/AC.5202-2-in-1-Alloy-Shelf-Connector-274x300.webp",274,300,true],"medium_large":["https:\/\/www.amorhomehardware.com\/wp-content\/uploads\/2024\/12\/AC.5202-2-in-1-Alloy-Shelf-Connector-768x842.webp",768,842,true],"large":["https:\/\/www.amorhomehardware.com\/wp-content\/uploads\/2024\/12\/AC.5202-2-in-1-Alloy-Shelf-Connector-934x1024.webp",934,1024,true],"1536x1536":["https:\/\/www.amorhomehardware.com\/wp-content\/uploads\/2024\/12\/AC.5202-2-in-1-Alloy-Shelf-Connector.webp",1240,1360,false],"2048x2048":["https:\/\/www.amorhomehardware.com\/wp-content\/uploads\/2024\/12\/AC.5202-2-in-1-Alloy-Shelf-Connector.webp",1240,1360,false],"trp-custom-language-flag":["https:\/\/www.amorhomehardware.com\/wp-content\/uploads\/2024\/12\/AC.5202-2-in-1-Alloy-Shelf-Connector.webp",11,12,false],"woocommerce_archive_thumbnail":["https:\/\/www.amorhomehardware.com\/wp-content\/uploads\/2024\/12\/AC.5202-2-in-1-Alloy-Shelf-Connector-600x600.webp",600,600,true],"woocommerce_thumbnail":["https:\/\/www.amorhomehardware.com\/wp-content\/uploads\/2024\/12\/AC.5202-2-in-1-Alloy-Shelf-Connector-600x600.webp",600,600,true],"woocommerce_single":["https:\/\/www.amorhomehardware.com\/wp-content\/uploads\/2024\/12\/AC.5202-2-in-1-Alloy-Shelf-Connector-600x658.webp",600,658,true],"woocommerce_gallery_thumbnail":["https:\/\/www.amorhomehardware.com\/wp-content\/uploads\/2024\/12\/AC.5202-2-in-1-Alloy-Shelf-Connector-100x100.webp",100,100,true]},"uagb_author_info":{"display_name":"amorhome","author_link":"https:\/\/www.amorhomehardware.com\/pt\/author\/"},"uagb_comment_info":0,"uagb_excerpt":"2 in 1 Alloy Furniture Connecting Fitting Shelf Connector Cabinet Shelf Support Cam Lock Material: Zinc Alloy Finish: Nickel Size: Bracket L45*W21.6*H13.6mm Screw size: \u00f86*16.7mm Item No.: AC.5202","_links":{"self":[{"href":"https:\/\/www.amorhomehardware.com\/pt\/wp-json\/wp\/v2\/product\/986","targetHints":{"allow":["GET"]}}],"collection":[{"href":"https:\/\/www.amorhomehardware.com\/pt\/wp-json\/wp\/v2\/product"}],"about":[{"href":"https:\/\/www.amorhomehardware.com\/pt\/wp-json\/wp\/v2\/types\/product"}],"replies":[{"embeddable":true,"href":"https:\/\/www.amorhomehardware.com\/pt\/wp-json\/wp\/v2\/comments?post=986"}],"wp:featuredmedia":[{"embeddable":true,"href":"https:\/\/www.amorhomehardware.com\/pt\/wp-json\/wp\/v2\/media\/1491"}],"wp:attachment":[{"href":"https:\/\/www.amorhomehardware.com\/pt\/wp-json\/wp\/v2\/media?parent=986"}],"wp:term":[{"taxonomy":"product_brand","embeddable":true,"href":"https:\/\/www.amorhomehardware.com\/pt\/wp-json\/wp\/v2\/product_brand?post=986"},{"taxonomy":"product_cat","embeddable":true,"href":"https:\/\/www.amorhomehardware.com\/pt\/wp-json\/wp\/v2\/product_cat?post=986"},{"taxonomy":"product_tag","embeddable":true,"href":"https:\/\/www.amorhomehardware.com\/pt\/wp-json\/wp\/v2\/product_tag?post=986"}],"curies":[{"name":"wp","href":"https:\/\/api.w.org\/{rel}","templated":true}]}}