{"id":964,"date":"2024-12-30T08:32:29","date_gmt":"2024-12-30T00:32:29","guid":{"rendered":"https:\/\/www.amorhomehardware.com\/?post_type=product&#038;p=964"},"modified":"2025-01-20T03:37:05","modified_gmt":"2025-01-19T19:37:05","slug":"zinc-alloy-office-partition-clamp-acrylic-desk-divider-clamps","status":"publish","type":"product","link":"https:\/\/www.amorhomehardware.com\/pt\/produto\/zinc-alloy-office-partition-clamp-acrylic-desk-divider-clamps\/","title":{"rendered":"Bra\u00e7adeira de divis\u00f3ria de escrit\u00f3rio em liga de zinco Bra\u00e7adeiras de divis\u00f3ria de secret\u00e1ria em acr\u00edlico - AC.1300"},"content":{"rendered":"<p>\u3010Feature\u3011Office Desk Divider Clamp Bracket is adjustable clip width to install different thickness panels, fits for glass or wood board thickness: approx. 1\/8&#8243; to 3\/8&#8243;(5-10mm).<br \/>\n\u3010Application\u3011They are applied to install privacy panels, acrylic panels, plexiglass panels, and tabletop display panels which are suitable for office desks, student desks, training rooms, council chambers, and various offices.<\/p>","protected":false},"excerpt":{"rendered":"<p>Suporte para divis\u00f3ria de escrit\u00f3rio Bra\u00e7adeiras de suporte para prote\u00e7\u00e3o contra espirros Bra\u00e7adeiras para divis\u00f3ria de escrit\u00f3rio Bra\u00e7adeiras para divis\u00f3ria de acr\u00edlico Bra\u00e7adeiras para divis\u00f3ria de plexiglass Bra\u00e7adeiras para painel de privacidade de alum\u00ednio<br \/>\nMaterial: Liga de zinco<br \/>\nAcabamento: Prata p\u00e9rola\/ Branco p\u00e9rola\/ Preto p\u00e9rola\/ Branco brilhante<br \/>\nTamanho: L45*L32*H62 mm<\/p>\n<p>N.\u00ba do artigo: AC.1300<\/p>","protected":false},"featured_media":1426,"comment_status":"closed","ping_status":"closed","template":"","meta":{"_seopress_robots_primary_cat":"","_seopress_titles_title":"","_seopress_titles_desc":"","_seopress_robots_index":"","_uag_custom_page_level_css":"","_joinchat":[]},"product_brand":[],"product_cat":[57,23],"product_tag":[],"class_list":{"0":"post-964","1":"product","2":"type-product","3":"status-publish","4":"has-post-thumbnail","6":"product_cat-desk-divider-clamps","7":"product_cat-connectors-brackets","9":"first","10":"instock","11":"shipping-taxable","12":"product-type-simple"},"uagb_featured_image_src":{"full":["https:\/\/www.amorhomehardware.com\/wp-content\/uploads\/2024\/12\/AC.1300-Desk-Partition-clamp.webp",1240,1360,false],"thumbnail":["https:\/\/www.amorhomehardware.com\/wp-content\/uploads\/2024\/12\/AC.1300-Desk-Partition-clamp-150x150.webp",150,150,true],"medium":["https:\/\/www.amorhomehardware.com\/wp-content\/uploads\/2024\/12\/AC.1300-Desk-Partition-clamp-274x300.webp",274,300,true],"medium_large":["https:\/\/www.amorhomehardware.com\/wp-content\/uploads\/2024\/12\/AC.1300-Desk-Partition-clamp-768x842.webp",768,842,true],"large":["https:\/\/www.amorhomehardware.com\/wp-content\/uploads\/2024\/12\/AC.1300-Desk-Partition-clamp-934x1024.webp",934,1024,true],"1536x1536":["https:\/\/www.amorhomehardware.com\/wp-content\/uploads\/2024\/12\/AC.1300-Desk-Partition-clamp.webp",1240,1360,false],"2048x2048":["https:\/\/www.amorhomehardware.com\/wp-content\/uploads\/2024\/12\/AC.1300-Desk-Partition-clamp.webp",1240,1360,false],"trp-custom-language-flag":["https:\/\/www.amorhomehardware.com\/wp-content\/uploads\/2024\/12\/AC.1300-Desk-Partition-clamp.webp",11,12,false],"woocommerce_archive_thumbnail":["https:\/\/www.amorhomehardware.com\/wp-content\/uploads\/2024\/12\/AC.1300-Desk-Partition-clamp-600x600.webp",600,600,true],"woocommerce_thumbnail":["https:\/\/www.amorhomehardware.com\/wp-content\/uploads\/2024\/12\/AC.1300-Desk-Partition-clamp-600x600.webp",600,600,true],"woocommerce_single":["https:\/\/www.amorhomehardware.com\/wp-content\/uploads\/2024\/12\/AC.1300-Desk-Partition-clamp-600x658.webp",600,658,true],"woocommerce_gallery_thumbnail":["https:\/\/www.amorhomehardware.com\/wp-content\/uploads\/2024\/12\/AC.1300-Desk-Partition-clamp-100x100.webp",100,100,true]},"uagb_author_info":{"display_name":"amorhome","author_link":"https:\/\/www.amorhomehardware.com\/pt\/author\/"},"uagb_comment_info":0,"uagb_excerpt":"Office Desk Partition Support Bracket Sneeze Guard Support Clamps Office Partition Clamp Acrylic Desk Divider Clamps Plexiglass Partition Clips Aluminum Privacy Panel Clips Material: Zinc Alloy Finish: Pearl silver\/ Pearl white\/ Pear black\/ Bright white Size: L45*L32*H62 mm Item No.: AC.1300","_links":{"self":[{"href":"https:\/\/www.amorhomehardware.com\/pt\/wp-json\/wp\/v2\/product\/964","targetHints":{"allow":["GET"]}}],"collection":[{"href":"https:\/\/www.amorhomehardware.com\/pt\/wp-json\/wp\/v2\/product"}],"about":[{"href":"https:\/\/www.amorhomehardware.com\/pt\/wp-json\/wp\/v2\/types\/product"}],"replies":[{"embeddable":true,"href":"https:\/\/www.amorhomehardware.com\/pt\/wp-json\/wp\/v2\/comments?post=964"}],"wp:featuredmedia":[{"embeddable":true,"href":"https:\/\/www.amorhomehardware.com\/pt\/wp-json\/wp\/v2\/media\/1426"}],"wp:attachment":[{"href":"https:\/\/www.amorhomehardware.com\/pt\/wp-json\/wp\/v2\/media?parent=964"}],"wp:term":[{"taxonomy":"product_brand","embeddable":true,"href":"https:\/\/www.amorhomehardware.com\/pt\/wp-json\/wp\/v2\/product_brand?post=964"},{"taxonomy":"product_cat","embeddable":true,"href":"https:\/\/www.amorhomehardware.com\/pt\/wp-json\/wp\/v2\/product_cat?post=964"},{"taxonomy":"product_tag","embeddable":true,"href":"https:\/\/www.amorhomehardware.com\/pt\/wp-json\/wp\/v2\/product_tag?post=964"}],"curies":[{"name":"wp","href":"https:\/\/api.w.org\/{rel}","templated":true}]}}