{"id":953,"date":"2024-12-30T08:04:13","date_gmt":"2024-12-30T00:04:13","guid":{"rendered":"https:\/\/www.amorhomehardware.com\/?post_type=product&#038;p=953"},"modified":"2025-01-20T03:49:50","modified_gmt":"2025-01-19T19:49:50","slug":"plastic-corner-connecting-brackets","status":"publish","type":"product","link":"https:\/\/www.amorhomehardware.com\/pt\/produto\/plastic-corner-connecting-brackets\/","title":{"rendered":"Suportes de liga\u00e7\u00e3o de canto em pl\u00e1stico - AB.1003"},"content":{"rendered":"<p>\u3010Function\u3011Connect 2 cabinet boards with metal corner connecting brackets<br \/>\n\u3010Application\u3011 Suitable for Mounting Shelves, Cabinet boards, and other Furniture Frames.<\/p>","protected":false},"excerpt":{"rendered":"<p>Suportes de pl\u00e1stico para liga\u00e7\u00e3o de cantos Suporte para m\u00f3veis de canto<br \/>\nMaterial: Pl\u00e1stico<br \/>\nAcabamento: Branco<br \/>\nTamanho: L33*W28*H19.5mm<\/p>\n<p>N.\u00ba do artigo: AB.1003<\/p>","protected":false},"featured_media":1382,"comment_status":"closed","ping_status":"closed","template":"","meta":{"_seopress_robots_primary_cat":"","_seopress_titles_title":"","_seopress_titles_desc":"","_seopress_robots_index":"","_uag_custom_page_level_css":"","_joinchat":[]},"product_brand":[],"product_cat":[52,23],"product_tag":[],"class_list":{"0":"post-953","1":"product","2":"type-product","3":"status-publish","4":"has-post-thumbnail","6":"product_cat-connecting-brackets-connecting-brackets","7":"product_cat-connectors-brackets","9":"first","10":"instock","11":"shipping-taxable","12":"product-type-simple"},"uagb_featured_image_src":{"full":["https:\/\/www.amorhomehardware.com\/wp-content\/uploads\/2024\/12\/AB.1003-Plastic-corner-connector.webp",1240,1360,false],"thumbnail":["https:\/\/www.amorhomehardware.com\/wp-content\/uploads\/2024\/12\/AB.1003-Plastic-corner-connector-150x150.webp",150,150,true],"medium":["https:\/\/www.amorhomehardware.com\/wp-content\/uploads\/2024\/12\/AB.1003-Plastic-corner-connector-274x300.webp",274,300,true],"medium_large":["https:\/\/www.amorhomehardware.com\/wp-content\/uploads\/2024\/12\/AB.1003-Plastic-corner-connector-768x842.webp",768,842,true],"large":["https:\/\/www.amorhomehardware.com\/wp-content\/uploads\/2024\/12\/AB.1003-Plastic-corner-connector-934x1024.webp",934,1024,true],"1536x1536":["https:\/\/www.amorhomehardware.com\/wp-content\/uploads\/2024\/12\/AB.1003-Plastic-corner-connector.webp",1240,1360,false],"2048x2048":["https:\/\/www.amorhomehardware.com\/wp-content\/uploads\/2024\/12\/AB.1003-Plastic-corner-connector.webp",1240,1360,false],"trp-custom-language-flag":["https:\/\/www.amorhomehardware.com\/wp-content\/uploads\/2024\/12\/AB.1003-Plastic-corner-connector.webp",11,12,false],"woocommerce_archive_thumbnail":["https:\/\/www.amorhomehardware.com\/wp-content\/uploads\/2024\/12\/AB.1003-Plastic-corner-connector-600x600.webp",600,600,true],"woocommerce_thumbnail":["https:\/\/www.amorhomehardware.com\/wp-content\/uploads\/2024\/12\/AB.1003-Plastic-corner-connector-600x600.webp",600,600,true],"woocommerce_single":["https:\/\/www.amorhomehardware.com\/wp-content\/uploads\/2024\/12\/AB.1003-Plastic-corner-connector-600x658.webp",600,658,true],"woocommerce_gallery_thumbnail":["https:\/\/www.amorhomehardware.com\/wp-content\/uploads\/2024\/12\/AB.1003-Plastic-corner-connector-100x100.webp",100,100,true]},"uagb_author_info":{"display_name":"amorhome","author_link":"https:\/\/www.amorhomehardware.com\/pt\/author\/"},"uagb_comment_info":0,"uagb_excerpt":"Plastic corner connecting brackets Corner Furniture Bracket Material: Plastic Finish: White Size: L33*W28*H19.5mm Item No.: AB.1003","_links":{"self":[{"href":"https:\/\/www.amorhomehardware.com\/pt\/wp-json\/wp\/v2\/product\/953","targetHints":{"allow":["GET"]}}],"collection":[{"href":"https:\/\/www.amorhomehardware.com\/pt\/wp-json\/wp\/v2\/product"}],"about":[{"href":"https:\/\/www.amorhomehardware.com\/pt\/wp-json\/wp\/v2\/types\/product"}],"replies":[{"embeddable":true,"href":"https:\/\/www.amorhomehardware.com\/pt\/wp-json\/wp\/v2\/comments?post=953"}],"wp:featuredmedia":[{"embeddable":true,"href":"https:\/\/www.amorhomehardware.com\/pt\/wp-json\/wp\/v2\/media\/1382"}],"wp:attachment":[{"href":"https:\/\/www.amorhomehardware.com\/pt\/wp-json\/wp\/v2\/media?parent=953"}],"wp:term":[{"taxonomy":"product_brand","embeddable":true,"href":"https:\/\/www.amorhomehardware.com\/pt\/wp-json\/wp\/v2\/product_brand?post=953"},{"taxonomy":"product_cat","embeddable":true,"href":"https:\/\/www.amorhomehardware.com\/pt\/wp-json\/wp\/v2\/product_cat?post=953"},{"taxonomy":"product_tag","embeddable":true,"href":"https:\/\/www.amorhomehardware.com\/pt\/wp-json\/wp\/v2\/product_tag?post=953"}],"curies":[{"name":"wp","href":"https:\/\/api.w.org\/{rel}","templated":true}]}}