{"id":950,"date":"2024-12-30T07:55:11","date_gmt":"2024-12-29T23:55:11","guid":{"rendered":"https:\/\/www.amorhomehardware.com\/?post_type=product&#038;p=950"},"modified":"2025-01-20T03:50:44","modified_gmt":"2025-01-19T19:50:44","slug":"cabinet-decorative-plastic-right-angle-corner-connecting-shelf-brackets","status":"publish","type":"product","link":"https:\/\/www.amorhomehardware.com\/pt\/produto\/cabinet-decorative-plastic-right-angle-corner-connecting-shelf-brackets\/","title":{"rendered":"Pl\u00e1stico decorativo para arm\u00e1rios Suportes de prateleiras de liga\u00e7\u00e3o em \u00e2ngulo reto - AB.1201"},"content":{"rendered":"<p>\u3010Function\u3011Connect 2 cabinet boards with metal corner connecting brackets<br \/>\n\u3010Application\u3011 Suitable for Mounting Shelves, Cabinet boards, and other Furniture Frames.<\/p>","protected":false},"excerpt":{"rendered":"<p>Pl\u00e1stico decorativo para arm\u00e1rios \u00c2ngulo reto para suportes de prateleiras de liga\u00e7\u00e3o Suporte para m\u00f3veis de canto<br \/>\nMaterial: Pl\u00e1stico +A\u00e7o<br \/>\nAcabamento: Branco, preto, castanho<br \/>\nTamanho: Suporte L25*H25*T1.4mm, Tampa L29*H18*T7mm<\/p>\n<p>N.\u00ba do artigo: AB.1201<\/p>","protected":false},"featured_media":1390,"comment_status":"closed","ping_status":"closed","template":"","meta":{"_seopress_robots_primary_cat":"","_seopress_titles_title":"","_seopress_titles_desc":"","_seopress_robots_index":"","_uag_custom_page_level_css":"","_joinchat":[]},"product_brand":[],"product_cat":[52,23],"product_tag":[],"class_list":{"0":"post-950","1":"product","2":"type-product","3":"status-publish","4":"has-post-thumbnail","6":"product_cat-connecting-brackets-connecting-brackets","7":"product_cat-connectors-brackets","9":"first","10":"instock","11":"shipping-taxable","12":"product-type-simple"},"uagb_featured_image_src":{"full":["https:\/\/www.amorhomehardware.com\/wp-content\/uploads\/2024\/12\/AB.1201-amor-home-shelf-bracket.webp",1240,1360,false],"thumbnail":["https:\/\/www.amorhomehardware.com\/wp-content\/uploads\/2024\/12\/AB.1201-amor-home-shelf-bracket-150x150.webp",150,150,true],"medium":["https:\/\/www.amorhomehardware.com\/wp-content\/uploads\/2024\/12\/AB.1201-amor-home-shelf-bracket-274x300.webp",274,300,true],"medium_large":["https:\/\/www.amorhomehardware.com\/wp-content\/uploads\/2024\/12\/AB.1201-amor-home-shelf-bracket-768x842.webp",768,842,true],"large":["https:\/\/www.amorhomehardware.com\/wp-content\/uploads\/2024\/12\/AB.1201-amor-home-shelf-bracket-934x1024.webp",934,1024,true],"1536x1536":["https:\/\/www.amorhomehardware.com\/wp-content\/uploads\/2024\/12\/AB.1201-amor-home-shelf-bracket.webp",1240,1360,false],"2048x2048":["https:\/\/www.amorhomehardware.com\/wp-content\/uploads\/2024\/12\/AB.1201-amor-home-shelf-bracket.webp",1240,1360,false],"trp-custom-language-flag":["https:\/\/www.amorhomehardware.com\/wp-content\/uploads\/2024\/12\/AB.1201-amor-home-shelf-bracket.webp",11,12,false],"woocommerce_archive_thumbnail":["https:\/\/www.amorhomehardware.com\/wp-content\/uploads\/2024\/12\/AB.1201-amor-home-shelf-bracket-600x600.webp",600,600,true],"woocommerce_thumbnail":["https:\/\/www.amorhomehardware.com\/wp-content\/uploads\/2024\/12\/AB.1201-amor-home-shelf-bracket-600x600.webp",600,600,true],"woocommerce_single":["https:\/\/www.amorhomehardware.com\/wp-content\/uploads\/2024\/12\/AB.1201-amor-home-shelf-bracket-600x658.webp",600,658,true],"woocommerce_gallery_thumbnail":["https:\/\/www.amorhomehardware.com\/wp-content\/uploads\/2024\/12\/AB.1201-amor-home-shelf-bracket-100x100.webp",100,100,true]},"uagb_author_info":{"display_name":"amorhome","author_link":"https:\/\/www.amorhomehardware.com\/pt\/author\/"},"uagb_comment_info":0,"uagb_excerpt":"Cabinet Decorative Plastic Right angle corner connecting shelf brackets Corner Furniture Bracket Material: Plastic +Steel Finish: White, Black, Brown Size: Bracket L25*H25*T1.4mm, Cover L29*H18*T7mm Item No.: AB.1201","_links":{"self":[{"href":"https:\/\/www.amorhomehardware.com\/pt\/wp-json\/wp\/v2\/product\/950","targetHints":{"allow":["GET"]}}],"collection":[{"href":"https:\/\/www.amorhomehardware.com\/pt\/wp-json\/wp\/v2\/product"}],"about":[{"href":"https:\/\/www.amorhomehardware.com\/pt\/wp-json\/wp\/v2\/types\/product"}],"replies":[{"embeddable":true,"href":"https:\/\/www.amorhomehardware.com\/pt\/wp-json\/wp\/v2\/comments?post=950"}],"wp:featuredmedia":[{"embeddable":true,"href":"https:\/\/www.amorhomehardware.com\/pt\/wp-json\/wp\/v2\/media\/1390"}],"wp:attachment":[{"href":"https:\/\/www.amorhomehardware.com\/pt\/wp-json\/wp\/v2\/media?parent=950"}],"wp:term":[{"taxonomy":"product_brand","embeddable":true,"href":"https:\/\/www.amorhomehardware.com\/pt\/wp-json\/wp\/v2\/product_brand?post=950"},{"taxonomy":"product_cat","embeddable":true,"href":"https:\/\/www.amorhomehardware.com\/pt\/wp-json\/wp\/v2\/product_cat?post=950"},{"taxonomy":"product_tag","embeddable":true,"href":"https:\/\/www.amorhomehardware.com\/pt\/wp-json\/wp\/v2\/product_tag?post=950"}],"curies":[{"name":"wp","href":"https:\/\/api.w.org\/{rel}","templated":true}]}}