{"id":948,"date":"2024-12-30T07:52:57","date_gmt":"2024-12-29T23:52:57","guid":{"rendered":"https:\/\/www.amorhomehardware.com\/?post_type=product&#038;p=948"},"modified":"2025-01-20T03:51:39","modified_gmt":"2025-01-19T19:51:39","slug":"l-shape-corner-metal-connecting-brackets-right-angle-corner-brace","status":"publish","type":"product","link":"https:\/\/www.amorhomehardware.com\/pt\/produto\/l-shape-corner-metal-connecting-brackets-right-angle-corner-brace\/","title":{"rendered":"Suportes de liga\u00e7\u00e3o met\u00e1licos para cantos em forma de L cantoneiras de \u00e2ngulo reto - AB.1202"},"content":{"rendered":"<p>\u3010Function\u3011Connect 2 cabinet boards with metal corner connecting brackets<br \/>\n\u3010Application\u3011 Suitable for Mounting Shelves, Cabinet boards, and other Furniture Frames.<\/p>","protected":false},"excerpt":{"rendered":"<p>Suportes de liga\u00e7\u00e3o de cantos em forma de L Suportes de prateleiras de arm\u00e1rios, junta de 90 graus Suporte de m\u00f3veis em \u00e2ngulo reto<br \/>\nMaterial: A\u00e7o<br \/>\nAcabamento: Zincado<br \/>\nTamanho: Suporte L43*H43*T2.0\/ T2.3 mm<br \/>\nPeso: 17,5G<\/p>\n<p>N.\u00ba do artigo: AB.1202<\/p>","protected":false},"featured_media":1391,"comment_status":"closed","ping_status":"closed","template":"","meta":{"_seopress_robots_primary_cat":"","_seopress_titles_title":"","_seopress_titles_desc":"","_seopress_robots_index":"","_uag_custom_page_level_css":"","_joinchat":[]},"product_brand":[],"product_cat":[52,23],"product_tag":[],"class_list":{"0":"post-948","1":"product","2":"type-product","3":"status-publish","4":"has-post-thumbnail","6":"product_cat-connecting-brackets-connecting-brackets","7":"product_cat-connectors-brackets","9":"first","10":"instock","11":"shipping-taxable","12":"product-type-simple"},"uagb_featured_image_src":{"full":["https:\/\/www.amorhomehardware.com\/wp-content\/uploads\/2024\/12\/AB.1202-L-shape-corner-connecting-brackets.webp",1240,1360,false],"thumbnail":["https:\/\/www.amorhomehardware.com\/wp-content\/uploads\/2024\/12\/AB.1202-L-shape-corner-connecting-brackets-150x150.webp",150,150,true],"medium":["https:\/\/www.amorhomehardware.com\/wp-content\/uploads\/2024\/12\/AB.1202-L-shape-corner-connecting-brackets-274x300.webp",274,300,true],"medium_large":["https:\/\/www.amorhomehardware.com\/wp-content\/uploads\/2024\/12\/AB.1202-L-shape-corner-connecting-brackets-768x842.webp",768,842,true],"large":["https:\/\/www.amorhomehardware.com\/wp-content\/uploads\/2024\/12\/AB.1202-L-shape-corner-connecting-brackets-934x1024.webp",934,1024,true],"1536x1536":["https:\/\/www.amorhomehardware.com\/wp-content\/uploads\/2024\/12\/AB.1202-L-shape-corner-connecting-brackets.webp",1240,1360,false],"2048x2048":["https:\/\/www.amorhomehardware.com\/wp-content\/uploads\/2024\/12\/AB.1202-L-shape-corner-connecting-brackets.webp",1240,1360,false],"trp-custom-language-flag":["https:\/\/www.amorhomehardware.com\/wp-content\/uploads\/2024\/12\/AB.1202-L-shape-corner-connecting-brackets.webp",11,12,false],"woocommerce_archive_thumbnail":["https:\/\/www.amorhomehardware.com\/wp-content\/uploads\/2024\/12\/AB.1202-L-shape-corner-connecting-brackets-600x600.webp",600,600,true],"woocommerce_thumbnail":["https:\/\/www.amorhomehardware.com\/wp-content\/uploads\/2024\/12\/AB.1202-L-shape-corner-connecting-brackets-600x600.webp",600,600,true],"woocommerce_single":["https:\/\/www.amorhomehardware.com\/wp-content\/uploads\/2024\/12\/AB.1202-L-shape-corner-connecting-brackets-600x658.webp",600,658,true],"woocommerce_gallery_thumbnail":["https:\/\/www.amorhomehardware.com\/wp-content\/uploads\/2024\/12\/AB.1202-L-shape-corner-connecting-brackets-100x100.webp",100,100,true]},"uagb_author_info":{"display_name":"amorhome","author_link":"https:\/\/www.amorhomehardware.com\/pt\/author\/"},"uagb_comment_info":0,"uagb_excerpt":"L shape corner connecting brackets Cabinet shelf brackets, 90 Degree Joint Right Angle Furniture Bracket Material: Steel Finish: Zinc Plated Size: Bracket L43*H43*T2.0\/ T2.3 mm Weight: 17.5G Item No.: AB.1202","_links":{"self":[{"href":"https:\/\/www.amorhomehardware.com\/pt\/wp-json\/wp\/v2\/product\/948","targetHints":{"allow":["GET"]}}],"collection":[{"href":"https:\/\/www.amorhomehardware.com\/pt\/wp-json\/wp\/v2\/product"}],"about":[{"href":"https:\/\/www.amorhomehardware.com\/pt\/wp-json\/wp\/v2\/types\/product"}],"replies":[{"embeddable":true,"href":"https:\/\/www.amorhomehardware.com\/pt\/wp-json\/wp\/v2\/comments?post=948"}],"wp:featuredmedia":[{"embeddable":true,"href":"https:\/\/www.amorhomehardware.com\/pt\/wp-json\/wp\/v2\/media\/1391"}],"wp:attachment":[{"href":"https:\/\/www.amorhomehardware.com\/pt\/wp-json\/wp\/v2\/media?parent=948"}],"wp:term":[{"taxonomy":"product_brand","embeddable":true,"href":"https:\/\/www.amorhomehardware.com\/pt\/wp-json\/wp\/v2\/product_brand?post=948"},{"taxonomy":"product_cat","embeddable":true,"href":"https:\/\/www.amorhomehardware.com\/pt\/wp-json\/wp\/v2\/product_cat?post=948"},{"taxonomy":"product_tag","embeddable":true,"href":"https:\/\/www.amorhomehardware.com\/pt\/wp-json\/wp\/v2\/product_tag?post=948"}],"curies":[{"name":"wp","href":"https:\/\/api.w.org\/{rel}","templated":true}]}}