{"id":932,"date":"2024-12-30T07:04:03","date_gmt":"2024-12-29T23:04:03","guid":{"rendered":"https:\/\/www.amorhomehardware.com\/?post_type=product&#038;p=932"},"modified":"2025-01-20T04:03:21","modified_gmt":"2025-01-19T20:03:21","slug":"kitchen-bedroom-office-drawer-stainless-steel-t-bar-handles","status":"publish","type":"product","link":"https:\/\/www.amorhomehardware.com\/pt\/produto\/kitchen-bedroom-office-drawer-stainless-steel-t-bar-handles\/","title":{"rendered":"Cozinha Quarto Escrit\u00f3rio Gaveta Puxadores de barra em T em a\u00e7o inoxid\u00e1vel - AP.4204"},"content":{"rendered":"<p>\u3010Material\u3011Polished in different styles like Chrome\/ brush Nickel\/ black\/ gold for optional, Made of high-quality stainless steel with anti-rust effect, solid or hollow round tube<br \/>\n\u3010Application\u3011Suitable for different styles of cabinets, wardrobes, drawers, wine cabinets, lockers, kitchen cupboards<\/p>","protected":false},"excerpt":{"rendered":"<p>Puxador em T de dois furos Tubo redondo de a\u00e7o inoxid\u00e1vel Puxadores de gaveta para cozinha, quarto, escrit\u00f3rio<br \/>\nMaterial: A\u00e7o inoxid\u00e1vel 201<br \/>\nAcabamento: N\u00edquel escovado\/Preto\/Dourado<br \/>\nTipo: Oco \/S\u00f3lido<br \/>\nDi\u00e2metro: 10mm\/ 12mm<br \/>\nComprimento: 64*124mm\/ 96*156mm\/ 128*188mm\/ 160*220mm\/ 192*252mm\/ 224*284mm\/ 256*316mm\/ 320*380mm<br \/>\nAcess\u00f3rios: Parafusos*2pcs (M4*25mm)<\/p>\n<p>N.\u00ba do artigo: AP.4204<\/p>","protected":false},"featured_media":1530,"comment_status":"closed","ping_status":"closed","template":"","meta":{"_seopress_robots_primary_cat":"","_seopress_titles_title":"","_seopress_titles_desc":"","_seopress_robots_index":"","_uag_custom_page_level_css":"","_joinchat":[]},"product_brand":[],"product_cat":[19,30],"product_tag":[],"class_list":{"0":"post-932","1":"product","2":"type-product","3":"status-publish","4":"has-post-thumbnail","6":"product_cat-furniture-hardware","7":"product_cat-handles","9":"first","10":"instock","11":"shipping-taxable","12":"product-type-simple"},"uagb_featured_image_src":{"full":["https:\/\/www.amorhomehardware.com\/wp-content\/uploads\/2024\/12\/AP.4204-stainless-steel-t-bar-handle-2.webp",1240,1360,false],"thumbnail":["https:\/\/www.amorhomehardware.com\/wp-content\/uploads\/2024\/12\/AP.4204-stainless-steel-t-bar-handle-2-150x150.webp",150,150,true],"medium":["https:\/\/www.amorhomehardware.com\/wp-content\/uploads\/2024\/12\/AP.4204-stainless-steel-t-bar-handle-2-274x300.webp",274,300,true],"medium_large":["https:\/\/www.amorhomehardware.com\/wp-content\/uploads\/2024\/12\/AP.4204-stainless-steel-t-bar-handle-2-768x842.webp",768,842,true],"large":["https:\/\/www.amorhomehardware.com\/wp-content\/uploads\/2024\/12\/AP.4204-stainless-steel-t-bar-handle-2-934x1024.webp",934,1024,true],"1536x1536":["https:\/\/www.amorhomehardware.com\/wp-content\/uploads\/2024\/12\/AP.4204-stainless-steel-t-bar-handle-2.webp",1240,1360,false],"2048x2048":["https:\/\/www.amorhomehardware.com\/wp-content\/uploads\/2024\/12\/AP.4204-stainless-steel-t-bar-handle-2.webp",1240,1360,false],"trp-custom-language-flag":["https:\/\/www.amorhomehardware.com\/wp-content\/uploads\/2024\/12\/AP.4204-stainless-steel-t-bar-handle-2.webp",11,12,false],"woocommerce_archive_thumbnail":["https:\/\/www.amorhomehardware.com\/wp-content\/uploads\/2024\/12\/AP.4204-stainless-steel-t-bar-handle-2-600x600.webp",600,600,true],"woocommerce_thumbnail":["https:\/\/www.amorhomehardware.com\/wp-content\/uploads\/2024\/12\/AP.4204-stainless-steel-t-bar-handle-2-600x600.webp",600,600,true],"woocommerce_single":["https:\/\/www.amorhomehardware.com\/wp-content\/uploads\/2024\/12\/AP.4204-stainless-steel-t-bar-handle-2-600x658.webp",600,658,true],"woocommerce_gallery_thumbnail":["https:\/\/www.amorhomehardware.com\/wp-content\/uploads\/2024\/12\/AP.4204-stainless-steel-t-bar-handle-2-100x100.webp",100,100,true]},"uagb_author_info":{"display_name":"amorhome","author_link":"https:\/\/www.amorhomehardware.com\/pt\/author\/"},"uagb_comment_info":0,"uagb_excerpt":"Two Holes T bar Handle Round Tube Stainless Steel Handles Kitchen Bedroom Office Drawer Handles Material: 201 Stainless Steel Finish: Brushed Nickel\/Black\/Gold Type: Hollow \/Solid Diameter: 10mm\/ 12mm Length: 64*124mm\/ 96*156mm\/ 128*188mm\/ 160*220mm\/ 192*252mm\/ 224*284mm\/ 256*316mm\/ 320*380mm Accessories: Screws*2pcs (M4*25mm) Item No.: AP.4204","_links":{"self":[{"href":"https:\/\/www.amorhomehardware.com\/pt\/wp-json\/wp\/v2\/product\/932","targetHints":{"allow":["GET"]}}],"collection":[{"href":"https:\/\/www.amorhomehardware.com\/pt\/wp-json\/wp\/v2\/product"}],"about":[{"href":"https:\/\/www.amorhomehardware.com\/pt\/wp-json\/wp\/v2\/types\/product"}],"replies":[{"embeddable":true,"href":"https:\/\/www.amorhomehardware.com\/pt\/wp-json\/wp\/v2\/comments?post=932"}],"wp:featuredmedia":[{"embeddable":true,"href":"https:\/\/www.amorhomehardware.com\/pt\/wp-json\/wp\/v2\/media\/1530"}],"wp:attachment":[{"href":"https:\/\/www.amorhomehardware.com\/pt\/wp-json\/wp\/v2\/media?parent=932"}],"wp:term":[{"taxonomy":"product_brand","embeddable":true,"href":"https:\/\/www.amorhomehardware.com\/pt\/wp-json\/wp\/v2\/product_brand?post=932"},{"taxonomy":"product_cat","embeddable":true,"href":"https:\/\/www.amorhomehardware.com\/pt\/wp-json\/wp\/v2\/product_cat?post=932"},{"taxonomy":"product_tag","embeddable":true,"href":"https:\/\/www.amorhomehardware.com\/pt\/wp-json\/wp\/v2\/product_tag?post=932"}],"curies":[{"name":"wp","href":"https:\/\/api.w.org\/{rel}","templated":true}]}}