{"id":895,"date":"2024-12-30T06:05:39","date_gmt":"2024-12-29T22:05:39","guid":{"rendered":"https:\/\/www.amorhomehardware.com\/?post_type=product&#038;p=895"},"modified":"2025-01-20T04:15:53","modified_gmt":"2025-01-19T20:15:53","slug":"drawer-locks","status":"publish","type":"product","link":"https:\/\/www.amorhomehardware.com\/pt\/produto\/drawer-locks\/","title":{"rendered":"Fechaduras de gaveta - AL.2100"},"content":{"rendered":"<p>\u3010Material\u3011The Drawer Lock construction is zinc alloy, galvanized surface, non-crude oil spraying process, and no paint, it is durable and has strong rust resistance<br \/>\n\u3010Function\u3011The lock body base is completely closed and firmly combined with the door, which is safe and reliable.<br \/>\n\u3010Installation\u3011With matching screws for fixing, route a recess in the back of the drawer so the face of the lock reaches all the way through, Lock body base is firmly combined with the door, safe and reliable.<\/p>","protected":false},"excerpt":{"rendered":"<p>Fechaduras de gaveta Fechaduras de arm\u00e1rio Fechaduras de secret\u00e1ria para mobili\u00e1rio dom\u00e9stico Roupeiro<br \/>\nMaterial: Ferro<br \/>\nAcabamento: Cromo \/ N\u00edquel<br \/>\nTamanho: D20x L21 mm<br \/>\nAcess\u00f3rios: 2 chaves, autocolante \"L\" opcional<br \/>\nEmbalagem: 1conjunto\/caixa,240conjuntos\/CTN<\/p>\n<p>N.\u00ba do artigo: AL.2100<\/p>","protected":false},"featured_media":1437,"comment_status":"closed","ping_status":"closed","template":"","meta":{"_seopress_robots_primary_cat":"","_seopress_titles_title":"","_seopress_titles_desc":"","_seopress_robots_index":"","_uag_custom_page_level_css":"","_joinchat":[]},"product_brand":[],"product_cat":[60,19],"product_tag":[],"class_list":{"0":"post-895","1":"product","2":"type-product","3":"status-publish","4":"has-post-thumbnail","6":"product_cat-drawer-locks","7":"product_cat-furniture-hardware","9":"first","10":"instock","11":"shipping-taxable","12":"product-type-simple"},"uagb_featured_image_src":{"full":["https:\/\/www.amorhomehardware.com\/wp-content\/uploads\/2024\/12\/AL.2100-management-drawer-lock.webp",1240,1360,false],"thumbnail":["https:\/\/www.amorhomehardware.com\/wp-content\/uploads\/2024\/12\/AL.2100-management-drawer-lock-150x150.webp",150,150,true],"medium":["https:\/\/www.amorhomehardware.com\/wp-content\/uploads\/2024\/12\/AL.2100-management-drawer-lock-274x300.webp",274,300,true],"medium_large":["https:\/\/www.amorhomehardware.com\/wp-content\/uploads\/2024\/12\/AL.2100-management-drawer-lock-768x842.webp",768,842,true],"large":["https:\/\/www.amorhomehardware.com\/wp-content\/uploads\/2024\/12\/AL.2100-management-drawer-lock-934x1024.webp",934,1024,true],"1536x1536":["https:\/\/www.amorhomehardware.com\/wp-content\/uploads\/2024\/12\/AL.2100-management-drawer-lock.webp",1240,1360,false],"2048x2048":["https:\/\/www.amorhomehardware.com\/wp-content\/uploads\/2024\/12\/AL.2100-management-drawer-lock.webp",1240,1360,false],"trp-custom-language-flag":["https:\/\/www.amorhomehardware.com\/wp-content\/uploads\/2024\/12\/AL.2100-management-drawer-lock.webp",11,12,false],"woocommerce_archive_thumbnail":["https:\/\/www.amorhomehardware.com\/wp-content\/uploads\/2024\/12\/AL.2100-management-drawer-lock-600x600.webp",600,600,true],"woocommerce_thumbnail":["https:\/\/www.amorhomehardware.com\/wp-content\/uploads\/2024\/12\/AL.2100-management-drawer-lock-600x600.webp",600,600,true],"woocommerce_single":["https:\/\/www.amorhomehardware.com\/wp-content\/uploads\/2024\/12\/AL.2100-management-drawer-lock-600x658.webp",600,658,true],"woocommerce_gallery_thumbnail":["https:\/\/www.amorhomehardware.com\/wp-content\/uploads\/2024\/12\/AL.2100-management-drawer-lock-100x100.webp",100,100,true]},"uagb_author_info":{"display_name":"amorhome","author_link":"https:\/\/www.amorhomehardware.com\/pt\/author\/"},"uagb_comment_info":0,"uagb_excerpt":"Drawer Locks Cabinet Locks Office Desk Locks for Home Furniture Wardrobe Material: Iron Finish: Chrome \/ Nickel Size: D20x L21 mm Accessories: 2 Keys, \"L\" Sticker optional Package: 1Set\/Box,240Sets\/CTN Item No.: AL.2100","_links":{"self":[{"href":"https:\/\/www.amorhomehardware.com\/pt\/wp-json\/wp\/v2\/product\/895","targetHints":{"allow":["GET"]}}],"collection":[{"href":"https:\/\/www.amorhomehardware.com\/pt\/wp-json\/wp\/v2\/product"}],"about":[{"href":"https:\/\/www.amorhomehardware.com\/pt\/wp-json\/wp\/v2\/types\/product"}],"replies":[{"embeddable":true,"href":"https:\/\/www.amorhomehardware.com\/pt\/wp-json\/wp\/v2\/comments?post=895"}],"wp:featuredmedia":[{"embeddable":true,"href":"https:\/\/www.amorhomehardware.com\/pt\/wp-json\/wp\/v2\/media\/1437"}],"wp:attachment":[{"href":"https:\/\/www.amorhomehardware.com\/pt\/wp-json\/wp\/v2\/media?parent=895"}],"wp:term":[{"taxonomy":"product_brand","embeddable":true,"href":"https:\/\/www.amorhomehardware.com\/pt\/wp-json\/wp\/v2\/product_brand?post=895"},{"taxonomy":"product_cat","embeddable":true,"href":"https:\/\/www.amorhomehardware.com\/pt\/wp-json\/wp\/v2\/product_cat?post=895"},{"taxonomy":"product_tag","embeddable":true,"href":"https:\/\/www.amorhomehardware.com\/pt\/wp-json\/wp\/v2\/product_tag?post=895"}],"curies":[{"name":"wp","href":"https:\/\/api.w.org\/{rel}","templated":true}]}}