{"id":886,"date":"2024-12-30T05:52:25","date_gmt":"2024-12-29T21:52:25","guid":{"rendered":"https:\/\/www.amorhomehardware.com\/?post_type=product&#038;p=886"},"modified":"2025-01-20T04:20:03","modified_gmt":"2025-01-19T20:20:03","slug":"over-the-door-clothes-towel-hook-racks-%e5%a4%8d%e5%88%b6","status":"publish","type":"product","link":"https:\/\/www.amorhomehardware.com\/pt\/produto\/over-the-door-clothes-towel-hook-racks-%e5%a4%8d%e5%88%b6\/","title":{"rendered":"Montante de parede Batente de porta em a\u00e7o inoxid\u00e1vel com magn\u00e9tico - AD.0004"},"content":{"rendered":"<p>\u3010Material\u3011The door stopper is made of high-quality stainless steel, solid and durable, you would be surprised how Long-Lasting it will be. It can protect your door handle from damaging the wall, effectively preventing naughty pets and children from closing the door rudely, and causing damage to the door and wall.<br \/>\n\u3010Application\u3011The Hinge is widely used in the Kitchen, Bathroom, Home Office, Living Room, Bedroom Dining etc<\/p>","protected":false},"excerpt":{"rendered":"<p>Batente de porta de a\u00e7o inoxid\u00e1vel com bom magn\u00e9tico para casa de banho, sala de estar, cozinha<br \/>\nMaterial: A\u00e7o inoxid\u00e1vel<br \/>\nAcabamento: N\u00edquel escovado<br \/>\nTamanho: Altura 75mm<br \/>\nAcess\u00f3rios opcionais: Parafusos<\/p>\n<p>N\u00famero do artigo: AD.0004<\/p>","protected":false},"featured_media":1503,"comment_status":"closed","ping_status":"closed","template":"","meta":{"_seopress_robots_primary_cat":"","_seopress_titles_title":"","_seopress_titles_desc":"","_seopress_robots_index":"","_uag_custom_page_level_css":"","_joinchat":[]},"product_brand":[],"product_cat":[59,19],"product_tag":[],"class_list":{"0":"post-886","1":"product","2":"type-product","3":"status-publish","4":"has-post-thumbnail","6":"product_cat-door-accessories","7":"product_cat-furniture-hardware","9":"first","10":"instock","11":"shipping-taxable","12":"product-type-simple"},"uagb_featured_image_src":{"full":["https:\/\/www.amorhomehardware.com\/wp-content\/uploads\/2024\/12\/AD.0004-door-stopper.webp",1240,1360,false],"thumbnail":["https:\/\/www.amorhomehardware.com\/wp-content\/uploads\/2024\/12\/AD.0004-door-stopper-150x150.webp",150,150,true],"medium":["https:\/\/www.amorhomehardware.com\/wp-content\/uploads\/2024\/12\/AD.0004-door-stopper-274x300.webp",274,300,true],"medium_large":["https:\/\/www.amorhomehardware.com\/wp-content\/uploads\/2024\/12\/AD.0004-door-stopper-768x842.webp",768,842,true],"large":["https:\/\/www.amorhomehardware.com\/wp-content\/uploads\/2024\/12\/AD.0004-door-stopper-934x1024.webp",934,1024,true],"1536x1536":["https:\/\/www.amorhomehardware.com\/wp-content\/uploads\/2024\/12\/AD.0004-door-stopper.webp",1240,1360,false],"2048x2048":["https:\/\/www.amorhomehardware.com\/wp-content\/uploads\/2024\/12\/AD.0004-door-stopper.webp",1240,1360,false],"trp-custom-language-flag":["https:\/\/www.amorhomehardware.com\/wp-content\/uploads\/2024\/12\/AD.0004-door-stopper.webp",11,12,false],"woocommerce_archive_thumbnail":["https:\/\/www.amorhomehardware.com\/wp-content\/uploads\/2024\/12\/AD.0004-door-stopper-600x600.webp",600,600,true],"woocommerce_thumbnail":["https:\/\/www.amorhomehardware.com\/wp-content\/uploads\/2024\/12\/AD.0004-door-stopper-600x600.webp",600,600,true],"woocommerce_single":["https:\/\/www.amorhomehardware.com\/wp-content\/uploads\/2024\/12\/AD.0004-door-stopper-600x658.webp",600,658,true],"woocommerce_gallery_thumbnail":["https:\/\/www.amorhomehardware.com\/wp-content\/uploads\/2024\/12\/AD.0004-door-stopper-100x100.webp",100,100,true]},"uagb_author_info":{"display_name":"amorhome","author_link":"https:\/\/www.amorhomehardware.com\/pt\/author\/"},"uagb_comment_info":0,"uagb_excerpt":"Stainless Steel Door Stopper Door Catches With Good Magnetic for bathroom living room kitchen Material: Stainless Steel Finish: Brushed Nickel Size: Height 75mm Accessories Optional: Screws Item No.: AD.0004","_links":{"self":[{"href":"https:\/\/www.amorhomehardware.com\/pt\/wp-json\/wp\/v2\/product\/886","targetHints":{"allow":["GET"]}}],"collection":[{"href":"https:\/\/www.amorhomehardware.com\/pt\/wp-json\/wp\/v2\/product"}],"about":[{"href":"https:\/\/www.amorhomehardware.com\/pt\/wp-json\/wp\/v2\/types\/product"}],"replies":[{"embeddable":true,"href":"https:\/\/www.amorhomehardware.com\/pt\/wp-json\/wp\/v2\/comments?post=886"}],"wp:featuredmedia":[{"embeddable":true,"href":"https:\/\/www.amorhomehardware.com\/pt\/wp-json\/wp\/v2\/media\/1503"}],"wp:attachment":[{"href":"https:\/\/www.amorhomehardware.com\/pt\/wp-json\/wp\/v2\/media?parent=886"}],"wp:term":[{"taxonomy":"product_brand","embeddable":true,"href":"https:\/\/www.amorhomehardware.com\/pt\/wp-json\/wp\/v2\/product_brand?post=886"},{"taxonomy":"product_cat","embeddable":true,"href":"https:\/\/www.amorhomehardware.com\/pt\/wp-json\/wp\/v2\/product_cat?post=886"},{"taxonomy":"product_tag","embeddable":true,"href":"https:\/\/www.amorhomehardware.com\/pt\/wp-json\/wp\/v2\/product_tag?post=886"}],"curies":[{"name":"wp","href":"https:\/\/api.w.org\/{rel}","templated":true}]}}