{"id":869,"date":"2024-12-30T05:22:59","date_gmt":"2024-12-29T21:22:59","guid":{"rendered":"https:\/\/www.amorhomehardware.com\/?post_type=product&#038;p=869"},"modified":"2025-01-20T04:35:28","modified_gmt":"2025-01-19T20:35:28","slug":"bed-connecting-bracket-bed-hinge","status":"publish","type":"product","link":"https:\/\/www.amorhomehardware.com\/pt\/produto\/bed-connecting-bracket-bed-hinge\/","title":{"rendered":"Suporte de liga\u00e7\u00e3o da cama Dobradi\u00e7a da cama - AH.9201"},"content":{"rendered":"<p>\u3010Material\u3011 Durable galvanized steel has a good rust- resistance.<br \/>\n\u3010Design\u3011Keep your bed stable. Prevent it from wobbling and creaking.<br \/>\n\u3010Installation\u3011Non-mortise, use the screwdriver to mount the bed rail fittings on your bed frame. Finish the installation by yourself.<\/p>","protected":false},"excerpt":{"rendered":"<p>Suportes para calhas de cama Acess\u00f3rios para calhas de cama sem arestas para camas de madeira Conectores de estrutura de cama Dobradi\u00e7a de cama<br \/>\nMaterial: A\u00e7o<br \/>\nAcabamento: Liga de zinco<br \/>\nTamanho: L91*33*H26.5MM<\/p>\n<p>N.\u00ba do artigo: AH.9201<\/p>","protected":false},"featured_media":1557,"comment_status":"closed","ping_status":"closed","template":"","meta":{"_seopress_robots_primary_cat":"","_seopress_titles_title":"","_seopress_titles_desc":"","_seopress_robots_index":"","_uag_custom_page_level_css":"","_joinchat":[]},"product_brand":[],"product_cat":[28,19],"product_tag":[],"class_list":{"0":"post-869","1":"product","2":"type-product","3":"status-publish","4":"has-post-thumbnail","6":"product_cat-cabinet-hinges","7":"product_cat-furniture-hardware","9":"first","10":"instock","11":"shipping-taxable","12":"product-type-simple"},"uagb_featured_image_src":{"full":["https:\/\/www.amorhomehardware.com\/wp-content\/uploads\/2024\/12\/AH.9201-bed-hinge-2-1.webp",1240,1360,false],"thumbnail":["https:\/\/www.amorhomehardware.com\/wp-content\/uploads\/2024\/12\/AH.9201-bed-hinge-2-1-150x150.webp",150,150,true],"medium":["https:\/\/www.amorhomehardware.com\/wp-content\/uploads\/2024\/12\/AH.9201-bed-hinge-2-1-274x300.webp",274,300,true],"medium_large":["https:\/\/www.amorhomehardware.com\/wp-content\/uploads\/2024\/12\/AH.9201-bed-hinge-2-1-768x842.webp",768,842,true],"large":["https:\/\/www.amorhomehardware.com\/wp-content\/uploads\/2024\/12\/AH.9201-bed-hinge-2-1-934x1024.webp",934,1024,true],"1536x1536":["https:\/\/www.amorhomehardware.com\/wp-content\/uploads\/2024\/12\/AH.9201-bed-hinge-2-1.webp",1240,1360,false],"2048x2048":["https:\/\/www.amorhomehardware.com\/wp-content\/uploads\/2024\/12\/AH.9201-bed-hinge-2-1.webp",1240,1360,false],"trp-custom-language-flag":["https:\/\/www.amorhomehardware.com\/wp-content\/uploads\/2024\/12\/AH.9201-bed-hinge-2-1.webp",11,12,false],"woocommerce_archive_thumbnail":["https:\/\/www.amorhomehardware.com\/wp-content\/uploads\/2024\/12\/AH.9201-bed-hinge-2-1-600x600.webp",600,600,true],"woocommerce_thumbnail":["https:\/\/www.amorhomehardware.com\/wp-content\/uploads\/2024\/12\/AH.9201-bed-hinge-2-1-600x600.webp",600,600,true],"woocommerce_single":["https:\/\/www.amorhomehardware.com\/wp-content\/uploads\/2024\/12\/AH.9201-bed-hinge-2-1-600x658.webp",600,658,true],"woocommerce_gallery_thumbnail":["https:\/\/www.amorhomehardware.com\/wp-content\/uploads\/2024\/12\/AH.9201-bed-hinge-2-1-100x100.webp",100,100,true]},"uagb_author_info":{"display_name":"amorhome","author_link":"https:\/\/www.amorhomehardware.com\/pt\/author\/"},"uagb_comment_info":0,"uagb_excerpt":"Bed Rail Brackets Heavy Duty No-Mortise Bed Rail Fittings Wooden Bed Frame Connectors Bed hinge Material: Steel Finish: Zinc Alloy Size: L91*33*H26.5MM Item No.: AH.9201","_links":{"self":[{"href":"https:\/\/www.amorhomehardware.com\/pt\/wp-json\/wp\/v2\/product\/869","targetHints":{"allow":["GET"]}}],"collection":[{"href":"https:\/\/www.amorhomehardware.com\/pt\/wp-json\/wp\/v2\/product"}],"about":[{"href":"https:\/\/www.amorhomehardware.com\/pt\/wp-json\/wp\/v2\/types\/product"}],"replies":[{"embeddable":true,"href":"https:\/\/www.amorhomehardware.com\/pt\/wp-json\/wp\/v2\/comments?post=869"}],"wp:featuredmedia":[{"embeddable":true,"href":"https:\/\/www.amorhomehardware.com\/pt\/wp-json\/wp\/v2\/media\/1557"}],"wp:attachment":[{"href":"https:\/\/www.amorhomehardware.com\/pt\/wp-json\/wp\/v2\/media?parent=869"}],"wp:term":[{"taxonomy":"product_brand","embeddable":true,"href":"https:\/\/www.amorhomehardware.com\/pt\/wp-json\/wp\/v2\/product_brand?post=869"},{"taxonomy":"product_cat","embeddable":true,"href":"https:\/\/www.amorhomehardware.com\/pt\/wp-json\/wp\/v2\/product_cat?post=869"},{"taxonomy":"product_tag","embeddable":true,"href":"https:\/\/www.amorhomehardware.com\/pt\/wp-json\/wp\/v2\/product_tag?post=869"}],"curies":[{"name":"wp","href":"https:\/\/api.w.org\/{rel}","templated":true}]}}