{"id":802,"date":"2024-12-30T03:51:13","date_gmt":"2024-12-29T19:51:13","guid":{"rendered":"https:\/\/www.amorhomehardware.com\/?post_type=product&#038;p=802"},"modified":"2025-01-20T04:59:05","modified_gmt":"2025-01-19T20:59:05","slug":"35mm-two-way-cabinet-hinges-with-fiexed-on-base","status":"publish","type":"product","link":"https:\/\/www.amorhomehardware.com\/pt\/produto\/35mm-two-way-cabinet-hinges-with-fiexed-on-base\/","title":{"rendered":"Dobradi\u00e7as para arm\u00e1rios de duas vias de 35 mm com base fixa - AH.2109"},"content":{"rendered":"<p>\u3010Material\u3011 The hinge is made of cold rolled steel with high hardness, is anti-rust resistant, and does not deform easily which has a long lifetime<br \/>\n\u3010Installation\u3011 With a Clip-on base and 2 adjustable screws, the hinge is easier to be installed and ensures your cabinet panel is properly aligned<br \/>\n\u3010Application\u3011The hinge is widely used in various cabinets, wardrobes, and bookcases for homes, kitchens, and offices.<\/p>","protected":false},"excerpt":{"rendered":"<p>Dobradi\u00e7a para arm\u00e1rios de duas vias de 35 mm com base fixa Dobradi\u00e7a para arm\u00e1rios de sobreposi\u00e7\u00e3o total<br \/>\nMaterial: a\u00e7o laminado a frio<br \/>\nAcabamento: Niquelado<br \/>\nBase: fixa, 2 orif\u00edcios \/ 4 orif\u00edcios<br \/>\nDi\u00e2metro do copo: 35 mm, profundidade: 11,3 mm<br \/>\nOpening Angle: 100\u00b0<br \/>\nDist\u00e2ncia do furo do parafuso: 48mm<br \/>\nEspessura da porta do arm\u00e1rio dispon\u00edvel: 14-22 mm<br \/>\nAcess\u00f3rios opcionais: parafusos, tampa do copo, tampa do bra\u00e7o<br \/>\nMeia sobreposi\u00e7\u00e3o e estilo Insert opcional<br \/>\nAcess\u00f3rios opcionais: parafusos, tampa do copo, tampa do bra\u00e7o<br \/>\nMeia sobreposi\u00e7\u00e3o e estilo Insert opcional<\/p>\n<p>N.\u00ba do artigo: AH.2109 \/AH.2108 \/AH.2107<\/p>","protected":false},"featured_media":1579,"comment_status":"closed","ping_status":"closed","template":"","meta":{"_seopress_robots_primary_cat":"","_seopress_titles_title":"","_seopress_titles_desc":"","_seopress_robots_index":"","_uag_custom_page_level_css":"","_joinchat":[]},"product_brand":[],"product_cat":[28,19],"product_tag":[],"class_list":{"0":"post-802","1":"product","2":"type-product","3":"status-publish","4":"has-post-thumbnail","6":"product_cat-cabinet-hinges","7":"product_cat-furniture-hardware","9":"first","10":"instock","11":"shipping-taxable","12":"product-type-simple"},"uagb_featured_image_src":{"full":["https:\/\/www.amorhomehardware.com\/wp-content\/uploads\/2024\/12\/AH.2109-35mm-full-overlay-cabinet-hinge.webp",1240,1360,false],"thumbnail":["https:\/\/www.amorhomehardware.com\/wp-content\/uploads\/2024\/12\/AH.2109-35mm-full-overlay-cabinet-hinge-150x150.webp",150,150,true],"medium":["https:\/\/www.amorhomehardware.com\/wp-content\/uploads\/2024\/12\/AH.2109-35mm-full-overlay-cabinet-hinge-274x300.webp",274,300,true],"medium_large":["https:\/\/www.amorhomehardware.com\/wp-content\/uploads\/2024\/12\/AH.2109-35mm-full-overlay-cabinet-hinge-768x842.webp",768,842,true],"large":["https:\/\/www.amorhomehardware.com\/wp-content\/uploads\/2024\/12\/AH.2109-35mm-full-overlay-cabinet-hinge-934x1024.webp",934,1024,true],"1536x1536":["https:\/\/www.amorhomehardware.com\/wp-content\/uploads\/2024\/12\/AH.2109-35mm-full-overlay-cabinet-hinge.webp",1240,1360,false],"2048x2048":["https:\/\/www.amorhomehardware.com\/wp-content\/uploads\/2024\/12\/AH.2109-35mm-full-overlay-cabinet-hinge.webp",1240,1360,false],"trp-custom-language-flag":["https:\/\/www.amorhomehardware.com\/wp-content\/uploads\/2024\/12\/AH.2109-35mm-full-overlay-cabinet-hinge.webp",11,12,false],"woocommerce_archive_thumbnail":["https:\/\/www.amorhomehardware.com\/wp-content\/uploads\/2024\/12\/AH.2109-35mm-full-overlay-cabinet-hinge-600x600.webp",600,600,true],"woocommerce_thumbnail":["https:\/\/www.amorhomehardware.com\/wp-content\/uploads\/2024\/12\/AH.2109-35mm-full-overlay-cabinet-hinge-600x600.webp",600,600,true],"woocommerce_single":["https:\/\/www.amorhomehardware.com\/wp-content\/uploads\/2024\/12\/AH.2109-35mm-full-overlay-cabinet-hinge-600x658.webp",600,658,true],"woocommerce_gallery_thumbnail":["https:\/\/www.amorhomehardware.com\/wp-content\/uploads\/2024\/12\/AH.2109-35mm-full-overlay-cabinet-hinge-100x100.webp",100,100,true]},"uagb_author_info":{"display_name":"amorhome","author_link":"https:\/\/www.amorhomehardware.com\/pt\/author\/"},"uagb_comment_info":0,"uagb_excerpt":"35mm Two-way Cabinet Hinge with fixed-on base Full Overlay cabinet hinge Material: cold-rolled steel Finish: Nickel Plated Base: fixed on, 2 holes \/ 4 holes Cup Diameter 35mm, Deepth:11.3mm Opening Angle: 100\u00b0 Screw Hole Distance: 48mm Available cabinet door thickness: 14-22mm Accessories optional: screws, cup cover, arm cover Half-overlay and Insert style optional Accessories optional:&hellip;","_links":{"self":[{"href":"https:\/\/www.amorhomehardware.com\/pt\/wp-json\/wp\/v2\/product\/802","targetHints":{"allow":["GET"]}}],"collection":[{"href":"https:\/\/www.amorhomehardware.com\/pt\/wp-json\/wp\/v2\/product"}],"about":[{"href":"https:\/\/www.amorhomehardware.com\/pt\/wp-json\/wp\/v2\/types\/product"}],"replies":[{"embeddable":true,"href":"https:\/\/www.amorhomehardware.com\/pt\/wp-json\/wp\/v2\/comments?post=802"}],"wp:featuredmedia":[{"embeddable":true,"href":"https:\/\/www.amorhomehardware.com\/pt\/wp-json\/wp\/v2\/media\/1579"}],"wp:attachment":[{"href":"https:\/\/www.amorhomehardware.com\/pt\/wp-json\/wp\/v2\/media?parent=802"}],"wp:term":[{"taxonomy":"product_brand","embeddable":true,"href":"https:\/\/www.amorhomehardware.com\/pt\/wp-json\/wp\/v2\/product_brand?post=802"},{"taxonomy":"product_cat","embeddable":true,"href":"https:\/\/www.amorhomehardware.com\/pt\/wp-json\/wp\/v2\/product_cat?post=802"},{"taxonomy":"product_tag","embeddable":true,"href":"https:\/\/www.amorhomehardware.com\/pt\/wp-json\/wp\/v2\/product_tag?post=802"}],"curies":[{"name":"wp","href":"https:\/\/api.w.org\/{rel}","templated":true}]}}