{"id":793,"date":"2024-12-30T02:33:42","date_gmt":"2024-12-29T18:33:42","guid":{"rendered":"https:\/\/www.amorhomehardware.com\/?post_type=product&#038;p=793"},"modified":"2025-04-01T18:06:01","modified_gmt":"2025-04-01T10:06:01","slug":"35mm-soft-closing-concealed-cabinet-hinges-with-fixed-on-base","status":"publish","type":"product","link":"https:\/\/www.amorhomehardware.com\/pt\/produto\/35mm-soft-closing-concealed-cabinet-hinges-with-fixed-on-base\/","title":{"rendered":"Dobradi\u00e7as para arm\u00e1rios de fecho suave de 35mm com base fixa - AH.1219"},"content":{"rendered":"<h2 class=\"ng-star-inserted\"><span class=\"ng-star-inserted\">Dobradi\u00e7as de arm\u00e1rio de fecho suave de 35 mm: Dur\u00e1veis, f\u00e1ceis de instalar e de funcionamento silencioso<\/span><\/h2>\n<p class=\"ng-star-inserted\"><span class=\"ng-star-inserted\">Melhore os seus arm\u00e1rios com as nossas dobradi\u00e7as para arm\u00e1rios de fecho suave de 35 mm! Concebidas para um fecho suave e silencioso e uma instala\u00e7\u00e3o f\u00e1cil, estas dobradi\u00e7as s\u00e3o perfeitas para cozinhas, casas de banho, roupeiros e muito mais. Experimente a diferen\u00e7a que o hardware de qualidade pode fazer na sua casa ou escrit\u00f3rio.<\/span><\/p>\n<h3 class=\"ng-star-inserted\"><span class=\"ng-star-inserted\">Carater\u00edsticas principais:<\/span><\/h3>\n<ul class=\"ng-star-inserted\">\n<li class=\"ng-star-inserted\">\n<p class=\"ng-star-inserted\"><strong class=\"ng-star-inserted\"><span class=\"ng-star-inserted\">Conce\u00e7\u00e3o:<\/span><\/strong><span class=\"ng-star-inserted\">\u00a0Dobradi\u00e7a de arm\u00e1rio de fecho suave de 35 mm com base fixa, sobreposi\u00e7\u00e3o total, dobradi\u00e7as ocultas, mecanismo de fecho lento.<\/span><\/p>\n<\/li>\n<li class=\"ng-star-inserted\">\n<p class=\"ng-star-inserted\"><strong class=\"ng-star-inserted\"><span class=\"ng-star-inserted\">Material:<\/span><\/strong><span class=\"ng-star-inserted\"> Constru\u00eddas em a\u00e7o laminado a frio de elevada dureza para uma durabilidade superior, resist\u00eancia \u00e0 ferrugem e desempenho duradouro. Estas dobradi\u00e7as n\u00e3o se deformam facilmente, garantindo anos de utiliza\u00e7\u00e3o fi\u00e1vel.<\/span><\/p>\n<\/li>\n<li class=\"ng-star-inserted\">\n<p class=\"ng-star-inserted\"><strong class=\"ng-star-inserted\"><span class=\"ng-star-inserted\">Funcionalidade:<\/span><\/strong><span class=\"ng-star-inserted\">\u00a0Possui uma mola met\u00e1lica hidr\u00e1ulica incorporada que garante uma a\u00e7\u00e3o de fecho do arm\u00e1rio suave, lenta e silenciosa. Diga adeus \u00e0s portas que batem e aos arm\u00e1rios ruidosos!<\/span><\/p>\n<\/li>\n<li class=\"ng-star-inserted\">\n<p class=\"ng-star-inserted\"><strong class=\"ng-star-inserted\"><span class=\"ng-star-inserted\">Instala\u00e7\u00e3o:<\/span><\/strong><span class=\"ng-star-inserted\">\u00a0Equipado com 2 parafusos ajust\u00e1veis para uma instala\u00e7\u00e3o f\u00e1cil e precisa. Obtenha um alinhamento correto do painel do arm\u00e1rio e desfrute de uma a\u00e7\u00e3o de abertura e fecho suave sem esfor\u00e7o.<\/span><\/p>\n<\/li>\n<li class=\"ng-star-inserted\">\n<p class=\"ng-star-inserted\"><strong class=\"ng-star-inserted\"><span class=\"ng-star-inserted\">Aplica\u00e7\u00e3o:<\/span><\/strong><span class=\"ng-star-inserted\">\u00a0Ideal para uma vasta gama de aplica\u00e7\u00f5es, incluindo arm\u00e1rios, roupeiros e estantes em casas, cozinhas, escrit\u00f3rios e projectos de mobili\u00e1rio.<\/span><\/p>\n<\/li>\n<\/ul>\n<h3 class=\"ng-star-inserted\"><span class=\"ng-star-inserted\">A diferen\u00e7a da Amor Home: Porqu\u00ea escolher as nossas dobradi\u00e7as?<\/span><\/h3>\n<p class=\"ng-star-inserted\"><span class=\"ng-star-inserted\">As nossas dobradi\u00e7as de arm\u00e1rio de fecho suave s\u00e3o concebidas tendo em conta a funcionalidade e a est\u00e9tica. Utilizamos apenas materiais da mais elevada qualidade para garantir durabilidade e longevidade. O mecanismo de fecho suave evita as pancadas, protegendo os seus arm\u00e1rios e reduzindo o ru\u00eddo. Os parafusos ajust\u00e1veis facilitam a instala\u00e7\u00e3o, mesmo para os entusiastas da bricolage.<\/span><\/p>\n<h3 class=\"ng-star-inserted\"><span class=\"ng-star-inserted\">Carater\u00edsticas da dobradi\u00e7a<\/span><\/h3>\n<div class=\"table-container ng-star-inserted\">\n<table style=\"height: 247px;\" width=\"760\">\n<tbody>\n<tr class=\"table-header ng-star-inserted\">\n<td class=\"ng-star-inserted\"><span class=\"ng-star-inserted\">Carater\u00edstica<\/span><\/td>\n<td class=\"ng-star-inserted\"><span class=\"ng-star-inserted\">Descri\u00e7\u00e3o<\/span><\/td>\n<\/tr>\n<tr class=\"ng-star-inserted\">\n<td class=\"ng-star-inserted\"><span class=\"ng-star-inserted\">Tamanho do copo<\/span><\/td>\n<td class=\"ng-star-inserted\"><span class=\"ng-star-inserted\">35mm<\/span><\/td>\n<\/tr>\n<tr class=\"ng-star-inserted\">\n<td class=\"ng-star-inserted\"><span class=\"ng-star-inserted\">Tipo de fecho<\/span><\/td>\n<td class=\"ng-star-inserted\"><span class=\"ng-star-inserted\">Fecho suave (fecho lento)<\/span><\/td>\n<\/tr>\n<tr class=\"ng-star-inserted\">\n<td class=\"ng-star-inserted\"><span class=\"ng-star-inserted\">Sobreposi\u00e7\u00e3o<\/span><\/td>\n<td class=\"ng-star-inserted\"><span class=\"ng-star-inserted\">Sobreposi\u00e7\u00e3o total<\/span><\/td>\n<\/tr>\n<tr class=\"ng-star-inserted\">\n<td class=\"ng-star-inserted\"><span class=\"ng-star-inserted\">Base<\/span><\/td>\n<td class=\"ng-star-inserted\"><span class=\"ng-star-inserted\">Fixo<\/span><\/td>\n<\/tr>\n<tr class=\"ng-star-inserted\">\n<td class=\"ng-star-inserted\"><span class=\"ng-star-inserted\">Material<\/span><\/td>\n<td class=\"ng-star-inserted\"><span class=\"ng-star-inserted\">A\u00e7o laminado a frio<\/span><\/td>\n<\/tr>\n<tr class=\"ng-star-inserted\">\n<td class=\"ng-star-inserted\"><span class=\"ng-star-inserted\">Parafusos ajust\u00e1veis<\/span><\/td>\n<td class=\"ng-star-inserted\"><span class=\"ng-star-inserted\">2 (para facilitar o alinhamento) opcional<\/span><\/td>\n<\/tr>\n<tr class=\"ng-star-inserted\">\n<td class=\"ng-star-inserted\">Utiliza\u00e7\u00e3o ideal<\/td>\n<td class=\"ng-star-inserted\"><span class=\"ng-star-inserted\">Arm\u00e1rios, roupeiros, estantes, cozinhas, casas de banho, escrit\u00f3rios, projectos de mobili\u00e1rio<\/span><\/td>\n<\/tr>\n<\/tbody>\n<\/table>\n<\/div>\n<h3 class=\"ng-star-inserted\"><span class=\"ng-star-inserted\">Informa\u00e7\u00f5es de envio<\/span><\/h3>\n<ul class=\"ng-star-inserted\">\n<li class=\"ng-star-inserted\">\n<p class=\"ng-star-inserted\"><strong class=\"ng-star-inserted\"><span class=\"ng-star-inserted\">Prazo de entrega:<\/span><\/strong><\/p>\n<ul class=\"ng-star-inserted\">\n<li class=\"ng-star-inserted\">\n<p class=\"ng-star-inserted\"><span class=\"ng-star-inserted\">Amostras: 2 dias<\/span><\/p>\n<\/li>\n<li class=\"ng-star-inserted\">\n<p class=\"ng-star-inserted\"><span class=\"ng-star-inserted\">Produ\u00e7\u00e3o em massa: 15-40 dias<\/span><\/p>\n<\/li>\n<\/ul>\n<\/li>\n<\/ul>\n<h3 class=\"ng-star-inserted\"><span class=\"ng-star-inserted\">O nosso compromisso para consigo: O que oferecemos<\/span><\/h3>\n<p class=\"ng-star-inserted\"><span class=\"ng-star-inserted\">Na Amor Home, dedicamo-nos a fornecer produtos e servi\u00e7os excepcionais.<\/span><\/p>\n<ul class=\"ng-star-inserted\">\n<li class=\"ng-star-inserted\">\n<p class=\"ng-star-inserted\"><strong class=\"ng-star-inserted\"><span class=\"ng-star-inserted\">Servi\u00e7o OEM\/ODM:<\/span><\/strong><span class=\"ng-star-inserted\">\u00a0A nossa experiente equipa de I&amp;D est\u00e1 pronta para satisfazer as suas necessidades personalizadas. Oferecemos solu\u00e7\u00f5es \u00e0 medida para log\u00f3tipo, cor, embalagem e muito mais.<\/span><\/p>\n<\/li>\n<li class=\"ng-star-inserted\">\n<p class=\"ng-star-inserted\"><strong class=\"ng-star-inserted\"><span class=\"ng-star-inserted\">Produto de alta qualidade:<\/span><\/strong><span class=\"ng-star-inserted\">\u00a0Todos os nossos produtos cumprem os requisitos CE\/RoHS, garantindo seguran\u00e7a e desempenho.<\/span><\/p>\n<\/li>\n<li class=\"ng-star-inserted\">\n<p class=\"ng-star-inserted\"><strong class=\"ng-star-inserted\"><span class=\"ng-star-inserted\">Entrega flex\u00edvel:<\/span><\/strong><span class=\"ng-star-inserted\">\u00a0Oferecemos v\u00e1rias op\u00e7\u00f5es de envio, incluindo DHL\/UPS\/FedEx\/TNT\/Mar\u00edtimo\/Ferrovi\u00e1rio, para satisfazer os seus requisitos de entrega espec\u00edficos.<\/span><\/p>\n<\/li>\n<li class=\"ng-star-inserted\">\n<p class=\"ng-star-inserted\"><strong class=\"ng-star-inserted\"><span class=\"ng-star-inserted\">Servi\u00e7o p\u00f3s-venda:<\/span><\/strong><span class=\"ng-star-inserted\">\u00a0Fornecemos um apoio de resposta r\u00e1pida 7*24 se tiver quaisquer quest\u00f5es ou preocupa\u00e7\u00f5es. Os nossos p\u00e9s ajust\u00e1veis t\u00eam uma garantia de 1 ano para sua tranquilidade.<\/span><\/p>\n<\/li>\n<\/ul>\n<p class=\"ng-star-inserted\"><span class=\"ng-star-inserted\">Actualize os seus arm\u00e1rios hoje mesmo com as nossas dobradi\u00e7as para arm\u00e1rios de fecho suave de 35 mm e experimente a diferen\u00e7a em termos de qualidade e desempenho!<\/span><\/p>","protected":false},"excerpt":{"rendered":"<p>Material: a\u00e7o laminado a frio<br \/>\nAcabamento: Niquelado<br \/>\nBase: 4 furos, tipo fixo<br \/>\nDi\u00e2metro do copo: 35 mm, profundidade: 11,3 mm<br \/>\nOpening Angle: 105\u00b0<br \/>\nDist\u00e2ncia do furo do parafuso: 48mm<br \/>\nEspessura da porta do arm\u00e1rio dispon\u00edvel: 14-22 mm<br \/>\nAcess\u00f3rios opcionais: parafusos, tampa do copo, tampa do bra\u00e7o<br \/>\nMeia sobreposi\u00e7\u00e3o e estilo Insert opcional<\/p>\n<p>N.\u00ba do artigo: AH.1219\/ AH.1218\/ AH.1217<\/p>","protected":false},"featured_media":1572,"comment_status":"closed","ping_status":"closed","template":"","meta":{"_seopress_robots_primary_cat":"none","_seopress_titles_title":"","_seopress_titles_desc":"","_seopress_robots_index":"","_uag_custom_page_level_css":"","_joinchat":[]},"product_brand":[],"product_cat":[28,19],"product_tag":[],"class_list":{"0":"post-793","1":"product","2":"type-product","3":"status-publish","4":"has-post-thumbnail","6":"product_cat-cabinet-hinges","7":"product_cat-furniture-hardware","9":"first","10":"instock","11":"shipping-taxable","12":"product-type-simple"},"uagb_featured_image_src":{"full":["https:\/\/www.amorhomehardware.com\/wp-content\/uploads\/2024\/12\/AH.1219-soft-closing-hinge-2.webp",1240,1360,false],"thumbnail":["https:\/\/www.amorhomehardware.com\/wp-content\/uploads\/2024\/12\/AH.1219-soft-closing-hinge-2-150x150.webp",150,150,true],"medium":["https:\/\/www.amorhomehardware.com\/wp-content\/uploads\/2024\/12\/AH.1219-soft-closing-hinge-2-274x300.webp",274,300,true],"medium_large":["https:\/\/www.amorhomehardware.com\/wp-content\/uploads\/2024\/12\/AH.1219-soft-closing-hinge-2-768x842.webp",768,842,true],"large":["https:\/\/www.amorhomehardware.com\/wp-content\/uploads\/2024\/12\/AH.1219-soft-closing-hinge-2-934x1024.webp",934,1024,true],"1536x1536":["https:\/\/www.amorhomehardware.com\/wp-content\/uploads\/2024\/12\/AH.1219-soft-closing-hinge-2.webp",1240,1360,false],"2048x2048":["https:\/\/www.amorhomehardware.com\/wp-content\/uploads\/2024\/12\/AH.1219-soft-closing-hinge-2.webp",1240,1360,false],"trp-custom-language-flag":["https:\/\/www.amorhomehardware.com\/wp-content\/uploads\/2024\/12\/AH.1219-soft-closing-hinge-2.webp",11,12,false],"woocommerce_archive_thumbnail":["https:\/\/www.amorhomehardware.com\/wp-content\/uploads\/2024\/12\/AH.1219-soft-closing-hinge-2-600x600.webp",600,600,true],"woocommerce_thumbnail":["https:\/\/www.amorhomehardware.com\/wp-content\/uploads\/2024\/12\/AH.1219-soft-closing-hinge-2-600x600.webp",600,600,true],"woocommerce_single":["https:\/\/www.amorhomehardware.com\/wp-content\/uploads\/2024\/12\/AH.1219-soft-closing-hinge-2-600x658.webp",600,658,true],"woocommerce_gallery_thumbnail":["https:\/\/www.amorhomehardware.com\/wp-content\/uploads\/2024\/12\/AH.1219-soft-closing-hinge-2-100x100.webp",100,100,true]},"uagb_author_info":{"display_name":"amorhome","author_link":"https:\/\/www.amorhomehardware.com\/pt\/author\/"},"uagb_comment_info":0,"uagb_excerpt":"Material: cold-rolled steel Finish: Nickel Plated Base: 4 holes, fixed-on type Cup Diameter 35mm, Deepth:11.3mm Opening Angle: 105\u00b0 Screw Hole Distance: 48mm Available cabinet door thickness: 14-22mm Accessories optional: screws, cup cover, arm cover Half-overlay and Insert style optional Item No.: AH.1219\/ AH.1218\/ AH.1217","_links":{"self":[{"href":"https:\/\/www.amorhomehardware.com\/pt\/wp-json\/wp\/v2\/product\/793","targetHints":{"allow":["GET"]}}],"collection":[{"href":"https:\/\/www.amorhomehardware.com\/pt\/wp-json\/wp\/v2\/product"}],"about":[{"href":"https:\/\/www.amorhomehardware.com\/pt\/wp-json\/wp\/v2\/types\/product"}],"replies":[{"embeddable":true,"href":"https:\/\/www.amorhomehardware.com\/pt\/wp-json\/wp\/v2\/comments?post=793"}],"wp:featuredmedia":[{"embeddable":true,"href":"https:\/\/www.amorhomehardware.com\/pt\/wp-json\/wp\/v2\/media\/1572"}],"wp:attachment":[{"href":"https:\/\/www.amorhomehardware.com\/pt\/wp-json\/wp\/v2\/media?parent=793"}],"wp:term":[{"taxonomy":"product_brand","embeddable":true,"href":"https:\/\/www.amorhomehardware.com\/pt\/wp-json\/wp\/v2\/product_brand?post=793"},{"taxonomy":"product_cat","embeddable":true,"href":"https:\/\/www.amorhomehardware.com\/pt\/wp-json\/wp\/v2\/product_cat?post=793"},{"taxonomy":"product_tag","embeddable":true,"href":"https:\/\/www.amorhomehardware.com\/pt\/wp-json\/wp\/v2\/product_tag?post=793"}],"curies":[{"name":"wp","href":"https:\/\/api.w.org\/{rel}","templated":true}]}}