{"id":406,"date":"2022-04-18T17:13:46","date_gmt":"2022-04-18T09:13:46","guid":{"rendered":"https:\/\/startersites.io\/blocksy\/home-decor\/?post_type=product&#038;p=406"},"modified":"2025-01-20T05:06:34","modified_gmt":"2025-01-19T21:06:34","slug":"fermentum-leovel","status":"publish","type":"product","link":"https:\/\/www.amorhomehardware.com\/pt\/produto\/fermentum-leovel\/","title":{"rendered":"Bra\u00e7adeira de canto de suportes met\u00e1licos de liga\u00e7\u00e3o em forma de L - AB.1205"},"content":{"rendered":"<p>\u3010 Structure\u3011 Right Angle Bracket for Mounting Shelves, designed to provide you with a heavy-duty and high precision 90-degree right angle mounting option for your shelves, reinforcing table-top-to-frames, and many other woodworking assembly projects<\/p>\n<p>\u3010Application\u3011 Suitable for Mounting Shelves, Cabinet, Chair, Tables, and Furniture Frame.<\/p>","protected":false},"excerpt":{"rendered":"<p>Suportes de liga\u00e7\u00e3o de cantos em forma de L Suportes de prateleiras de arm\u00e1rios, junta de 90 graus Suporte de m\u00f3veis em \u00e2ngulo reto<br \/>\nMaterial: A\u00e7o<br \/>\nAcabamento: Placa de n\u00edquel<br \/>\nTamanho: L37*H26*T1.0\/1.3 mm<\/p>\n<p>N.\u00ba do artigo: AB.1205<\/p>","protected":false},"featured_media":1395,"comment_status":"closed","ping_status":"closed","template":"","meta":{"_seopress_robots_primary_cat":"","_seopress_titles_title":"","_seopress_titles_desc":"","_seopress_robots_index":"","_uag_custom_page_level_css":"","_joinchat":[]},"product_brand":[],"product_cat":[52,23],"product_tag":[],"class_list":{"0":"post-406","1":"product","2":"type-product","3":"status-publish","4":"has-post-thumbnail","6":"product_cat-connecting-brackets-connecting-brackets","7":"product_cat-connectors-brackets","9":"first","10":"instock","11":"shipping-taxable","12":"product-type-simple"},"uagb_featured_image_src":{"full":["https:\/\/www.amorhomehardware.com\/wp-content\/uploads\/2024\/12\/AB.1205-amor-home-90-degree-corner-brace.webp",1240,1360,false],"thumbnail":["https:\/\/www.amorhomehardware.com\/wp-content\/uploads\/2024\/12\/AB.1205-amor-home-90-degree-corner-brace-150x150.webp",150,150,true],"medium":["https:\/\/www.amorhomehardware.com\/wp-content\/uploads\/2024\/12\/AB.1205-amor-home-90-degree-corner-brace-274x300.webp",274,300,true],"medium_large":["https:\/\/www.amorhomehardware.com\/wp-content\/uploads\/2024\/12\/AB.1205-amor-home-90-degree-corner-brace-768x842.webp",768,842,true],"large":["https:\/\/www.amorhomehardware.com\/wp-content\/uploads\/2024\/12\/AB.1205-amor-home-90-degree-corner-brace-934x1024.webp",934,1024,true],"1536x1536":["https:\/\/www.amorhomehardware.com\/wp-content\/uploads\/2024\/12\/AB.1205-amor-home-90-degree-corner-brace.webp",1240,1360,false],"2048x2048":["https:\/\/www.amorhomehardware.com\/wp-content\/uploads\/2024\/12\/AB.1205-amor-home-90-degree-corner-brace.webp",1240,1360,false],"trp-custom-language-flag":["https:\/\/www.amorhomehardware.com\/wp-content\/uploads\/2024\/12\/AB.1205-amor-home-90-degree-corner-brace.webp",11,12,false],"woocommerce_archive_thumbnail":["https:\/\/www.amorhomehardware.com\/wp-content\/uploads\/2024\/12\/AB.1205-amor-home-90-degree-corner-brace-600x600.webp",600,600,true],"woocommerce_thumbnail":["https:\/\/www.amorhomehardware.com\/wp-content\/uploads\/2024\/12\/AB.1205-amor-home-90-degree-corner-brace-600x600.webp",600,600,true],"woocommerce_single":["https:\/\/www.amorhomehardware.com\/wp-content\/uploads\/2024\/12\/AB.1205-amor-home-90-degree-corner-brace-600x658.webp",600,658,true],"woocommerce_gallery_thumbnail":["https:\/\/www.amorhomehardware.com\/wp-content\/uploads\/2024\/12\/AB.1205-amor-home-90-degree-corner-brace-100x100.webp",100,100,true]},"uagb_author_info":{"display_name":"amorhome","author_link":"https:\/\/www.amorhomehardware.com\/pt\/author\/"},"uagb_comment_info":0,"uagb_excerpt":"L shape corner connecting brackets Cabinet shelf brackets, 90 Degree Joint Right Angle Furniture Bracket Material: Steel Finish: Nickel Plate Size: L37*H26*T1.0\/1.3 mm Item No.: AB.1205","_links":{"self":[{"href":"https:\/\/www.amorhomehardware.com\/pt\/wp-json\/wp\/v2\/product\/406","targetHints":{"allow":["GET"]}}],"collection":[{"href":"https:\/\/www.amorhomehardware.com\/pt\/wp-json\/wp\/v2\/product"}],"about":[{"href":"https:\/\/www.amorhomehardware.com\/pt\/wp-json\/wp\/v2\/types\/product"}],"replies":[{"embeddable":true,"href":"https:\/\/www.amorhomehardware.com\/pt\/wp-json\/wp\/v2\/comments?post=406"}],"wp:featuredmedia":[{"embeddable":true,"href":"https:\/\/www.amorhomehardware.com\/pt\/wp-json\/wp\/v2\/media\/1395"}],"wp:attachment":[{"href":"https:\/\/www.amorhomehardware.com\/pt\/wp-json\/wp\/v2\/media?parent=406"}],"wp:term":[{"taxonomy":"product_brand","embeddable":true,"href":"https:\/\/www.amorhomehardware.com\/pt\/wp-json\/wp\/v2\/product_brand?post=406"},{"taxonomy":"product_cat","embeddable":true,"href":"https:\/\/www.amorhomehardware.com\/pt\/wp-json\/wp\/v2\/product_cat?post=406"},{"taxonomy":"product_tag","embeddable":true,"href":"https:\/\/www.amorhomehardware.com\/pt\/wp-json\/wp\/v2\/product_tag?post=406"}],"curies":[{"name":"wp","href":"https:\/\/api.w.org\/{rel}","templated":true}]}}