{"id":2086,"date":"2025-02-17T16:31:10","date_gmt":"2025-02-17T08:31:10","guid":{"rendered":"https:\/\/www.amorhomehardware.com\/?post_type=product&#038;p=2086"},"modified":"2025-02-17T16:42:11","modified_gmt":"2025-02-17T08:42:11","slug":"furniture-castor-wheel-without-brake-ar-3005","status":"publish","type":"product","link":"https:\/\/www.amorhomehardware.com\/pt\/produto\/furniture-castor-wheel-without-brake-ar-3005\/","title":{"rendered":"Roda de rod\u00edzio para m\u00f3veis sem trav\u00e3o - AR.3005"},"content":{"rendered":"<p>\u3010Design\u3011 With metal plate, The casters can be installed into the bottom of lightweight furniture and displays.<br \/>\n\u3010Application\u3011 For furniture, carts, trolleys, shelves, file cabinets, kitchen cabinets, baby cribs, etc.<\/p>","protected":false},"excerpt":{"rendered":"<p>Roda para m\u00f3veis sem trav\u00e3o<br \/>\nMaterial: a\u00e7o+pu<br \/>\nAcabamento: eletroforese preta, cromado<br \/>\ntamanho: 1,5\u2033 \/ 2\u2033 \/ 2,5\u2033 \/ 3\u2033<\/p>\n<p><strong>N.\u00ba do artigo: AR.3005<\/strong><\/p>","protected":false},"featured_media":2066,"comment_status":"closed","ping_status":"closed","template":"","meta":{"_seopress_robots_primary_cat":"","_seopress_titles_title":"","_seopress_titles_desc":"","_seopress_robots_index":"","_uag_custom_page_level_css":"","_joinchat":[]},"product_brand":[],"product_cat":[61,19],"product_tag":[],"class_list":{"0":"post-2086","1":"product","2":"type-product","3":"status-publish","4":"has-post-thumbnail","6":"product_cat-castor-wheels","7":"product_cat-furniture-hardware","9":"first","10":"instock","11":"shipping-taxable","12":"product-type-simple"},"uagb_featured_image_src":{"full":["https:\/\/www.amorhomehardware.com\/wp-content\/uploads\/2025\/02\/AR.3005-Amor-home-furniture-castor.webp",630,630,false],"thumbnail":["https:\/\/www.amorhomehardware.com\/wp-content\/uploads\/2025\/02\/AR.3005-Amor-home-furniture-castor-150x150.webp",150,150,true],"medium":["https:\/\/www.amorhomehardware.com\/wp-content\/uploads\/2025\/02\/AR.3005-Amor-home-furniture-castor-300x300.webp",300,300,true],"medium_large":["https:\/\/www.amorhomehardware.com\/wp-content\/uploads\/2025\/02\/AR.3005-Amor-home-furniture-castor.webp",630,630,false],"large":["https:\/\/www.amorhomehardware.com\/wp-content\/uploads\/2025\/02\/AR.3005-Amor-home-furniture-castor.webp",630,630,false],"1536x1536":["https:\/\/www.amorhomehardware.com\/wp-content\/uploads\/2025\/02\/AR.3005-Amor-home-furniture-castor.webp",630,630,false],"2048x2048":["https:\/\/www.amorhomehardware.com\/wp-content\/uploads\/2025\/02\/AR.3005-Amor-home-furniture-castor.webp",630,630,false],"trp-custom-language-flag":["https:\/\/www.amorhomehardware.com\/wp-content\/uploads\/2025\/02\/AR.3005-Amor-home-furniture-castor-12x12.webp",12,12,true],"woocommerce_archive_thumbnail":["https:\/\/www.amorhomehardware.com\/wp-content\/uploads\/2025\/02\/AR.3005-Amor-home-furniture-castor-600x600.webp",600,600,true],"woocommerce_thumbnail":["https:\/\/www.amorhomehardware.com\/wp-content\/uploads\/2025\/02\/AR.3005-Amor-home-furniture-castor-600x600.webp",600,600,true],"woocommerce_single":["https:\/\/www.amorhomehardware.com\/wp-content\/uploads\/2025\/02\/AR.3005-Amor-home-furniture-castor-600x600.webp",600,600,true],"woocommerce_gallery_thumbnail":["https:\/\/www.amorhomehardware.com\/wp-content\/uploads\/2025\/02\/AR.3005-Amor-home-furniture-castor-100x100.webp",100,100,true]},"uagb_author_info":{"display_name":"amorhome","author_link":"https:\/\/www.amorhomehardware.com\/pt\/author\/"},"uagb_comment_info":0,"uagb_excerpt":"Furniture castor without brake Material: steel+pu Finish: black electrophoresis, chrome size: 1.5\" \/ 2\" \/ 2.5\" \/ 3\" Item No.: AR.3005","_links":{"self":[{"href":"https:\/\/www.amorhomehardware.com\/pt\/wp-json\/wp\/v2\/product\/2086","targetHints":{"allow":["GET"]}}],"collection":[{"href":"https:\/\/www.amorhomehardware.com\/pt\/wp-json\/wp\/v2\/product"}],"about":[{"href":"https:\/\/www.amorhomehardware.com\/pt\/wp-json\/wp\/v2\/types\/product"}],"replies":[{"embeddable":true,"href":"https:\/\/www.amorhomehardware.com\/pt\/wp-json\/wp\/v2\/comments?post=2086"}],"wp:featuredmedia":[{"embeddable":true,"href":"https:\/\/www.amorhomehardware.com\/pt\/wp-json\/wp\/v2\/media\/2066"}],"wp:attachment":[{"href":"https:\/\/www.amorhomehardware.com\/pt\/wp-json\/wp\/v2\/media?parent=2086"}],"wp:term":[{"taxonomy":"product_brand","embeddable":true,"href":"https:\/\/www.amorhomehardware.com\/pt\/wp-json\/wp\/v2\/product_brand?post=2086"},{"taxonomy":"product_cat","embeddable":true,"href":"https:\/\/www.amorhomehardware.com\/pt\/wp-json\/wp\/v2\/product_cat?post=2086"},{"taxonomy":"product_tag","embeddable":true,"href":"https:\/\/www.amorhomehardware.com\/pt\/wp-json\/wp\/v2\/product_tag?post=2086"}],"curies":[{"name":"wp","href":"https:\/\/api.w.org\/{rel}","templated":true}]}}