{"id":2053,"date":"2025-02-17T14:05:59","date_gmt":"2025-02-17T06:05:59","guid":{"rendered":"https:\/\/www.amorhomehardware.com\/?post_type=product&#038;p=2053"},"modified":"2025-03-30T23:24:59","modified_gmt":"2025-03-30T15:24:59","slug":"threaded-furniture-leveling-feet-furniture-glide-with-bolt-ag-1006","status":"publish","type":"product","link":"https:\/\/www.amorhomehardware.com\/pt\/produto\/threaded-furniture-leveling-feet-furniture-glide-with-bolt-ag-1006\/","title":{"rendered":"P\u00e9s roscados para nivelamento de m\u00f3veis Deslizador de m\u00f3veis com parafuso - AG.1006"},"content":{"rendered":"<h2>Carater\u00edsticas do Furniture Glide<\/h2>\n<p>Os p\u00e9s niveladores Amor Home n\u00e3o s\u00e3o apenas adequados para ajustar a altura do mobili\u00e1rio, mas tamb\u00e9m para evitar que o seu mobili\u00e1rio ou ch\u00e3o sejam riscados; Al\u00e9m disso, podem reduzir o ru\u00eddo do mobili\u00e1rio em movimento at\u00e9 certo ponto e estes p\u00e9s niveladores ajust\u00e1veis podem ser aplicados a uma variedade de mobili\u00e1rio, como mesas, cadeiras, secret\u00e1rias e todos os tipos de arm\u00e1rios, sof\u00e1s pequenos, etc.<\/p>\n<h2>Prazo de entrega<\/h2>\n<p>1 dia para amostras e 3-5 dias para produ\u00e7\u00e3o em massa.<\/p>\n<h2><strong>O que podemos fazer por si?<\/strong><\/h2>\n<p><strong>1. Servi\u00e7o OEM\/ODM:<\/strong>\u00a0Equipa de I&amp;D experiente, satisfaz as suas necessidades personalizadas, log\u00f3tipo, cor, embalagem, etc.<\/p>\n<p><strong>2. Produto de alta qualidade:<\/strong>\u00a0Todos os produtos cumprem os requisitos CE\/RoHS<\/p>\n<p><strong>3. Entrega flex\u00edvel:<\/strong>\u00a0A DHL\/UPS\/FedEx\/TNT\/Mar\u00edtimo\/Ferrovi\u00e1rio satisfaz sempre a sua procura<\/p>\n<p><strong>4. Servi\u00e7o p\u00f3s-venda:<\/strong> Resposta r\u00e1pida 7*24 se tiver alguma d\u00favida e a garantia dos p\u00e9s ajust\u00e1veis \u00e9 de 1 ano<\/p>","protected":false},"excerpt":{"rendered":"<p>P\u00e9s roscados para nivelamento de m\u00f3veis Deslizador de m\u00f3veis com parafuso para cadeira de mesa<br \/>\nMaterial: Pl\u00e1stico+A\u00e7o<br \/>\nAcabamento: Preto, Branco<br \/>\nTamanho: 23*M8*15MM, 23*M8*20MM, 23*M8*25MM<\/p>\n<p><strong>N.\u00ba do artigo: AG.1006<\/strong><\/p>","protected":false},"featured_media":2023,"comment_status":"closed","ping_status":"closed","template":"","meta":{"_seopress_robots_primary_cat":"none","_seopress_titles_title":"","_seopress_titles_desc":"","_seopress_robots_index":"","_uag_custom_page_level_css":"","_joinchat":[]},"product_brand":[],"product_cat":[31,19],"product_tag":[],"class_list":{"0":"post-2053","1":"product","2":"type-product","3":"status-publish","4":"has-post-thumbnail","6":"product_cat-fruniture-legs","7":"product_cat-furniture-hardware","9":"first","10":"instock","11":"shipping-taxable","12":"product-type-simple"},"uagb_featured_image_src":{"full":["https:\/\/www.amorhomehardware.com\/wp-content\/uploads\/2025\/02\/AG.1006-furniture-glide.webp",630,630,false],"thumbnail":["https:\/\/www.amorhomehardware.com\/wp-content\/uploads\/2025\/02\/AG.1006-furniture-glide-150x150.webp",150,150,true],"medium":["https:\/\/www.amorhomehardware.com\/wp-content\/uploads\/2025\/02\/AG.1006-furniture-glide-300x300.webp",300,300,true],"medium_large":["https:\/\/www.amorhomehardware.com\/wp-content\/uploads\/2025\/02\/AG.1006-furniture-glide.webp",630,630,false],"large":["https:\/\/www.amorhomehardware.com\/wp-content\/uploads\/2025\/02\/AG.1006-furniture-glide.webp",630,630,false],"1536x1536":["https:\/\/www.amorhomehardware.com\/wp-content\/uploads\/2025\/02\/AG.1006-furniture-glide.webp",630,630,false],"2048x2048":["https:\/\/www.amorhomehardware.com\/wp-content\/uploads\/2025\/02\/AG.1006-furniture-glide.webp",630,630,false],"trp-custom-language-flag":["https:\/\/www.amorhomehardware.com\/wp-content\/uploads\/2025\/02\/AG.1006-furniture-glide-12x12.webp",12,12,true],"woocommerce_archive_thumbnail":["https:\/\/www.amorhomehardware.com\/wp-content\/uploads\/2025\/02\/AG.1006-furniture-glide-600x600.webp",600,600,true],"woocommerce_thumbnail":["https:\/\/www.amorhomehardware.com\/wp-content\/uploads\/2025\/02\/AG.1006-furniture-glide-600x600.webp",600,600,true],"woocommerce_single":["https:\/\/www.amorhomehardware.com\/wp-content\/uploads\/2025\/02\/AG.1006-furniture-glide-600x600.webp",600,600,true],"woocommerce_gallery_thumbnail":["https:\/\/www.amorhomehardware.com\/wp-content\/uploads\/2025\/02\/AG.1006-furniture-glide-100x100.webp",100,100,true]},"uagb_author_info":{"display_name":"amorhome","author_link":"https:\/\/www.amorhomehardware.com\/pt\/author\/"},"uagb_comment_info":0,"uagb_excerpt":"Threaded Furniture Leveling Feet Furniture Glide With Bolt For Table Chair Material: Plastic+Steel Finish: Black, White Size: 23*M8*15MM, 23*M8*20MM, 23*M8*25MM Item No.: AG.1006","_links":{"self":[{"href":"https:\/\/www.amorhomehardware.com\/pt\/wp-json\/wp\/v2\/product\/2053","targetHints":{"allow":["GET"]}}],"collection":[{"href":"https:\/\/www.amorhomehardware.com\/pt\/wp-json\/wp\/v2\/product"}],"about":[{"href":"https:\/\/www.amorhomehardware.com\/pt\/wp-json\/wp\/v2\/types\/product"}],"replies":[{"embeddable":true,"href":"https:\/\/www.amorhomehardware.com\/pt\/wp-json\/wp\/v2\/comments?post=2053"}],"wp:featuredmedia":[{"embeddable":true,"href":"https:\/\/www.amorhomehardware.com\/pt\/wp-json\/wp\/v2\/media\/2023"}],"wp:attachment":[{"href":"https:\/\/www.amorhomehardware.com\/pt\/wp-json\/wp\/v2\/media?parent=2053"}],"wp:term":[{"taxonomy":"product_brand","embeddable":true,"href":"https:\/\/www.amorhomehardware.com\/pt\/wp-json\/wp\/v2\/product_brand?post=2053"},{"taxonomy":"product_cat","embeddable":true,"href":"https:\/\/www.amorhomehardware.com\/pt\/wp-json\/wp\/v2\/product_cat?post=2053"},{"taxonomy":"product_tag","embeddable":true,"href":"https:\/\/www.amorhomehardware.com\/pt\/wp-json\/wp\/v2\/product_tag?post=2053"}],"curies":[{"name":"wp","href":"https:\/\/api.w.org\/{rel}","templated":true}]}}