{"id":2049,"date":"2025-02-17T13:59:33","date_gmt":"2025-02-17T05:59:33","guid":{"rendered":"https:\/\/www.amorhomehardware.com\/?post_type=product&#038;p=2049"},"modified":"2025-02-17T14:00:34","modified_gmt":"2025-02-17T06:00:34","slug":"threaded-furniture-leveling-feet-furniture-glide-with-bolt-ag-1002","status":"publish","type":"product","link":"https:\/\/www.amorhomehardware.com\/pt\/produto\/threaded-furniture-leveling-feet-furniture-glide-with-bolt-ag-1002\/","title":{"rendered":"P\u00e9s roscados para nivelamento de m\u00f3veis Deslizador de m\u00f3veis com parafuso - AG.1002"},"content":{"rendered":"<p>\u3010Function\u3011 The Leveling Feet are not only suitable to adjust the height of the furniture but also suitable to prevent your furniture or floor from being scratched; Besides, they can reduce the noise of moving furniture to some extent<br \/>\n\u3010Application\u3011 These adjustable feet levelers can be applied to a variety of furniture, like tables, chairs, desks, and all types of cabinets<\/p>","protected":false},"excerpt":{"rendered":"<p>P\u00e9s ajust\u00e1veis com rosca para m\u00f3veis Deslizador de m\u00f3veis com parafuso para cadeira de mesa<br \/>\nMaterial: Pl\u00e1stico+A\u00e7o<br \/>\nAcabamento: Preto, castanho<br \/>\nTamanho: 40*M8*25MM<\/p>\n<p><strong>N.\u00ba do artigo: AG.1002<\/strong><\/p>","protected":false},"featured_media":2034,"comment_status":"closed","ping_status":"closed","template":"","meta":{"_seopress_robots_primary_cat":"","_seopress_titles_title":"","_seopress_titles_desc":"","_seopress_robots_index":"","_uag_custom_page_level_css":"","_joinchat":[]},"product_brand":[],"product_cat":[31,19],"product_tag":[],"class_list":{"0":"post-2049","1":"product","2":"type-product","3":"status-publish","4":"has-post-thumbnail","6":"product_cat-fruniture-legs","7":"product_cat-furniture-hardware","9":"first","10":"instock","11":"shipping-taxable","12":"product-type-simple"},"uagb_featured_image_src":{"full":["https:\/\/www.amorhomehardware.com\/wp-content\/uploads\/2025\/02\/AG.1002-furniture-glide.webp",630,630,false],"thumbnail":["https:\/\/www.amorhomehardware.com\/wp-content\/uploads\/2025\/02\/AG.1002-furniture-glide-150x150.webp",150,150,true],"medium":["https:\/\/www.amorhomehardware.com\/wp-content\/uploads\/2025\/02\/AG.1002-furniture-glide-300x300.webp",300,300,true],"medium_large":["https:\/\/www.amorhomehardware.com\/wp-content\/uploads\/2025\/02\/AG.1002-furniture-glide.webp",630,630,false],"large":["https:\/\/www.amorhomehardware.com\/wp-content\/uploads\/2025\/02\/AG.1002-furniture-glide.webp",630,630,false],"1536x1536":["https:\/\/www.amorhomehardware.com\/wp-content\/uploads\/2025\/02\/AG.1002-furniture-glide.webp",630,630,false],"2048x2048":["https:\/\/www.amorhomehardware.com\/wp-content\/uploads\/2025\/02\/AG.1002-furniture-glide.webp",630,630,false],"trp-custom-language-flag":["https:\/\/www.amorhomehardware.com\/wp-content\/uploads\/2025\/02\/AG.1002-furniture-glide-12x12.webp",12,12,true],"woocommerce_archive_thumbnail":["https:\/\/www.amorhomehardware.com\/wp-content\/uploads\/2025\/02\/AG.1002-furniture-glide-600x600.webp",600,600,true],"woocommerce_thumbnail":["https:\/\/www.amorhomehardware.com\/wp-content\/uploads\/2025\/02\/AG.1002-furniture-glide-600x600.webp",600,600,true],"woocommerce_single":["https:\/\/www.amorhomehardware.com\/wp-content\/uploads\/2025\/02\/AG.1002-furniture-glide-600x600.webp",600,600,true],"woocommerce_gallery_thumbnail":["https:\/\/www.amorhomehardware.com\/wp-content\/uploads\/2025\/02\/AG.1002-furniture-glide-100x100.webp",100,100,true]},"uagb_author_info":{"display_name":"amorhome","author_link":"https:\/\/www.amorhomehardware.com\/pt\/author\/"},"uagb_comment_info":0,"uagb_excerpt":"Threaded Furniture Adjustable Feet Furniture Glide With Bolt For Table Chair Material: Plastic+Steel Finish: Black, Brown Size: 40*M8*25MM Item No.: AG.1002","_links":{"self":[{"href":"https:\/\/www.amorhomehardware.com\/pt\/wp-json\/wp\/v2\/product\/2049","targetHints":{"allow":["GET"]}}],"collection":[{"href":"https:\/\/www.amorhomehardware.com\/pt\/wp-json\/wp\/v2\/product"}],"about":[{"href":"https:\/\/www.amorhomehardware.com\/pt\/wp-json\/wp\/v2\/types\/product"}],"replies":[{"embeddable":true,"href":"https:\/\/www.amorhomehardware.com\/pt\/wp-json\/wp\/v2\/comments?post=2049"}],"wp:featuredmedia":[{"embeddable":true,"href":"https:\/\/www.amorhomehardware.com\/pt\/wp-json\/wp\/v2\/media\/2034"}],"wp:attachment":[{"href":"https:\/\/www.amorhomehardware.com\/pt\/wp-json\/wp\/v2\/media?parent=2049"}],"wp:term":[{"taxonomy":"product_brand","embeddable":true,"href":"https:\/\/www.amorhomehardware.com\/pt\/wp-json\/wp\/v2\/product_brand?post=2049"},{"taxonomy":"product_cat","embeddable":true,"href":"https:\/\/www.amorhomehardware.com\/pt\/wp-json\/wp\/v2\/product_cat?post=2049"},{"taxonomy":"product_tag","embeddable":true,"href":"https:\/\/www.amorhomehardware.com\/pt\/wp-json\/wp\/v2\/product_tag?post=2049"}],"curies":[{"name":"wp","href":"https:\/\/api.w.org\/{rel}","templated":true}]}}