{"id":2019,"date":"2025-02-15T18:01:44","date_gmt":"2025-02-15T10:01:44","guid":{"rendered":"https:\/\/www.amorhomehardware.com\/?post_type=product&#038;p=2019"},"modified":"2025-02-15T18:02:39","modified_gmt":"2025-02-15T10:02:39","slug":"touch-to-open-magnetic-cabinet-latches-al-0006","status":"publish","type":"product","link":"https:\/\/www.amorhomehardware.com\/pt\/produto\/touch-to-open-magnetic-cabinet-latches-al-0006\/","title":{"rendered":"Trincos magn\u00e9ticos para arm\u00e1rios com abertura por toque - AL.0006"},"content":{"rendered":"<p>\u3010Design\u3011Easy to use, activate the latch by simply pressing against the door.<br \/>\n\u3010Application \u3011Push open door catch can be used in cabinets, drawers, cupboards, wardrobes, chipboards, sideboards, cooking utensils, and other furniture.<\/p>","protected":false},"excerpt":{"rendered":"<p>Fechos magn\u00e9ticos para arm\u00e1rios Fechos para arm\u00e1rios<br \/>\nMaterial: Pl\u00e1stico+A\u00e7o<br \/>\nAcabamento: Castanho\/branco\/preto<br \/>\nTamanho: 54*14*16mm<\/p>\n<p><strong>N.\u00ba do artigo: AL.0006<\/strong><\/p>","protected":false},"featured_media":2009,"comment_status":"closed","ping_status":"closed","template":"","meta":{"_seopress_robots_primary_cat":"","_seopress_titles_title":"","_seopress_titles_desc":"","_seopress_robots_index":"","_uag_custom_page_level_css":"","_joinchat":[]},"product_brand":[],"product_cat":[69,19],"product_tag":[],"class_list":{"0":"post-2019","1":"product","2":"type-product","3":"status-publish","4":"has-post-thumbnail","6":"product_cat-door-latche","7":"product_cat-furniture-hardware","9":"first","10":"instock","11":"shipping-taxable","12":"product-type-simple"},"uagb_featured_image_src":{"full":["https:\/\/www.amorhomehardware.com\/wp-content\/uploads\/2025\/02\/AL.0006-Magnetic-Touch-to-Open-Cabinet-Latches.webp",630,630,false],"thumbnail":["https:\/\/www.amorhomehardware.com\/wp-content\/uploads\/2025\/02\/AL.0006-Magnetic-Touch-to-Open-Cabinet-Latches-150x150.webp",150,150,true],"medium":["https:\/\/www.amorhomehardware.com\/wp-content\/uploads\/2025\/02\/AL.0006-Magnetic-Touch-to-Open-Cabinet-Latches-300x300.webp",300,300,true],"medium_large":["https:\/\/www.amorhomehardware.com\/wp-content\/uploads\/2025\/02\/AL.0006-Magnetic-Touch-to-Open-Cabinet-Latches.webp",630,630,false],"large":["https:\/\/www.amorhomehardware.com\/wp-content\/uploads\/2025\/02\/AL.0006-Magnetic-Touch-to-Open-Cabinet-Latches.webp",630,630,false],"1536x1536":["https:\/\/www.amorhomehardware.com\/wp-content\/uploads\/2025\/02\/AL.0006-Magnetic-Touch-to-Open-Cabinet-Latches.webp",630,630,false],"2048x2048":["https:\/\/www.amorhomehardware.com\/wp-content\/uploads\/2025\/02\/AL.0006-Magnetic-Touch-to-Open-Cabinet-Latches.webp",630,630,false],"trp-custom-language-flag":["https:\/\/www.amorhomehardware.com\/wp-content\/uploads\/2025\/02\/AL.0006-Magnetic-Touch-to-Open-Cabinet-Latches-12x12.webp",12,12,true],"woocommerce_archive_thumbnail":["https:\/\/www.amorhomehardware.com\/wp-content\/uploads\/2025\/02\/AL.0006-Magnetic-Touch-to-Open-Cabinet-Latches-600x600.webp",600,600,true],"woocommerce_thumbnail":["https:\/\/www.amorhomehardware.com\/wp-content\/uploads\/2025\/02\/AL.0006-Magnetic-Touch-to-Open-Cabinet-Latches-600x600.webp",600,600,true],"woocommerce_single":["https:\/\/www.amorhomehardware.com\/wp-content\/uploads\/2025\/02\/AL.0006-Magnetic-Touch-to-Open-Cabinet-Latches-600x600.webp",600,600,true],"woocommerce_gallery_thumbnail":["https:\/\/www.amorhomehardware.com\/wp-content\/uploads\/2025\/02\/AL.0006-Magnetic-Touch-to-Open-Cabinet-Latches-100x100.webp",100,100,true]},"uagb_author_info":{"display_name":"amorhome","author_link":"https:\/\/www.amorhomehardware.com\/pt\/author\/"},"uagb_comment_info":0,"uagb_excerpt":"Cabinet Magnet Latches Closet Catches Material: Plastic+Steel Finish: Brown\/White\/Black Size: 54*14*16mm Item No.: AL.0006","_links":{"self":[{"href":"https:\/\/www.amorhomehardware.com\/pt\/wp-json\/wp\/v2\/product\/2019","targetHints":{"allow":["GET"]}}],"collection":[{"href":"https:\/\/www.amorhomehardware.com\/pt\/wp-json\/wp\/v2\/product"}],"about":[{"href":"https:\/\/www.amorhomehardware.com\/pt\/wp-json\/wp\/v2\/types\/product"}],"replies":[{"embeddable":true,"href":"https:\/\/www.amorhomehardware.com\/pt\/wp-json\/wp\/v2\/comments?post=2019"}],"wp:featuredmedia":[{"embeddable":true,"href":"https:\/\/www.amorhomehardware.com\/pt\/wp-json\/wp\/v2\/media\/2009"}],"wp:attachment":[{"href":"https:\/\/www.amorhomehardware.com\/pt\/wp-json\/wp\/v2\/media?parent=2019"}],"wp:term":[{"taxonomy":"product_brand","embeddable":true,"href":"https:\/\/www.amorhomehardware.com\/pt\/wp-json\/wp\/v2\/product_brand?post=2019"},{"taxonomy":"product_cat","embeddable":true,"href":"https:\/\/www.amorhomehardware.com\/pt\/wp-json\/wp\/v2\/product_cat?post=2019"},{"taxonomy":"product_tag","embeddable":true,"href":"https:\/\/www.amorhomehardware.com\/pt\/wp-json\/wp\/v2\/product_tag?post=2019"}],"curies":[{"name":"wp","href":"https:\/\/api.w.org\/{rel}","templated":true}]}}