{"id":1962,"date":"2025-02-14T19:58:08","date_gmt":"2025-02-14T11:58:08","guid":{"rendered":"https:\/\/www.amorhomehardware.com\/?post_type=product&#038;p=1962"},"modified":"2025-02-14T19:58:58","modified_gmt":"2025-02-14T11:58:58","slug":"magnetic-head-push-open-system-touch-latch-at-2103","status":"publish","type":"product","link":"https:\/\/www.amorhomehardware.com\/pt\/produto\/magnetic-head-push-open-system-touch-latch-at-2103\/","title":{"rendered":"Sistema de fecho t\u00e1til com cabe\u00e7a magn\u00e9tica de abertura por impulso - AT.2103"},"content":{"rendered":"<p>\u3010Function\u3011These Push Open Systems have a magnetic head at one end, and the suction is closer when the cabinet door is closed<br \/>\n\u3010Application\u3011Push to open systems are used in cabinets, drawers, and other furniture which replace the handle (no need to mount handle anymore)<\/p>","protected":false},"excerpt":{"rendered":"<p>Trinco de metal magn\u00e9tico com fecho t\u00e1til, sistema de fecho para abrir, amortecedor para porta de arm\u00e1rio<br \/>\nMaterial:  Pl\u00e1stico<br \/>\nAcabamento: Cinzento<br \/>\nAcess\u00f3rios:  Anel + Parafuso + Cavilha<\/p>\n<p><strong>N.\u00ba do artigo: AT.2103<\/strong><\/p>","protected":false},"featured_media":1959,"comment_status":"closed","ping_status":"closed","template":"","meta":{"_seopress_robots_primary_cat":"","_seopress_titles_title":"","_seopress_titles_desc":"","_seopress_robots_index":"","_uag_custom_page_level_css":"","_joinchat":[]},"product_brand":[],"product_cat":[19,62],"product_tag":[],"class_list":{"0":"post-1962","1":"product","2":"type-product","3":"status-publish","4":"has-post-thumbnail","6":"product_cat-furniture-hardware","7":"product_cat-push-open-system","9":"first","10":"instock","11":"shipping-taxable","12":"product-type-simple"},"uagb_featured_image_src":{"full":["https:\/\/www.amorhomehardware.com\/wp-content\/uploads\/2025\/02\/AT.2103-push-open-system.webp",630,630,false],"thumbnail":["https:\/\/www.amorhomehardware.com\/wp-content\/uploads\/2025\/02\/AT.2103-push-open-system-150x150.webp",150,150,true],"medium":["https:\/\/www.amorhomehardware.com\/wp-content\/uploads\/2025\/02\/AT.2103-push-open-system-300x300.webp",300,300,true],"medium_large":["https:\/\/www.amorhomehardware.com\/wp-content\/uploads\/2025\/02\/AT.2103-push-open-system.webp",630,630,false],"large":["https:\/\/www.amorhomehardware.com\/wp-content\/uploads\/2025\/02\/AT.2103-push-open-system.webp",630,630,false],"1536x1536":["https:\/\/www.amorhomehardware.com\/wp-content\/uploads\/2025\/02\/AT.2103-push-open-system.webp",630,630,false],"2048x2048":["https:\/\/www.amorhomehardware.com\/wp-content\/uploads\/2025\/02\/AT.2103-push-open-system.webp",630,630,false],"trp-custom-language-flag":["https:\/\/www.amorhomehardware.com\/wp-content\/uploads\/2025\/02\/AT.2103-push-open-system-12x12.webp",12,12,true],"woocommerce_archive_thumbnail":["https:\/\/www.amorhomehardware.com\/wp-content\/uploads\/2025\/02\/AT.2103-push-open-system-600x600.webp",600,600,true],"woocommerce_thumbnail":["https:\/\/www.amorhomehardware.com\/wp-content\/uploads\/2025\/02\/AT.2103-push-open-system-600x600.webp",600,600,true],"woocommerce_single":["https:\/\/www.amorhomehardware.com\/wp-content\/uploads\/2025\/02\/AT.2103-push-open-system-600x600.webp",600,600,true],"woocommerce_gallery_thumbnail":["https:\/\/www.amorhomehardware.com\/wp-content\/uploads\/2025\/02\/AT.2103-push-open-system-100x100.webp",100,100,true]},"uagb_author_info":{"display_name":"amorhome","author_link":"https:\/\/www.amorhomehardware.com\/pt\/author\/"},"uagb_comment_info":0,"uagb_excerpt":"Metal Magnetic Touch Catch Latch Push To Open System Damper Buffer for Cabinet Door Cupboard Material: Plastic Finish: Grey Accessories: Ring + Screw + Dowel Item No.: AT.2103","_links":{"self":[{"href":"https:\/\/www.amorhomehardware.com\/pt\/wp-json\/wp\/v2\/product\/1962","targetHints":{"allow":["GET"]}}],"collection":[{"href":"https:\/\/www.amorhomehardware.com\/pt\/wp-json\/wp\/v2\/product"}],"about":[{"href":"https:\/\/www.amorhomehardware.com\/pt\/wp-json\/wp\/v2\/types\/product"}],"replies":[{"embeddable":true,"href":"https:\/\/www.amorhomehardware.com\/pt\/wp-json\/wp\/v2\/comments?post=1962"}],"wp:featuredmedia":[{"embeddable":true,"href":"https:\/\/www.amorhomehardware.com\/pt\/wp-json\/wp\/v2\/media\/1959"}],"wp:attachment":[{"href":"https:\/\/www.amorhomehardware.com\/pt\/wp-json\/wp\/v2\/media?parent=1962"}],"wp:term":[{"taxonomy":"product_brand","embeddable":true,"href":"https:\/\/www.amorhomehardware.com\/pt\/wp-json\/wp\/v2\/product_brand?post=1962"},{"taxonomy":"product_cat","embeddable":true,"href":"https:\/\/www.amorhomehardware.com\/pt\/wp-json\/wp\/v2\/product_cat?post=1962"},{"taxonomy":"product_tag","embeddable":true,"href":"https:\/\/www.amorhomehardware.com\/pt\/wp-json\/wp\/v2\/product_tag?post=1962"}],"curies":[{"name":"wp","href":"https:\/\/api.w.org\/{rel}","templated":true}]}}