{"id":1921,"date":"2025-02-14T18:10:45","date_gmt":"2025-02-14T10:10:45","guid":{"rendered":"https:\/\/www.amorhomehardware.com\/?post_type=product&#038;p=1921"},"modified":"2025-02-14T18:13:26","modified_gmt":"2025-02-14T10:13:26","slug":"furniture-cabinet-connecting-cam-ac-2002","status":"publish","type":"product","link":"https:\/\/www.amorhomehardware.com\/pt\/produto\/furniture-cabinet-connecting-cam-ac-2002\/","title":{"rendered":"Arm\u00e1rio de liga\u00e7\u00e3o para m\u00f3veis Cam - AC.2002"},"content":{"rendered":"<p>\u3010Feature\u3011 These cams are made of high-quality zinc alloy, the surface is galvanized, with high hardness, strong rust prevention, and corrosion resistance, ensuring durability, which can prolong service life.<br \/>\n\u3010Application\u3011 Suitable for furniture boards of 15mm-16mm thickness, widely used in all types of furniture such as cabinets, shelves, beds, desks, drawers,\u00a0 chairs, and other furniture assemblies.<\/p>","protected":false},"excerpt":{"rendered":"<p>Cames de liga\u00e7\u00e3o para arm\u00e1rios de m\u00f3veis Cames de liga\u00e7\u00e3o para arm\u00e1rios de m\u00f3veis<br \/>\nMaterial: Liga de zinco<br \/>\nAcabamento: Zinco \/N\u00edquel<br \/>\nPeso: 4,3g<br \/>\nTamanho: 15*13mm<br \/>\nPlaca de 15-18 mm de espessura opcional<\/p>\n<p><strong>N\u00famero do artigo: AC.2002<\/strong><\/p>","protected":false},"featured_media":1922,"comment_status":"closed","ping_status":"closed","template":"","meta":{"_seopress_robots_primary_cat":"","_seopress_titles_title":"","_seopress_titles_desc":"","_seopress_robots_index":"","_uag_custom_page_level_css":"","_joinchat":[]},"product_brand":[],"product_cat":[51,23],"product_tag":[],"class_list":{"0":"post-1921","1":"product","2":"type-product","3":"status-publish","4":"has-post-thumbnail","6":"product_cat-mini-fix","7":"product_cat-connectors-brackets","9":"first","10":"instock","11":"shipping-taxable","12":"product-type-simple"},"uagb_featured_image_src":{"full":["https:\/\/www.amorhomehardware.com\/wp-content\/uploads\/2025\/02\/AC.2002-cabinet-connecting-cam.webp",630,630,false],"thumbnail":["https:\/\/www.amorhomehardware.com\/wp-content\/uploads\/2025\/02\/AC.2002-cabinet-connecting-cam-150x150.webp",150,150,true],"medium":["https:\/\/www.amorhomehardware.com\/wp-content\/uploads\/2025\/02\/AC.2002-cabinet-connecting-cam-300x300.webp",300,300,true],"medium_large":["https:\/\/www.amorhomehardware.com\/wp-content\/uploads\/2025\/02\/AC.2002-cabinet-connecting-cam.webp",630,630,false],"large":["https:\/\/www.amorhomehardware.com\/wp-content\/uploads\/2025\/02\/AC.2002-cabinet-connecting-cam.webp",630,630,false],"1536x1536":["https:\/\/www.amorhomehardware.com\/wp-content\/uploads\/2025\/02\/AC.2002-cabinet-connecting-cam.webp",630,630,false],"2048x2048":["https:\/\/www.amorhomehardware.com\/wp-content\/uploads\/2025\/02\/AC.2002-cabinet-connecting-cam.webp",630,630,false],"trp-custom-language-flag":["https:\/\/www.amorhomehardware.com\/wp-content\/uploads\/2025\/02\/AC.2002-cabinet-connecting-cam-12x12.webp",12,12,true],"woocommerce_archive_thumbnail":["https:\/\/www.amorhomehardware.com\/wp-content\/uploads\/2025\/02\/AC.2002-cabinet-connecting-cam-600x600.webp",600,600,true],"woocommerce_thumbnail":["https:\/\/www.amorhomehardware.com\/wp-content\/uploads\/2025\/02\/AC.2002-cabinet-connecting-cam-600x600.webp",600,600,true],"woocommerce_single":["https:\/\/www.amorhomehardware.com\/wp-content\/uploads\/2025\/02\/AC.2002-cabinet-connecting-cam-600x600.webp",600,600,true],"woocommerce_gallery_thumbnail":["https:\/\/www.amorhomehardware.com\/wp-content\/uploads\/2025\/02\/AC.2002-cabinet-connecting-cam-100x100.webp",100,100,true]},"uagb_author_info":{"display_name":"amorhome","author_link":"https:\/\/www.amorhomehardware.com\/pt\/author\/"},"uagb_comment_info":0,"uagb_excerpt":"Furniture Cabinet connecting Cam Furniture Connecting Fitting Cam Material: Zinc Alloy Finish: Zinc \/Nickel Weight: 4.3g Size: 15*13mm 15-18mm thickness board optional Item No.: AC.2002","_links":{"self":[{"href":"https:\/\/www.amorhomehardware.com\/pt\/wp-json\/wp\/v2\/product\/1921","targetHints":{"allow":["GET"]}}],"collection":[{"href":"https:\/\/www.amorhomehardware.com\/pt\/wp-json\/wp\/v2\/product"}],"about":[{"href":"https:\/\/www.amorhomehardware.com\/pt\/wp-json\/wp\/v2\/types\/product"}],"replies":[{"embeddable":true,"href":"https:\/\/www.amorhomehardware.com\/pt\/wp-json\/wp\/v2\/comments?post=1921"}],"wp:featuredmedia":[{"embeddable":true,"href":"https:\/\/www.amorhomehardware.com\/pt\/wp-json\/wp\/v2\/media\/1922"}],"wp:attachment":[{"href":"https:\/\/www.amorhomehardware.com\/pt\/wp-json\/wp\/v2\/media?parent=1921"}],"wp:term":[{"taxonomy":"product_brand","embeddable":true,"href":"https:\/\/www.amorhomehardware.com\/pt\/wp-json\/wp\/v2\/product_brand?post=1921"},{"taxonomy":"product_cat","embeddable":true,"href":"https:\/\/www.amorhomehardware.com\/pt\/wp-json\/wp\/v2\/product_cat?post=1921"},{"taxonomy":"product_tag","embeddable":true,"href":"https:\/\/www.amorhomehardware.com\/pt\/wp-json\/wp\/v2\/product_tag?post=1921"}],"curies":[{"name":"wp","href":"https:\/\/api.w.org\/{rel}","templated":true}]}}