{"id":1913,"date":"2025-02-14T16:43:00","date_gmt":"2025-02-14T08:43:00","guid":{"rendered":"https:\/\/www.amorhomehardware.com\/?post_type=product&#038;p=1913"},"modified":"2025-02-14T16:50:53","modified_gmt":"2025-02-14T08:50:53","slug":"kitchen-slotting-type-aluminum-handle-ap-5202","status":"publish","type":"product","link":"https:\/\/www.amorhomehardware.com\/pt\/produto\/kitchen-slotting-type-aluminum-handle-ap-5202\/","title":{"rendered":"Cabo de alum\u00ednio tipo ranhurador para cozinha - AP.5202"},"content":{"rendered":"<p>\u3010Feature\u3011Invisible kitchen door handle are made of high-quality aluminum alloy, one-piece molding, durable, and not easy to break. The surface of hidden drawer handles is treated with multi-layer electroplating, which is anti-rust and corrosion-resistant, and will not fade after long-term use.<\/p>","protected":false},"excerpt":{"rendered":"<p>Arm\u00e1rio de cozinha Puxador de borda com dedo Puxadores invis\u00edveis em liga de alum\u00ednio (tipo ranhura)<br \/>\nMaterial: Liga de alum\u00ednio<br \/>\nAcabamento:  Mate\/Preto<br \/>\nAdequado para placas de madeira com uma espessura de 16\/18\/20 mm<br \/>\nComprimento: 3 metros e outros tamanhos personalizados <\/p>\n<p><strong>N.\u00ba do artigo: AP.5202<\/strong><\/p>","protected":false},"featured_media":1914,"comment_status":"closed","ping_status":"closed","template":"","meta":{"_seopress_robots_primary_cat":"","_seopress_titles_title":"","_seopress_titles_desc":"","_seopress_robots_index":"","_uag_custom_page_level_css":"","_joinchat":[]},"product_brand":[],"product_cat":[38,30,20],"product_tag":[],"class_list":{"0":"post-1913","1":"product","2":"type-product","3":"status-publish","4":"has-post-thumbnail","6":"product_cat-gola-profile","7":"product_cat-handles","8":"product_cat-kitchen-fittings","10":"first","11":"instock","12":"shipping-taxable","13":"product-type-simple"},"uagb_featured_image_src":{"full":["https:\/\/www.amorhomehardware.com\/wp-content\/uploads\/2025\/02\/AP.5202-Slotting-type-aluminum-handle_1240x1360px.webp",1240,1360,false],"thumbnail":["https:\/\/www.amorhomehardware.com\/wp-content\/uploads\/2025\/02\/AP.5202-Slotting-type-aluminum-handle_1240x1360px-150x150.webp",150,150,true],"medium":["https:\/\/www.amorhomehardware.com\/wp-content\/uploads\/2025\/02\/AP.5202-Slotting-type-aluminum-handle_1240x1360px-274x300.webp",274,300,true],"medium_large":["https:\/\/www.amorhomehardware.com\/wp-content\/uploads\/2025\/02\/AP.5202-Slotting-type-aluminum-handle_1240x1360px-768x842.webp",768,842,true],"large":["https:\/\/www.amorhomehardware.com\/wp-content\/uploads\/2025\/02\/AP.5202-Slotting-type-aluminum-handle_1240x1360px-934x1024.webp",934,1024,true],"1536x1536":["https:\/\/www.amorhomehardware.com\/wp-content\/uploads\/2025\/02\/AP.5202-Slotting-type-aluminum-handle_1240x1360px.webp",1240,1360,false],"2048x2048":["https:\/\/www.amorhomehardware.com\/wp-content\/uploads\/2025\/02\/AP.5202-Slotting-type-aluminum-handle_1240x1360px.webp",1240,1360,false],"trp-custom-language-flag":["https:\/\/www.amorhomehardware.com\/wp-content\/uploads\/2025\/02\/AP.5202-Slotting-type-aluminum-handle_1240x1360px-11x12.webp",11,12,true],"woocommerce_archive_thumbnail":["https:\/\/www.amorhomehardware.com\/wp-content\/uploads\/2025\/02\/AP.5202-Slotting-type-aluminum-handle_1240x1360px-600x600.webp",600,600,true],"woocommerce_thumbnail":["https:\/\/www.amorhomehardware.com\/wp-content\/uploads\/2025\/02\/AP.5202-Slotting-type-aluminum-handle_1240x1360px-600x600.webp",600,600,true],"woocommerce_single":["https:\/\/www.amorhomehardware.com\/wp-content\/uploads\/2025\/02\/AP.5202-Slotting-type-aluminum-handle_1240x1360px-600x658.webp",600,658,true],"woocommerce_gallery_thumbnail":["https:\/\/www.amorhomehardware.com\/wp-content\/uploads\/2025\/02\/AP.5202-Slotting-type-aluminum-handle_1240x1360px-100x100.webp",100,100,true]},"uagb_author_info":{"display_name":"amorhome","author_link":"https:\/\/www.amorhomehardware.com\/pt\/author\/"},"uagb_comment_info":0,"uagb_excerpt":"Kitchen Cabinet Finger Edge Pull Aluminum Alloy Invisible Handles (Slotting Type) Material: Aluminum Alloy Finish: Matt\/Black Suitable for wood board in thickness of 16\/18\/20mm Length: 3 Meters and other customized size Item No.: AP.5202","_links":{"self":[{"href":"https:\/\/www.amorhomehardware.com\/pt\/wp-json\/wp\/v2\/product\/1913","targetHints":{"allow":["GET"]}}],"collection":[{"href":"https:\/\/www.amorhomehardware.com\/pt\/wp-json\/wp\/v2\/product"}],"about":[{"href":"https:\/\/www.amorhomehardware.com\/pt\/wp-json\/wp\/v2\/types\/product"}],"replies":[{"embeddable":true,"href":"https:\/\/www.amorhomehardware.com\/pt\/wp-json\/wp\/v2\/comments?post=1913"}],"wp:featuredmedia":[{"embeddable":true,"href":"https:\/\/www.amorhomehardware.com\/pt\/wp-json\/wp\/v2\/media\/1914"}],"wp:attachment":[{"href":"https:\/\/www.amorhomehardware.com\/pt\/wp-json\/wp\/v2\/media?parent=1913"}],"wp:term":[{"taxonomy":"product_brand","embeddable":true,"href":"https:\/\/www.amorhomehardware.com\/pt\/wp-json\/wp\/v2\/product_brand?post=1913"},{"taxonomy":"product_cat","embeddable":true,"href":"https:\/\/www.amorhomehardware.com\/pt\/wp-json\/wp\/v2\/product_cat?post=1913"},{"taxonomy":"product_tag","embeddable":true,"href":"https:\/\/www.amorhomehardware.com\/pt\/wp-json\/wp\/v2\/product_tag?post=1913"}],"curies":[{"name":"wp","href":"https:\/\/api.w.org\/{rel}","templated":true}]}}