{"id":1885,"date":"2025-02-13T12:59:19","date_gmt":"2025-02-13T04:59:19","guid":{"rendered":"https:\/\/www.amorhomehardware.com\/?post_type=product&#038;p=1885"},"modified":"2025-02-13T13:03:37","modified_gmt":"2025-02-13T05:03:37","slug":"non-slip-kitchen-drawer-liners-mats-ak-7100","status":"publish","type":"product","link":"https:\/\/www.amorhomehardware.com\/pt\/produto\/non-slip-kitchen-drawer-liners-mats-ak-7100\/","title":{"rendered":"Tapetes antiderrapantes para gavetas de cozinha - AK.7100"},"content":{"rendered":"<p>\u3010Feature\u3011It is a Antibacterial, waterproof, moisture-proof, and non-adhesive liner mat which can widely used as drawer liners, shelf liners, fridge mats, cupboard liners, and so on<\/p>","protected":false},"excerpt":{"rendered":"<p>Tapetes antiderrapantes para gavetas de cozinha Tapetes imperme\u00e1veis lav\u00e1veis para frigor\u00edficos para arm\u00e1rios de cozinha Roupeiro Quarto Escrit\u00f3rio<br \/>\nMaterial: Pl\u00e1stico<br \/>\nAcabamento: Cinzento<br \/>\nTamanho: 600G\/metro quadrado, largura47.4Cm, comprimento20 metros\/rolo<\/p>\n<p><strong>N.\u00ba do artigo: AK.7100<\/strong><\/p>","protected":false},"featured_media":1872,"comment_status":"closed","ping_status":"closed","template":"","meta":{"_seopress_robots_primary_cat":"","_seopress_titles_title":"","_seopress_titles_desc":"","_seopress_robots_index":"","_uag_custom_page_level_css":"","_joinchat":[]},"product_brand":[],"product_cat":[34,20],"product_tag":[],"class_list":{"0":"post-1885","1":"product","2":"type-product","3":"status-publish","4":"has-post-thumbnail","6":"product_cat-cutlery-holder-tray","7":"product_cat-kitchen-fittings","9":"first","10":"instock","11":"shipping-taxable","12":"product-type-simple"},"uagb_featured_image_src":{"full":["https:\/\/www.amorhomehardware.com\/wp-content\/uploads\/2025\/02\/AK.7100-anti-slip-mat-2.webp",1240,1360,false],"thumbnail":["https:\/\/www.amorhomehardware.com\/wp-content\/uploads\/2025\/02\/AK.7100-anti-slip-mat-2-150x150.webp",150,150,true],"medium":["https:\/\/www.amorhomehardware.com\/wp-content\/uploads\/2025\/02\/AK.7100-anti-slip-mat-2-274x300.webp",274,300,true],"medium_large":["https:\/\/www.amorhomehardware.com\/wp-content\/uploads\/2025\/02\/AK.7100-anti-slip-mat-2-768x842.webp",768,842,true],"large":["https:\/\/www.amorhomehardware.com\/wp-content\/uploads\/2025\/02\/AK.7100-anti-slip-mat-2-934x1024.webp",934,1024,true],"1536x1536":["https:\/\/www.amorhomehardware.com\/wp-content\/uploads\/2025\/02\/AK.7100-anti-slip-mat-2.webp",1240,1360,false],"2048x2048":["https:\/\/www.amorhomehardware.com\/wp-content\/uploads\/2025\/02\/AK.7100-anti-slip-mat-2.webp",1240,1360,false],"trp-custom-language-flag":["https:\/\/www.amorhomehardware.com\/wp-content\/uploads\/2025\/02\/AK.7100-anti-slip-mat-2-11x12.webp",11,12,true],"woocommerce_archive_thumbnail":["https:\/\/www.amorhomehardware.com\/wp-content\/uploads\/2025\/02\/AK.7100-anti-slip-mat-2-600x600.webp",600,600,true],"woocommerce_thumbnail":["https:\/\/www.amorhomehardware.com\/wp-content\/uploads\/2025\/02\/AK.7100-anti-slip-mat-2-600x600.webp",600,600,true],"woocommerce_single":["https:\/\/www.amorhomehardware.com\/wp-content\/uploads\/2025\/02\/AK.7100-anti-slip-mat-2-600x658.webp",600,658,true],"woocommerce_gallery_thumbnail":["https:\/\/www.amorhomehardware.com\/wp-content\/uploads\/2025\/02\/AK.7100-anti-slip-mat-2-100x100.webp",100,100,true]},"uagb_author_info":{"display_name":"amorhome","author_link":"https:\/\/www.amorhomehardware.com\/pt\/author\/"},"uagb_comment_info":0,"uagb_excerpt":"Non-Slip Kitchen Drawer Liners Mats Waterproof Washable Fridge Liners For Kitchen Cupboards Wardrobe Bedroom Office Material: Plastic Finish: Grey Size: 600G\/Square Meter, Width47.4Cm, Length20 Meter\/Roll Item No.: AK.7100","_links":{"self":[{"href":"https:\/\/www.amorhomehardware.com\/pt\/wp-json\/wp\/v2\/product\/1885","targetHints":{"allow":["GET"]}}],"collection":[{"href":"https:\/\/www.amorhomehardware.com\/pt\/wp-json\/wp\/v2\/product"}],"about":[{"href":"https:\/\/www.amorhomehardware.com\/pt\/wp-json\/wp\/v2\/types\/product"}],"replies":[{"embeddable":true,"href":"https:\/\/www.amorhomehardware.com\/pt\/wp-json\/wp\/v2\/comments?post=1885"}],"wp:featuredmedia":[{"embeddable":true,"href":"https:\/\/www.amorhomehardware.com\/pt\/wp-json\/wp\/v2\/media\/1872"}],"wp:attachment":[{"href":"https:\/\/www.amorhomehardware.com\/pt\/wp-json\/wp\/v2\/media?parent=1885"}],"wp:term":[{"taxonomy":"product_brand","embeddable":true,"href":"https:\/\/www.amorhomehardware.com\/pt\/wp-json\/wp\/v2\/product_brand?post=1885"},{"taxonomy":"product_cat","embeddable":true,"href":"https:\/\/www.amorhomehardware.com\/pt\/wp-json\/wp\/v2\/product_cat?post=1885"},{"taxonomy":"product_tag","embeddable":true,"href":"https:\/\/www.amorhomehardware.com\/pt\/wp-json\/wp\/v2\/product_tag?post=1885"}],"curies":[{"name":"wp","href":"https:\/\/api.w.org\/{rel}","templated":true}]}}