{"id":1881,"date":"2025-02-13T12:49:30","date_gmt":"2025-02-13T04:49:30","guid":{"rendered":"https:\/\/www.amorhomehardware.com\/?post_type=product&#038;p=1881"},"modified":"2025-02-13T12:50:45","modified_gmt":"2025-02-13T04:50:45","slug":"single-line-wine-holder-rack-ak-5201","status":"publish","type":"product","link":"https:\/\/www.amorhomehardware.com\/pt\/produto\/single-line-wine-holder-rack-ak-5201\/","title":{"rendered":"Porta-vinhos de uma linha - AK.5201"},"content":{"rendered":"<p>\u3010Feature\u3011The wine holder rack with hanging design that provide you a best way to makes efficient use of the space under your kitchen cabinets, protect your glasses from chipped and keep them clean and dust-free.<\/p>","protected":false},"excerpt":{"rendered":"<p>Suporte de vinho de linha \u00fanica Suporte de vinho de vidro de a\u00e7o Suporte de talheres pendurado para arm\u00e1rio de cozinha de bar<br \/>\nMaterial: A\u00e7o inoxid\u00e1vel 201<br \/>\nAcabamento: Prim\u00e1rio<br \/>\nTamanho: L270*W90*H70mm<\/p>\n<p><strong>N.\u00ba do artigo: AK.5201<\/strong><\/p>","protected":false},"featured_media":1867,"comment_status":"closed","ping_status":"closed","template":"","meta":{"_seopress_robots_primary_cat":"","_seopress_titles_title":"","_seopress_titles_desc":"","_seopress_robots_index":"","_uag_custom_page_level_css":"","_joinchat":[]},"product_brand":[],"product_cat":[20,40],"product_tag":[],"class_list":{"0":"post-1881","1":"product","2":"type-product","3":"status-publish","4":"has-post-thumbnail","6":"product_cat-kitchen-fittings","7":"product_cat-wine-holder-rack","9":"first","10":"instock","11":"shipping-taxable","12":"product-type-simple"},"uagb_featured_image_src":{"full":["https:\/\/www.amorhomehardware.com\/wp-content\/uploads\/2025\/02\/AK.5201-single-line-wine-holder-rack-_1240x1360px.webp",1240,1360,false],"thumbnail":["https:\/\/www.amorhomehardware.com\/wp-content\/uploads\/2025\/02\/AK.5201-single-line-wine-holder-rack-_1240x1360px-150x150.webp",150,150,true],"medium":["https:\/\/www.amorhomehardware.com\/wp-content\/uploads\/2025\/02\/AK.5201-single-line-wine-holder-rack-_1240x1360px-274x300.webp",274,300,true],"medium_large":["https:\/\/www.amorhomehardware.com\/wp-content\/uploads\/2025\/02\/AK.5201-single-line-wine-holder-rack-_1240x1360px-768x842.webp",768,842,true],"large":["https:\/\/www.amorhomehardware.com\/wp-content\/uploads\/2025\/02\/AK.5201-single-line-wine-holder-rack-_1240x1360px-934x1024.webp",934,1024,true],"1536x1536":["https:\/\/www.amorhomehardware.com\/wp-content\/uploads\/2025\/02\/AK.5201-single-line-wine-holder-rack-_1240x1360px.webp",1240,1360,false],"2048x2048":["https:\/\/www.amorhomehardware.com\/wp-content\/uploads\/2025\/02\/AK.5201-single-line-wine-holder-rack-_1240x1360px.webp",1240,1360,false],"trp-custom-language-flag":["https:\/\/www.amorhomehardware.com\/wp-content\/uploads\/2025\/02\/AK.5201-single-line-wine-holder-rack-_1240x1360px-11x12.webp",11,12,true],"woocommerce_archive_thumbnail":["https:\/\/www.amorhomehardware.com\/wp-content\/uploads\/2025\/02\/AK.5201-single-line-wine-holder-rack-_1240x1360px-600x600.webp",600,600,true],"woocommerce_thumbnail":["https:\/\/www.amorhomehardware.com\/wp-content\/uploads\/2025\/02\/AK.5201-single-line-wine-holder-rack-_1240x1360px-600x600.webp",600,600,true],"woocommerce_single":["https:\/\/www.amorhomehardware.com\/wp-content\/uploads\/2025\/02\/AK.5201-single-line-wine-holder-rack-_1240x1360px-600x658.webp",600,658,true],"woocommerce_gallery_thumbnail":["https:\/\/www.amorhomehardware.com\/wp-content\/uploads\/2025\/02\/AK.5201-single-line-wine-holder-rack-_1240x1360px-100x100.webp",100,100,true]},"uagb_author_info":{"display_name":"amorhome","author_link":"https:\/\/www.amorhomehardware.com\/pt\/author\/"},"uagb_comment_info":0,"uagb_excerpt":"Singe Line Wine Holder Steel Glass Wine Rack Hanging Stemware Rack for bar kitchen cabinet Material: 201 Stainless Steel Finish: Primary Size: L270*W90*H70mm Item No.: AK.5201","_links":{"self":[{"href":"https:\/\/www.amorhomehardware.com\/pt\/wp-json\/wp\/v2\/product\/1881","targetHints":{"allow":["GET"]}}],"collection":[{"href":"https:\/\/www.amorhomehardware.com\/pt\/wp-json\/wp\/v2\/product"}],"about":[{"href":"https:\/\/www.amorhomehardware.com\/pt\/wp-json\/wp\/v2\/types\/product"}],"replies":[{"embeddable":true,"href":"https:\/\/www.amorhomehardware.com\/pt\/wp-json\/wp\/v2\/comments?post=1881"}],"wp:featuredmedia":[{"embeddable":true,"href":"https:\/\/www.amorhomehardware.com\/pt\/wp-json\/wp\/v2\/media\/1867"}],"wp:attachment":[{"href":"https:\/\/www.amorhomehardware.com\/pt\/wp-json\/wp\/v2\/media?parent=1881"}],"wp:term":[{"taxonomy":"product_brand","embeddable":true,"href":"https:\/\/www.amorhomehardware.com\/pt\/wp-json\/wp\/v2\/product_brand?post=1881"},{"taxonomy":"product_cat","embeddable":true,"href":"https:\/\/www.amorhomehardware.com\/pt\/wp-json\/wp\/v2\/product_cat?post=1881"},{"taxonomy":"product_tag","embeddable":true,"href":"https:\/\/www.amorhomehardware.com\/pt\/wp-json\/wp\/v2\/product_tag?post=1881"}],"curies":[{"name":"wp","href":"https:\/\/api.w.org\/{rel}","templated":true}]}}