{"id":1828,"date":"2025-02-12T11:12:59","date_gmt":"2025-02-12T03:12:59","guid":{"rendered":"https:\/\/www.amorhomehardware.com\/?post_type=product&#038;p=1828"},"modified":"2025-02-15T18:47:05","modified_gmt":"2025-02-15T10:47:05","slug":"stainless-steel-furniture-feet-metal-sofa-legs-af-4104-copy","status":"publish","type":"product","link":"https:\/\/www.amorhomehardware.com\/pt\/produto\/stainless-steel-furniture-feet-metal-sofa-legs-af-4104-copy\/","title":{"rendered":"P\u00e9s para m\u00f3veis em liga de alum\u00ednio Pernas de sof\u00e1 em metal - AF.4201"},"content":{"rendered":"<p>\u3010Design\u3011Designed with 100\/120\/150 height for option, the Aluminum Alloy furniture legs are flexible and practical for various furniture and stable installation with 4 mounting holes screwing on.<br \/>\n\u3010Application\u3011The table legs are very suitable for most home furniture, such as sofas, couches, chairs, desks, tables, beds, cabinets, TV stands, dressers, bookshelves, love seats, ottomans, cupboards, and other DIY furniture<\/p>","protected":false},"excerpt":{"rendered":"<p>Liga de alum\u00ednio para m\u00f3veis P\u00e9s de metal para sof\u00e1 P\u00e9s de arm\u00e1rio ajust\u00e1veis P\u00e9s de mesa P\u00e9s de mesa de caf\u00e9 P\u00e9s de substitui\u00e7\u00e3o de mesa de caf\u00e9<br \/>\nMaterial: Liga de alum\u00ednio<br \/>\nAcabamento: Mate<br \/>\nTamanho: Placa de base 68*68*3.5mm,Tubo 38*38*0.7mm<br \/>\nTamanho dos p\u00e9s: H100\/120\/150mm<\/p>\n<p><strong>N.\u00ba do artigo: AF.4201<\/strong><\/p>","protected":false},"featured_media":1825,"comment_status":"closed","ping_status":"closed","template":"","meta":{"_seopress_robots_primary_cat":"","_seopress_titles_title":"","_seopress_titles_desc":"","_seopress_robots_index":"","_uag_custom_page_level_css":"","_joinchat":[]},"product_brand":[],"product_cat":[31,19],"product_tag":[],"class_list":{"0":"post-1828","1":"product","2":"type-product","3":"status-publish","4":"has-post-thumbnail","6":"product_cat-fruniture-legs","7":"product_cat-furniture-hardware","9":"first","10":"instock","11":"shipping-taxable","12":"product-type-simple"},"uagb_featured_image_src":{"full":["https:\/\/www.amorhomehardware.com\/wp-content\/uploads\/2025\/02\/AF.4201-furniture-feet.webp",630,630,false],"thumbnail":["https:\/\/www.amorhomehardware.com\/wp-content\/uploads\/2025\/02\/AF.4201-furniture-feet-150x150.webp",150,150,true],"medium":["https:\/\/www.amorhomehardware.com\/wp-content\/uploads\/2025\/02\/AF.4201-furniture-feet-300x300.webp",300,300,true],"medium_large":["https:\/\/www.amorhomehardware.com\/wp-content\/uploads\/2025\/02\/AF.4201-furniture-feet.webp",630,630,false],"large":["https:\/\/www.amorhomehardware.com\/wp-content\/uploads\/2025\/02\/AF.4201-furniture-feet.webp",630,630,false],"1536x1536":["https:\/\/www.amorhomehardware.com\/wp-content\/uploads\/2025\/02\/AF.4201-furniture-feet.webp",630,630,false],"2048x2048":["https:\/\/www.amorhomehardware.com\/wp-content\/uploads\/2025\/02\/AF.4201-furniture-feet.webp",630,630,false],"trp-custom-language-flag":["https:\/\/www.amorhomehardware.com\/wp-content\/uploads\/2025\/02\/AF.4201-furniture-feet-12x12.webp",12,12,true],"woocommerce_archive_thumbnail":["https:\/\/www.amorhomehardware.com\/wp-content\/uploads\/2025\/02\/AF.4201-furniture-feet-600x600.webp",600,600,true],"woocommerce_thumbnail":["https:\/\/www.amorhomehardware.com\/wp-content\/uploads\/2025\/02\/AF.4201-furniture-feet-600x600.webp",600,600,true],"woocommerce_single":["https:\/\/www.amorhomehardware.com\/wp-content\/uploads\/2025\/02\/AF.4201-furniture-feet-600x600.webp",600,600,true],"woocommerce_gallery_thumbnail":["https:\/\/www.amorhomehardware.com\/wp-content\/uploads\/2025\/02\/AF.4201-furniture-feet-100x100.webp",100,100,true]},"uagb_author_info":{"display_name":"amorhome","author_link":"https:\/\/www.amorhomehardware.com\/pt\/author\/"},"uagb_comment_info":0,"uagb_excerpt":"Aluminum Alloy Furniture Feet Metal Sofa Legs Adjustable Cabinet Feet Table Legs Coffee Table Replacement Legs Material: Aluminum Alloy Finish: Matt Size: Baseplate 68*68*3.5mm,Tube 38*38*0.7mm Feet Size: H100\/120\/150mm Item No.: AF.4201","_links":{"self":[{"href":"https:\/\/www.amorhomehardware.com\/pt\/wp-json\/wp\/v2\/product\/1828","targetHints":{"allow":["GET"]}}],"collection":[{"href":"https:\/\/www.amorhomehardware.com\/pt\/wp-json\/wp\/v2\/product"}],"about":[{"href":"https:\/\/www.amorhomehardware.com\/pt\/wp-json\/wp\/v2\/types\/product"}],"replies":[{"embeddable":true,"href":"https:\/\/www.amorhomehardware.com\/pt\/wp-json\/wp\/v2\/comments?post=1828"}],"wp:featuredmedia":[{"embeddable":true,"href":"https:\/\/www.amorhomehardware.com\/pt\/wp-json\/wp\/v2\/media\/1825"}],"wp:attachment":[{"href":"https:\/\/www.amorhomehardware.com\/pt\/wp-json\/wp\/v2\/media?parent=1828"}],"wp:term":[{"taxonomy":"product_brand","embeddable":true,"href":"https:\/\/www.amorhomehardware.com\/pt\/wp-json\/wp\/v2\/product_brand?post=1828"},{"taxonomy":"product_cat","embeddable":true,"href":"https:\/\/www.amorhomehardware.com\/pt\/wp-json\/wp\/v2\/product_cat?post=1828"},{"taxonomy":"product_tag","embeddable":true,"href":"https:\/\/www.amorhomehardware.com\/pt\/wp-json\/wp\/v2\/product_tag?post=1828"}],"curies":[{"name":"wp","href":"https:\/\/api.w.org\/{rel}","templated":true}]}}