{"id":1827,"date":"2025-02-12T11:09:59","date_gmt":"2025-02-12T03:09:59","guid":{"rendered":"https:\/\/www.amorhomehardware.com\/?post_type=product&#038;p=1827"},"modified":"2025-02-15T18:46:57","modified_gmt":"2025-02-15T10:46:57","slug":"furniture-feet-metal-sofa-legs-cabinet-desk-legs-af-4002","status":"publish","type":"product","link":"https:\/\/www.amorhomehardware.com\/pt\/produto\/furniture-feet-metal-sofa-legs-cabinet-desk-legs-af-4002\/","title":{"rendered":"P\u00e9s para m\u00f3veis P\u00e9s de metal para sof\u00e1s P\u00e9s de mesa para arm\u00e1rios - AF.4002"},"content":{"rendered":"<p>\u3010Design\u3011The bottom of the black furniture legs has a rubber pad that can protect the floor from scratches and reduce noise.<br \/>\n\u3010Application\u3011Fit for a lot of furniture like TV cabinet, coffee table, sofa, couch, cupboard, shelves, ottomans, cupboards and other DIY furniture<\/p>","protected":false},"excerpt":{"rendered":"<p>P\u00e9s de a\u00e7o para m\u00f3veis P\u00e9s de metal para arm\u00e1rios Pernas de secret\u00e1ria Pernas de sof\u00e1 Pernas de mesa de caf\u00e9 Pernas de substitui\u00e7\u00e3o para m\u00f3veis DIY<br \/>\nMaterial: A\u00e7o<br \/>\nAcabamento: Cromado<br \/>\nTamanho dos p\u00e9s: H95\/100\/215mm<\/p>\n<p><strong>N.\u00ba do artigo: AF.4002<\/strong><\/p>","protected":false},"featured_media":1826,"comment_status":"closed","ping_status":"closed","template":"","meta":{"_seopress_robots_primary_cat":"","_seopress_titles_title":"","_seopress_titles_desc":"","_seopress_robots_index":"","_uag_custom_page_level_css":"","_joinchat":[]},"product_brand":[],"product_cat":[31,19],"product_tag":[],"class_list":{"0":"post-1827","1":"product","2":"type-product","3":"status-publish","4":"has-post-thumbnail","6":"product_cat-fruniture-legs","7":"product_cat-furniture-hardware","9":"first","10":"instock","11":"shipping-taxable","12":"product-type-simple"},"uagb_featured_image_src":{"full":["https:\/\/www.amorhomehardware.com\/wp-content\/uploads\/2025\/02\/AF.4002-sofa-leg.webp",630,630,false],"thumbnail":["https:\/\/www.amorhomehardware.com\/wp-content\/uploads\/2025\/02\/AF.4002-sofa-leg-150x150.webp",150,150,true],"medium":["https:\/\/www.amorhomehardware.com\/wp-content\/uploads\/2025\/02\/AF.4002-sofa-leg-300x300.webp",300,300,true],"medium_large":["https:\/\/www.amorhomehardware.com\/wp-content\/uploads\/2025\/02\/AF.4002-sofa-leg.webp",630,630,false],"large":["https:\/\/www.amorhomehardware.com\/wp-content\/uploads\/2025\/02\/AF.4002-sofa-leg.webp",630,630,false],"1536x1536":["https:\/\/www.amorhomehardware.com\/wp-content\/uploads\/2025\/02\/AF.4002-sofa-leg.webp",630,630,false],"2048x2048":["https:\/\/www.amorhomehardware.com\/wp-content\/uploads\/2025\/02\/AF.4002-sofa-leg.webp",630,630,false],"trp-custom-language-flag":["https:\/\/www.amorhomehardware.com\/wp-content\/uploads\/2025\/02\/AF.4002-sofa-leg-12x12.webp",12,12,true],"woocommerce_archive_thumbnail":["https:\/\/www.amorhomehardware.com\/wp-content\/uploads\/2025\/02\/AF.4002-sofa-leg-600x600.webp",600,600,true],"woocommerce_thumbnail":["https:\/\/www.amorhomehardware.com\/wp-content\/uploads\/2025\/02\/AF.4002-sofa-leg-600x600.webp",600,600,true],"woocommerce_single":["https:\/\/www.amorhomehardware.com\/wp-content\/uploads\/2025\/02\/AF.4002-sofa-leg-600x600.webp",600,600,true],"woocommerce_gallery_thumbnail":["https:\/\/www.amorhomehardware.com\/wp-content\/uploads\/2025\/02\/AF.4002-sofa-leg-100x100.webp",100,100,true]},"uagb_author_info":{"display_name":"amorhome","author_link":"https:\/\/www.amorhomehardware.com\/pt\/author\/"},"uagb_comment_info":0,"uagb_excerpt":"Steel Furniture Feet Metal Cabinet Desk Legs Sofa Legs Coffee Table Replacement Legs DIY furniture legs Material: Steel Finish: Chrome Feet Size: H95\/100\/215mm Item No.: AF.4002","_links":{"self":[{"href":"https:\/\/www.amorhomehardware.com\/pt\/wp-json\/wp\/v2\/product\/1827","targetHints":{"allow":["GET"]}}],"collection":[{"href":"https:\/\/www.amorhomehardware.com\/pt\/wp-json\/wp\/v2\/product"}],"about":[{"href":"https:\/\/www.amorhomehardware.com\/pt\/wp-json\/wp\/v2\/types\/product"}],"replies":[{"embeddable":true,"href":"https:\/\/www.amorhomehardware.com\/pt\/wp-json\/wp\/v2\/comments?post=1827"}],"wp:featuredmedia":[{"embeddable":true,"href":"https:\/\/www.amorhomehardware.com\/pt\/wp-json\/wp\/v2\/media\/1826"}],"wp:attachment":[{"href":"https:\/\/www.amorhomehardware.com\/pt\/wp-json\/wp\/v2\/media?parent=1827"}],"wp:term":[{"taxonomy":"product_brand","embeddable":true,"href":"https:\/\/www.amorhomehardware.com\/pt\/wp-json\/wp\/v2\/product_brand?post=1827"},{"taxonomy":"product_cat","embeddable":true,"href":"https:\/\/www.amorhomehardware.com\/pt\/wp-json\/wp\/v2\/product_cat?post=1827"},{"taxonomy":"product_tag","embeddable":true,"href":"https:\/\/www.amorhomehardware.com\/pt\/wp-json\/wp\/v2\/product_tag?post=1827"}],"curies":[{"name":"wp","href":"https:\/\/api.w.org\/{rel}","templated":true}]}}