{"id":1811,"date":"2025-02-12T10:03:22","date_gmt":"2025-02-12T02:03:22","guid":{"rendered":"https:\/\/www.amorhomehardware.com\/?post_type=product&#038;p=1811"},"modified":"2025-02-12T10:45:47","modified_gmt":"2025-02-12T02:45:47","slug":"pvc-kitchen-plinth-panel-af-3000","status":"publish","type":"product","link":"https:\/\/www.amorhomehardware.com\/pt\/produto\/pvc-kitchen-plinth-panel-af-3000\/","title":{"rendered":"Rodap\u00e9 de cozinha em PVC - AF.3000"},"content":{"rendered":"<p>\u3010Feature\u3011The Plinth Panel is made of Aluminium-coated PVC, installed on the surface of the cabinet, and has a molded gasket strip which prevents the dust from going beneath the cabinet and keeps the area under the carcass clean.<\/p>","protected":false},"excerpt":{"rendered":"<p>Rodap\u00e9 de PVC Painel de rodap\u00e9 de cozinha<br \/>\nMaterial: PVC+ Alum\u00ednio<br \/>\nAcabamento: Mancha\/Preto\/Branco\/Alum\u00ednio<br \/>\nTamanho: H100\/120\/150mm*4000mm<br \/>\n\u00c0 prova de \u00e1gua num lado e em ambos os lados, opcional<br \/>\nOutros produtos sugeridos para instala\u00e7\u00e3o: Conector de canto, p\u00e9s ajust\u00e1veis.<\/p>\n<p><strong>N.\u00ba do artigo: AF.3000<\/strong><\/p>","protected":false},"featured_media":1813,"comment_status":"closed","ping_status":"closed","template":"","meta":{"_seopress_robots_primary_cat":"","_seopress_titles_title":"","_seopress_titles_desc":"","_seopress_robots_index":"","_uag_custom_page_level_css":"","_joinchat":[]},"product_brand":[],"product_cat":[20,35],"product_tag":[],"class_list":{"0":"post-1811","1":"product","2":"type-product","3":"status-publish","4":"has-post-thumbnail","6":"product_cat-kitchen-fittings","7":"product_cat-kitchen-plinth-panel","9":"first","10":"instock","11":"shipping-taxable","12":"product-type-simple"},"uagb_featured_image_src":{"full":["https:\/\/www.amorhomehardware.com\/wp-content\/uploads\/2025\/02\/AF.3000-plinth-panel.webp",1240,1360,false],"thumbnail":["https:\/\/www.amorhomehardware.com\/wp-content\/uploads\/2025\/02\/AF.3000-plinth-panel-150x150.webp",150,150,true],"medium":["https:\/\/www.amorhomehardware.com\/wp-content\/uploads\/2025\/02\/AF.3000-plinth-panel-274x300.webp",274,300,true],"medium_large":["https:\/\/www.amorhomehardware.com\/wp-content\/uploads\/2025\/02\/AF.3000-plinth-panel-768x842.webp",768,842,true],"large":["https:\/\/www.amorhomehardware.com\/wp-content\/uploads\/2025\/02\/AF.3000-plinth-panel-934x1024.webp",934,1024,true],"1536x1536":["https:\/\/www.amorhomehardware.com\/wp-content\/uploads\/2025\/02\/AF.3000-plinth-panel.webp",1240,1360,false],"2048x2048":["https:\/\/www.amorhomehardware.com\/wp-content\/uploads\/2025\/02\/AF.3000-plinth-panel.webp",1240,1360,false],"trp-custom-language-flag":["https:\/\/www.amorhomehardware.com\/wp-content\/uploads\/2025\/02\/AF.3000-plinth-panel-11x12.webp",11,12,true],"woocommerce_archive_thumbnail":["https:\/\/www.amorhomehardware.com\/wp-content\/uploads\/2025\/02\/AF.3000-plinth-panel-600x600.webp",600,600,true],"woocommerce_thumbnail":["https:\/\/www.amorhomehardware.com\/wp-content\/uploads\/2025\/02\/AF.3000-plinth-panel-600x600.webp",600,600,true],"woocommerce_single":["https:\/\/www.amorhomehardware.com\/wp-content\/uploads\/2025\/02\/AF.3000-plinth-panel-600x658.webp",600,658,true],"woocommerce_gallery_thumbnail":["https:\/\/www.amorhomehardware.com\/wp-content\/uploads\/2025\/02\/AF.3000-plinth-panel-100x100.webp",100,100,true]},"uagb_author_info":{"display_name":"amorhome","author_link":"https:\/\/www.amorhomehardware.com\/pt\/author\/"},"uagb_comment_info":0,"uagb_excerpt":"PVC Skirting Board Kitchen Plinth Panel Material: PVC+ Aluminiun Finish: Stain\/Black\/White\/Aluminum Size: H100\/120\/150mm*4000mm Water Proof for one side and both side optional Other products suggested to install: Corner Connector, Adjustable Feet. Item No.: AF.3000","_links":{"self":[{"href":"https:\/\/www.amorhomehardware.com\/pt\/wp-json\/wp\/v2\/product\/1811","targetHints":{"allow":["GET"]}}],"collection":[{"href":"https:\/\/www.amorhomehardware.com\/pt\/wp-json\/wp\/v2\/product"}],"about":[{"href":"https:\/\/www.amorhomehardware.com\/pt\/wp-json\/wp\/v2\/types\/product"}],"replies":[{"embeddable":true,"href":"https:\/\/www.amorhomehardware.com\/pt\/wp-json\/wp\/v2\/comments?post=1811"}],"wp:featuredmedia":[{"embeddable":true,"href":"https:\/\/www.amorhomehardware.com\/pt\/wp-json\/wp\/v2\/media\/1813"}],"wp:attachment":[{"href":"https:\/\/www.amorhomehardware.com\/pt\/wp-json\/wp\/v2\/media?parent=1811"}],"wp:term":[{"taxonomy":"product_brand","embeddable":true,"href":"https:\/\/www.amorhomehardware.com\/pt\/wp-json\/wp\/v2\/product_brand?post=1811"},{"taxonomy":"product_cat","embeddable":true,"href":"https:\/\/www.amorhomehardware.com\/pt\/wp-json\/wp\/v2\/product_cat?post=1811"},{"taxonomy":"product_tag","embeddable":true,"href":"https:\/\/www.amorhomehardware.com\/pt\/wp-json\/wp\/v2\/product_tag?post=1811"}],"curies":[{"name":"wp","href":"https:\/\/api.w.org\/{rel}","templated":true}]}}