{"id":1810,"date":"2025-02-12T10:00:53","date_gmt":"2025-02-12T02:00:53","guid":{"rendered":"https:\/\/www.amorhomehardware.com\/?post_type=product&#038;p=1810"},"modified":"2025-02-12T11:53:14","modified_gmt":"2025-02-12T03:53:14","slug":"cabinet-lid-stay-mechanical-lift-ay-1002","status":"publish","type":"product","link":"https:\/\/www.amorhomehardware.com\/pt\/produto\/cabinet-lid-stay-mechanical-lift-ay-1002\/","title":{"rendered":"Levantamento mec\u00e2nico da tampa do arm\u00e1rio - AY.1002"},"content":{"rendered":"<p>\u3010Feature\u3011The Lid stay can adjust the loading force and free stop at the position, if you want soft closing function you can match the soft closing hinge in the cabinet.<br \/>\n\u3010Application\u3011 The Lid stay system is widely used in Kitchen, home office, living room, bedroom, apartment cabinets, closets etc<\/p>","protected":false},"excerpt":{"rendered":"<p>Suporte de eleva\u00e7\u00e3o da tampa Suporte mec\u00e2nico<br \/>\nMaterial: A\u00e7o<br \/>\nAcabamento: Niquelado<br \/>\nAdequado para arm\u00e1rios com uma largura m\u00e1xima de 800 mm<br \/>\nPeso de carga: 3-4kgs<\/p>\n<p><strong>N.\u00ba do artigo: AY.1002<\/strong><\/p>","protected":false},"featured_media":1834,"comment_status":"closed","ping_status":"closed","template":"","meta":{"_seopress_robots_primary_cat":"","_seopress_titles_title":"","_seopress_titles_desc":"","_seopress_robots_index":"","_uag_custom_page_level_css":"","_joinchat":[]},"product_brand":[],"product_cat":[20,58],"product_tag":[],"class_list":{"0":"post-1810","1":"product","2":"type-product","3":"status-publish","4":"has-post-thumbnail","6":"product_cat-kitchen-fittings","7":"product_cat-support-stays","9":"first","10":"instock","11":"shipping-taxable","12":"product-type-simple"},"uagb_featured_image_src":{"full":["https:\/\/www.amorhomehardware.com\/wp-content\/uploads\/2025\/02\/AY.1002-Lid-Stay-Support.webp",630,630,false],"thumbnail":["https:\/\/www.amorhomehardware.com\/wp-content\/uploads\/2025\/02\/AY.1002-Lid-Stay-Support-150x150.webp",150,150,true],"medium":["https:\/\/www.amorhomehardware.com\/wp-content\/uploads\/2025\/02\/AY.1002-Lid-Stay-Support-300x300.webp",300,300,true],"medium_large":["https:\/\/www.amorhomehardware.com\/wp-content\/uploads\/2025\/02\/AY.1002-Lid-Stay-Support.webp",630,630,false],"large":["https:\/\/www.amorhomehardware.com\/wp-content\/uploads\/2025\/02\/AY.1002-Lid-Stay-Support.webp",630,630,false],"1536x1536":["https:\/\/www.amorhomehardware.com\/wp-content\/uploads\/2025\/02\/AY.1002-Lid-Stay-Support.webp",630,630,false],"2048x2048":["https:\/\/www.amorhomehardware.com\/wp-content\/uploads\/2025\/02\/AY.1002-Lid-Stay-Support.webp",630,630,false],"trp-custom-language-flag":["https:\/\/www.amorhomehardware.com\/wp-content\/uploads\/2025\/02\/AY.1002-Lid-Stay-Support-12x12.webp",12,12,true],"woocommerce_archive_thumbnail":["https:\/\/www.amorhomehardware.com\/wp-content\/uploads\/2025\/02\/AY.1002-Lid-Stay-Support-600x600.webp",600,600,true],"woocommerce_thumbnail":["https:\/\/www.amorhomehardware.com\/wp-content\/uploads\/2025\/02\/AY.1002-Lid-Stay-Support-600x600.webp",600,600,true],"woocommerce_single":["https:\/\/www.amorhomehardware.com\/wp-content\/uploads\/2025\/02\/AY.1002-Lid-Stay-Support-600x600.webp",600,600,true],"woocommerce_gallery_thumbnail":["https:\/\/www.amorhomehardware.com\/wp-content\/uploads\/2025\/02\/AY.1002-Lid-Stay-Support-100x100.webp",100,100,true]},"uagb_author_info":{"display_name":"amorhome","author_link":"https:\/\/www.amorhomehardware.com\/pt\/author\/"},"uagb_comment_info":0,"uagb_excerpt":"Lid Stay Lift Support mechanical support Material: Steel Finish: Nickel Plated Suitable for cabinet width max to 800mm Loading weight: 3-4kgs Item No.: AY.1002","_links":{"self":[{"href":"https:\/\/www.amorhomehardware.com\/pt\/wp-json\/wp\/v2\/product\/1810","targetHints":{"allow":["GET"]}}],"collection":[{"href":"https:\/\/www.amorhomehardware.com\/pt\/wp-json\/wp\/v2\/product"}],"about":[{"href":"https:\/\/www.amorhomehardware.com\/pt\/wp-json\/wp\/v2\/types\/product"}],"replies":[{"embeddable":true,"href":"https:\/\/www.amorhomehardware.com\/pt\/wp-json\/wp\/v2\/comments?post=1810"}],"wp:featuredmedia":[{"embeddable":true,"href":"https:\/\/www.amorhomehardware.com\/pt\/wp-json\/wp\/v2\/media\/1834"}],"wp:attachment":[{"href":"https:\/\/www.amorhomehardware.com\/pt\/wp-json\/wp\/v2\/media?parent=1810"}],"wp:term":[{"taxonomy":"product_brand","embeddable":true,"href":"https:\/\/www.amorhomehardware.com\/pt\/wp-json\/wp\/v2\/product_brand?post=1810"},{"taxonomy":"product_cat","embeddable":true,"href":"https:\/\/www.amorhomehardware.com\/pt\/wp-json\/wp\/v2\/product_cat?post=1810"},{"taxonomy":"product_tag","embeddable":true,"href":"https:\/\/www.amorhomehardware.com\/pt\/wp-json\/wp\/v2\/product_tag?post=1810"}],"curies":[{"name":"wp","href":"https:\/\/api.w.org\/{rel}","templated":true}]}}