{"id":1748,"date":"2025-02-08T12:52:50","date_gmt":"2025-02-08T04:52:50","guid":{"rendered":"https:\/\/www.amorhomehardware.com\/?post_type=product&#038;p=1748"},"modified":"2025-02-08T12:54:11","modified_gmt":"2025-02-08T04:54:11","slug":"towel-shelf-for-bathroom-au-1002","status":"publish","type":"product","link":"https:\/\/www.amorhomehardware.com\/pt\/produto\/towel-shelf-for-bathroom-au-1002\/","title":{"rendered":"Prateleira de toalhas para casa de banho - AU.1002"},"content":{"rendered":"<p>\u00c9 uma barra multi-camada, dobr\u00e1vel e multifuncional para toalhas de casa de banho, com design de montagem na parede.<br \/>\nF\u00e1cil de montar, pacote de hardware, guia de instala\u00e7\u00e3o e parafusos de a\u00e7o inoxid\u00e1vel inclu\u00eddos<br \/>\nElegante e combina com uma variedade de estilos de decora\u00e7\u00e3o de casa<\/p>","protected":false},"excerpt":{"rendered":"<p>Prateleira de toalhas para casa de banho<br \/>\nCamada dupla, multipolar, com gancho, dobr\u00e1vel<br \/>\nMaterial:  SUS304<br \/>\nAcabamento: Cromado<br \/>\nTamanho: 60cm<br \/>\nPeso: 1400G<\/p>\n<p>N.\u00ba do artigo: AU.1002<\/p>","protected":false},"featured_media":1749,"comment_status":"open","ping_status":"closed","template":"","meta":{"_seopress_robots_primary_cat":"","_seopress_titles_title":"","_seopress_titles_desc":"","_seopress_robots_index":"","_uag_custom_page_level_css":"","_joinchat":[]},"product_brand":[],"product_cat":[63],"product_tag":[],"class_list":{"0":"post-1748","1":"product","2":"type-product","3":"status-publish","4":"has-post-thumbnail","6":"product_cat-towel-shelf","8":"first","9":"instock","10":"shipping-taxable","11":"product-type-simple"},"uagb_featured_image_src":{"full":["https:\/\/www.amorhomehardware.com\/wp-content\/uploads\/2025\/02\/AU.1002-two-layer-bathroom-shelf.webp",630,630,false],"thumbnail":["https:\/\/www.amorhomehardware.com\/wp-content\/uploads\/2025\/02\/AU.1002-two-layer-bathroom-shelf-150x150.webp",150,150,true],"medium":["https:\/\/www.amorhomehardware.com\/wp-content\/uploads\/2025\/02\/AU.1002-two-layer-bathroom-shelf-300x300.webp",300,300,true],"medium_large":["https:\/\/www.amorhomehardware.com\/wp-content\/uploads\/2025\/02\/AU.1002-two-layer-bathroom-shelf.webp",630,630,false],"large":["https:\/\/www.amorhomehardware.com\/wp-content\/uploads\/2025\/02\/AU.1002-two-layer-bathroom-shelf.webp",630,630,false],"1536x1536":["https:\/\/www.amorhomehardware.com\/wp-content\/uploads\/2025\/02\/AU.1002-two-layer-bathroom-shelf.webp",630,630,false],"2048x2048":["https:\/\/www.amorhomehardware.com\/wp-content\/uploads\/2025\/02\/AU.1002-two-layer-bathroom-shelf.webp",630,630,false],"trp-custom-language-flag":["https:\/\/www.amorhomehardware.com\/wp-content\/uploads\/2025\/02\/AU.1002-two-layer-bathroom-shelf-12x12.webp",12,12,true],"woocommerce_archive_thumbnail":["https:\/\/www.amorhomehardware.com\/wp-content\/uploads\/2025\/02\/AU.1002-two-layer-bathroom-shelf-600x600.webp",600,600,true],"woocommerce_thumbnail":["https:\/\/www.amorhomehardware.com\/wp-content\/uploads\/2025\/02\/AU.1002-two-layer-bathroom-shelf-600x600.webp",600,600,true],"woocommerce_single":["https:\/\/www.amorhomehardware.com\/wp-content\/uploads\/2025\/02\/AU.1002-two-layer-bathroom-shelf-600x600.webp",600,600,true],"woocommerce_gallery_thumbnail":["https:\/\/www.amorhomehardware.com\/wp-content\/uploads\/2025\/02\/AU.1002-two-layer-bathroom-shelf-100x100.webp",100,100,true]},"uagb_author_info":{"display_name":"amorhome","author_link":"https:\/\/www.amorhomehardware.com\/pt\/author\/"},"uagb_comment_info":0,"uagb_excerpt":"Towel Shelf for bathroom Double-Layer, Multi-Pole, with Hook, Foldable Material: SUS304 Finish: Chrome Size: 60cm Weight: 1400G Item No.: AU.1002","_links":{"self":[{"href":"https:\/\/www.amorhomehardware.com\/pt\/wp-json\/wp\/v2\/product\/1748","targetHints":{"allow":["GET"]}}],"collection":[{"href":"https:\/\/www.amorhomehardware.com\/pt\/wp-json\/wp\/v2\/product"}],"about":[{"href":"https:\/\/www.amorhomehardware.com\/pt\/wp-json\/wp\/v2\/types\/product"}],"replies":[{"embeddable":true,"href":"https:\/\/www.amorhomehardware.com\/pt\/wp-json\/wp\/v2\/comments?post=1748"}],"wp:featuredmedia":[{"embeddable":true,"href":"https:\/\/www.amorhomehardware.com\/pt\/wp-json\/wp\/v2\/media\/1749"}],"wp:attachment":[{"href":"https:\/\/www.amorhomehardware.com\/pt\/wp-json\/wp\/v2\/media?parent=1748"}],"wp:term":[{"taxonomy":"product_brand","embeddable":true,"href":"https:\/\/www.amorhomehardware.com\/pt\/wp-json\/wp\/v2\/product_brand?post=1748"},{"taxonomy":"product_cat","embeddable":true,"href":"https:\/\/www.amorhomehardware.com\/pt\/wp-json\/wp\/v2\/product_cat?post=1748"},{"taxonomy":"product_tag","embeddable":true,"href":"https:\/\/www.amorhomehardware.com\/pt\/wp-json\/wp\/v2\/product_tag?post=1748"}],"curies":[{"name":"wp","href":"https:\/\/api.w.org\/{rel}","templated":true}]}}