{"id":1687,"date":"2025-02-07T10:43:00","date_gmt":"2025-02-07T02:43:00","guid":{"rendered":"https:\/\/www.amorhomehardware.com\/?post_type=product&#038;p=1687"},"modified":"2025-02-07T11:34:56","modified_gmt":"2025-02-07T03:34:56","slug":"stainless-steel-floor-drainer-au-0001","status":"publish","type":"product","link":"https:\/\/www.amorhomehardware.com\/pt\/produto\/stainless-steel-floor-drainer-au-0001\/","title":{"rendered":"Escorredor de ch\u00e3o em a\u00e7o inoxid\u00e1vel - AU.0001"},"content":{"rendered":"<p>Amorhome Os ralos de pavimento s\u00e3o essenciais em muitos locais, incluindo restaurantes, centros comerciais, spas e gin\u00e1sios.<br \/>\n\u00c9 instalado para evitar danos causados pela \u00e1gua e pela \u00e1gua parada. Encontram-se frequentemente em \u00e1reas com elevado consumo de \u00e1gua, como cozinhas, casas de banho e caves.<br \/>\nFloor drains can be round, square, or rectangular, typically 2\u201312 inches in diameter for option.<\/p>","protected":false},"excerpt":{"rendered":"<p>Dreno de pavimento em a\u00e7o inoxid\u00e1vel Dreno de pavimento interior<br \/>\nMaterial: SUS304<br \/>\nProcesso de acabamento da superf\u00edcie: Escovado\/Brilhante\/Mate\/Preto\/Cinza opcional<br \/>\nSize:3.2*30\/40\/50\/60\/70\/80\/90\/100cm<br \/>\nEspessura: 2,5 mm<br \/>\n5 design opcional<\/p>\n<p>N.\u00ba do artigo: AU.0001<\/p>","protected":false},"featured_media":1694,"comment_status":"closed","ping_status":"closed","template":"","meta":{"_seopress_robots_primary_cat":"","_seopress_titles_title":"","_seopress_titles_desc":"","_seopress_robots_index":"","_uag_custom_page_level_css":"","_joinchat":[]},"product_brand":[],"product_cat":[15],"product_tag":[],"class_list":{"0":"post-1687","1":"product","2":"type-product","3":"status-publish","4":"has-post-thumbnail","6":"product_cat-floor-drain","8":"first","9":"instock","10":"shipping-taxable","11":"product-type-simple"},"uagb_featured_image_src":{"full":["https:\/\/www.amorhomehardware.com\/wp-content\/uploads\/2025\/02\/AU.0001-narrow-stainless-steel-floor-drainer.webp",1000,1000,false],"thumbnail":["https:\/\/www.amorhomehardware.com\/wp-content\/uploads\/2025\/02\/AU.0001-narrow-stainless-steel-floor-drainer-150x150.webp",150,150,true],"medium":["https:\/\/www.amorhomehardware.com\/wp-content\/uploads\/2025\/02\/AU.0001-narrow-stainless-steel-floor-drainer-300x300.webp",300,300,true],"medium_large":["https:\/\/www.amorhomehardware.com\/wp-content\/uploads\/2025\/02\/AU.0001-narrow-stainless-steel-floor-drainer-768x768.webp",768,768,true],"large":["https:\/\/www.amorhomehardware.com\/wp-content\/uploads\/2025\/02\/AU.0001-narrow-stainless-steel-floor-drainer.webp",1000,1000,false],"1536x1536":["https:\/\/www.amorhomehardware.com\/wp-content\/uploads\/2025\/02\/AU.0001-narrow-stainless-steel-floor-drainer.webp",1000,1000,false],"2048x2048":["https:\/\/www.amorhomehardware.com\/wp-content\/uploads\/2025\/02\/AU.0001-narrow-stainless-steel-floor-drainer.webp",1000,1000,false],"trp-custom-language-flag":["https:\/\/www.amorhomehardware.com\/wp-content\/uploads\/2025\/02\/AU.0001-narrow-stainless-steel-floor-drainer-12x12.webp",12,12,true],"woocommerce_archive_thumbnail":["https:\/\/www.amorhomehardware.com\/wp-content\/uploads\/2025\/02\/AU.0001-narrow-stainless-steel-floor-drainer-600x600.webp",600,600,true],"woocommerce_thumbnail":["https:\/\/www.amorhomehardware.com\/wp-content\/uploads\/2025\/02\/AU.0001-narrow-stainless-steel-floor-drainer-600x600.webp",600,600,true],"woocommerce_single":["https:\/\/www.amorhomehardware.com\/wp-content\/uploads\/2025\/02\/AU.0001-narrow-stainless-steel-floor-drainer-600x600.webp",600,600,true],"woocommerce_gallery_thumbnail":["https:\/\/www.amorhomehardware.com\/wp-content\/uploads\/2025\/02\/AU.0001-narrow-stainless-steel-floor-drainer-100x100.webp",100,100,true]},"uagb_author_info":{"display_name":"amorhome","author_link":"https:\/\/www.amorhomehardware.com\/pt\/author\/"},"uagb_comment_info":0,"uagb_excerpt":"Stainless Steel Floor Drain Indoor Floor Drainer Material: SUS304 Surface Finish Process: Brushed\/Glossy\/Matt\/Black\/Grey optional Size:3.2*30\/40\/50\/60\/70\/80\/90\/100cm Thickness: 2.5mm 5 design optional Item No.: AU.0001","_links":{"self":[{"href":"https:\/\/www.amorhomehardware.com\/pt\/wp-json\/wp\/v2\/product\/1687","targetHints":{"allow":["GET"]}}],"collection":[{"href":"https:\/\/www.amorhomehardware.com\/pt\/wp-json\/wp\/v2\/product"}],"about":[{"href":"https:\/\/www.amorhomehardware.com\/pt\/wp-json\/wp\/v2\/types\/product"}],"replies":[{"embeddable":true,"href":"https:\/\/www.amorhomehardware.com\/pt\/wp-json\/wp\/v2\/comments?post=1687"}],"wp:featuredmedia":[{"embeddable":true,"href":"https:\/\/www.amorhomehardware.com\/pt\/wp-json\/wp\/v2\/media\/1694"}],"wp:attachment":[{"href":"https:\/\/www.amorhomehardware.com\/pt\/wp-json\/wp\/v2\/media?parent=1687"}],"wp:term":[{"taxonomy":"product_brand","embeddable":true,"href":"https:\/\/www.amorhomehardware.com\/pt\/wp-json\/wp\/v2\/product_brand?post=1687"},{"taxonomy":"product_cat","embeddable":true,"href":"https:\/\/www.amorhomehardware.com\/pt\/wp-json\/wp\/v2\/product_cat?post=1687"},{"taxonomy":"product_tag","embeddable":true,"href":"https:\/\/www.amorhomehardware.com\/pt\/wp-json\/wp\/v2\/product_tag?post=1687"}],"curies":[{"name":"wp","href":"https:\/\/api.w.org\/{rel}","templated":true}]}}