{"id":1331,"date":"2025-01-19T16:09:12","date_gmt":"2025-01-19T08:09:12","guid":{"rendered":"https:\/\/www.amorhomehardware.com\/?post_type=product&#038;p=1331"},"modified":"2025-02-12T10:03:04","modified_gmt":"2025-02-12T02:03:04","slug":"kitchen-cabinet-adjustable-feet-plinth-legs-with-clips-af-1101","status":"publish","type":"product","link":"https:\/\/www.amorhomehardware.com\/pt\/produto\/kitchen-cabinet-adjustable-feet-plinth-legs-with-clips-af-1101\/","title":{"rendered":"P\u00e9s regul\u00e1veis para arm\u00e1rios de cozinha Pernas de rodap\u00e9 com clipes - AF.1101"},"content":{"rendered":"<p>\u3010Feature\u3011The thicken feet can fit to the ground closely and avoid unbalance. It can be used for a long time and won\u2019t deform, there is a delicate screw thread to support firmled install it into cabinet.It is used together with plinth panel.<\/p>","protected":false},"excerpt":{"rendered":"<p>P\u00e9s ajust\u00e1veis para cozinha Perna de arm\u00e1rio para mobili\u00e1rio P\u00e9s de pl\u00e1stico para p\u00e9s (com furo para parafuso)<br \/>\nMaterial: Palstic<br \/>\nAcabamento: Preto<br \/>\nTamanho: H100\/120\/150mm<br \/>\nOutros produtos sugeridos para instala\u00e7\u00e3o: Conector de canto, painel de rodap\u00e9 em PVC<br \/>\nClipe diferente dispon\u00edvel<\/p>\n<p>N.\u00ba do artigo: AF.1101<\/p>","protected":false},"featured_media":1684,"comment_status":"closed","ping_status":"closed","template":"","meta":{"_seopress_robots_primary_cat":"","_seopress_titles_title":"","_seopress_titles_desc":"","_seopress_robots_index":"","_uag_custom_page_level_css":"","_joinchat":[]},"product_brand":[],"product_cat":[36,31,35],"product_tag":[],"class_list":{"0":"post-1331","1":"product","2":"type-product","3":"status-publish","4":"has-post-thumbnail","6":"product_cat-adjustable-feet","7":"product_cat-fruniture-legs","8":"product_cat-kitchen-plinth-panel","10":"first","11":"instock","12":"shipping-taxable","13":"product-type-simple"},"uagb_featured_image_src":{"full":["https:\/\/www.amorhomehardware.com\/wp-content\/uploads\/2025\/01\/AF.1101AF.2003-adjustable-plinth-panel-feet-with-clip.webp",1240,1360,false],"thumbnail":["https:\/\/www.amorhomehardware.com\/wp-content\/uploads\/2025\/01\/AF.1101AF.2003-adjustable-plinth-panel-feet-with-clip-150x150.webp",150,150,true],"medium":["https:\/\/www.amorhomehardware.com\/wp-content\/uploads\/2025\/01\/AF.1101AF.2003-adjustable-plinth-panel-feet-with-clip-274x300.webp",274,300,true],"medium_large":["https:\/\/www.amorhomehardware.com\/wp-content\/uploads\/2025\/01\/AF.1101AF.2003-adjustable-plinth-panel-feet-with-clip-768x842.webp",768,842,true],"large":["https:\/\/www.amorhomehardware.com\/wp-content\/uploads\/2025\/01\/AF.1101AF.2003-adjustable-plinth-panel-feet-with-clip-934x1024.webp",934,1024,true],"1536x1536":["https:\/\/www.amorhomehardware.com\/wp-content\/uploads\/2025\/01\/AF.1101AF.2003-adjustable-plinth-panel-feet-with-clip.webp",1240,1360,false],"2048x2048":["https:\/\/www.amorhomehardware.com\/wp-content\/uploads\/2025\/01\/AF.1101AF.2003-adjustable-plinth-panel-feet-with-clip.webp",1240,1360,false],"trp-custom-language-flag":["https:\/\/www.amorhomehardware.com\/wp-content\/uploads\/2025\/01\/AF.1101AF.2003-adjustable-plinth-panel-feet-with-clip-11x12.webp",11,12,true],"woocommerce_archive_thumbnail":["https:\/\/www.amorhomehardware.com\/wp-content\/uploads\/2025\/01\/AF.1101AF.2003-adjustable-plinth-panel-feet-with-clip-600x600.webp",600,600,true],"woocommerce_thumbnail":["https:\/\/www.amorhomehardware.com\/wp-content\/uploads\/2025\/01\/AF.1101AF.2003-adjustable-plinth-panel-feet-with-clip-600x600.webp",600,600,true],"woocommerce_single":["https:\/\/www.amorhomehardware.com\/wp-content\/uploads\/2025\/01\/AF.1101AF.2003-adjustable-plinth-panel-feet-with-clip-600x658.webp",600,658,true],"woocommerce_gallery_thumbnail":["https:\/\/www.amorhomehardware.com\/wp-content\/uploads\/2025\/01\/AF.1101AF.2003-adjustable-plinth-panel-feet-with-clip-100x100.webp",100,100,true]},"uagb_author_info":{"display_name":"amorhome","author_link":"https:\/\/www.amorhomehardware.com\/pt\/author\/"},"uagb_comment_info":0,"uagb_excerpt":"Kitchen Adjustable Feet Cabinet Leg Furniture Plastic Foot Plinth Feet (with screw hole) Material: Palstic Finish: Black Size: H100\/120\/150mm Other products suggested to install: Corner Connector, PVC Plinth Panel Different clip available Item No.: AF.1101","_links":{"self":[{"href":"https:\/\/www.amorhomehardware.com\/pt\/wp-json\/wp\/v2\/product\/1331","targetHints":{"allow":["GET"]}}],"collection":[{"href":"https:\/\/www.amorhomehardware.com\/pt\/wp-json\/wp\/v2\/product"}],"about":[{"href":"https:\/\/www.amorhomehardware.com\/pt\/wp-json\/wp\/v2\/types\/product"}],"replies":[{"embeddable":true,"href":"https:\/\/www.amorhomehardware.com\/pt\/wp-json\/wp\/v2\/comments?post=1331"}],"wp:featuredmedia":[{"embeddable":true,"href":"https:\/\/www.amorhomehardware.com\/pt\/wp-json\/wp\/v2\/media\/1684"}],"wp:attachment":[{"href":"https:\/\/www.amorhomehardware.com\/pt\/wp-json\/wp\/v2\/media?parent=1331"}],"wp:term":[{"taxonomy":"product_brand","embeddable":true,"href":"https:\/\/www.amorhomehardware.com\/pt\/wp-json\/wp\/v2\/product_brand?post=1331"},{"taxonomy":"product_cat","embeddable":true,"href":"https:\/\/www.amorhomehardware.com\/pt\/wp-json\/wp\/v2\/product_cat?post=1331"},{"taxonomy":"product_tag","embeddable":true,"href":"https:\/\/www.amorhomehardware.com\/pt\/wp-json\/wp\/v2\/product_tag?post=1331"}],"curies":[{"name":"wp","href":"https:\/\/api.w.org\/{rel}","templated":true}]}}