{"id":1116,"date":"2024-12-31T16:44:59","date_gmt":"2024-12-31T08:44:59","guid":{"rendered":"https:\/\/www.amorhomehardware.com\/?post_type=product&#038;p=1116"},"modified":"2025-01-20T01:46:59","modified_gmt":"2025-01-19T17:46:59","slug":"folding-wall-mount-clothes-hook","status":"publish","type":"product","link":"https:\/\/www.amorhomehardware.com\/pt\/produto\/folding-wall-mount-clothes-hook\/","title":{"rendered":"Gancho de parede dobr\u00e1vel para roupa - AW.4200"},"content":{"rendered":"<p>\u3010Feature\u3011This wardrobe Pull Down Clothes Rail adopts a pneumatic buffer system, the arm will go back to the high place, and pull the arm gently to make the rail in the horizontal position, you can hang clothes on or pick them up conveniently.<\/p>","protected":false},"excerpt":{"rendered":"<p>Cabide de parede dobr\u00e1vel Cabide de roupa Cabide de roupa Cabide de roupa Cabide de a\u00e7o inoxid\u00e1vel Cabide de roupa Cabide de parede Cabide de parede Cabide de parede<br \/>\nMaterial: A\u00e7o inoxid\u00e1vel<br \/>\nAcabamento: Mancha<br \/>\nDesign de 5 a 10 furos opcional<br \/>\nMontagem no topo, montagem na parede<\/p>\n<p>N.\u00ba do artigo: AW.4200<\/p>","protected":false},"featured_media":1366,"comment_status":"open","ping_status":"closed","template":"","meta":{"_seopress_robots_primary_cat":"","_seopress_titles_title":"","_seopress_titles_desc":"","_seopress_robots_index":"","_uag_custom_page_level_css":"","_joinchat":[]},"product_brand":[],"product_cat":[46,21],"product_tag":[],"class_list":{"0":"post-1116","1":"product","2":"type-product","3":"status-publish","4":"has-post-thumbnail","6":"product_cat-clothes-racks","7":"product_cat-wardrobe-accessories","9":"first","10":"instock","11":"shipping-taxable","12":"product-type-simple"},"uagb_featured_image_src":{"full":["https:\/\/www.amorhomehardware.com\/wp-content\/uploads\/2024\/12\/AW.4200-amor-home-clothes-hanger-1.webp",1240,1360,false],"thumbnail":["https:\/\/www.amorhomehardware.com\/wp-content\/uploads\/2024\/12\/AW.4200-amor-home-clothes-hanger-1-150x150.webp",150,150,true],"medium":["https:\/\/www.amorhomehardware.com\/wp-content\/uploads\/2024\/12\/AW.4200-amor-home-clothes-hanger-1-274x300.webp",274,300,true],"medium_large":["https:\/\/www.amorhomehardware.com\/wp-content\/uploads\/2024\/12\/AW.4200-amor-home-clothes-hanger-1-768x842.webp",768,842,true],"large":["https:\/\/www.amorhomehardware.com\/wp-content\/uploads\/2024\/12\/AW.4200-amor-home-clothes-hanger-1-934x1024.webp",934,1024,true],"1536x1536":["https:\/\/www.amorhomehardware.com\/wp-content\/uploads\/2024\/12\/AW.4200-amor-home-clothes-hanger-1.webp",1240,1360,false],"2048x2048":["https:\/\/www.amorhomehardware.com\/wp-content\/uploads\/2024\/12\/AW.4200-amor-home-clothes-hanger-1.webp",1240,1360,false],"trp-custom-language-flag":["https:\/\/www.amorhomehardware.com\/wp-content\/uploads\/2024\/12\/AW.4200-amor-home-clothes-hanger-1.webp",11,12,false],"woocommerce_archive_thumbnail":["https:\/\/www.amorhomehardware.com\/wp-content\/uploads\/2024\/12\/AW.4200-amor-home-clothes-hanger-1-600x600.webp",600,600,true],"woocommerce_thumbnail":["https:\/\/www.amorhomehardware.com\/wp-content\/uploads\/2024\/12\/AW.4200-amor-home-clothes-hanger-1-600x600.webp",600,600,true],"woocommerce_single":["https:\/\/www.amorhomehardware.com\/wp-content\/uploads\/2024\/12\/AW.4200-amor-home-clothes-hanger-1-600x658.webp",600,658,true],"woocommerce_gallery_thumbnail":["https:\/\/www.amorhomehardware.com\/wp-content\/uploads\/2024\/12\/AW.4200-amor-home-clothes-hanger-1-100x100.webp",100,100,true]},"uagb_author_info":{"display_name":"amorhome","author_link":"https:\/\/www.amorhomehardware.com\/pt\/author\/"},"uagb_comment_info":0,"uagb_excerpt":"Folding Wall Mount Clothes Hook Clothes Hanger Clothes Stainless Steel Clothes Rack Wall Clothes Rail Wall Wardrobe Bar Material: Stainless Steel Finish: Stain 5 holes to 10 holes design optional Top Mounted, Wall Mounted Item No.: AW.4200","_links":{"self":[{"href":"https:\/\/www.amorhomehardware.com\/pt\/wp-json\/wp\/v2\/product\/1116","targetHints":{"allow":["GET"]}}],"collection":[{"href":"https:\/\/www.amorhomehardware.com\/pt\/wp-json\/wp\/v2\/product"}],"about":[{"href":"https:\/\/www.amorhomehardware.com\/pt\/wp-json\/wp\/v2\/types\/product"}],"replies":[{"embeddable":true,"href":"https:\/\/www.amorhomehardware.com\/pt\/wp-json\/wp\/v2\/comments?post=1116"}],"wp:featuredmedia":[{"embeddable":true,"href":"https:\/\/www.amorhomehardware.com\/pt\/wp-json\/wp\/v2\/media\/1366"}],"wp:attachment":[{"href":"https:\/\/www.amorhomehardware.com\/pt\/wp-json\/wp\/v2\/media?parent=1116"}],"wp:term":[{"taxonomy":"product_brand","embeddable":true,"href":"https:\/\/www.amorhomehardware.com\/pt\/wp-json\/wp\/v2\/product_brand?post=1116"},{"taxonomy":"product_cat","embeddable":true,"href":"https:\/\/www.amorhomehardware.com\/pt\/wp-json\/wp\/v2\/product_cat?post=1116"},{"taxonomy":"product_tag","embeddable":true,"href":"https:\/\/www.amorhomehardware.com\/pt\/wp-json\/wp\/v2\/product_tag?post=1116"}],"curies":[{"name":"wp","href":"https:\/\/api.w.org\/{rel}","templated":true}]}}