{"id":1115,"date":"2024-12-31T16:43:21","date_gmt":"2024-12-31T08:43:21","guid":{"rendered":"https:\/\/www.amorhomehardware.com\/?post_type=product&#038;p=1115"},"modified":"2025-01-20T01:52:43","modified_gmt":"2025-01-19T17:52:43","slug":"adjustable-wardrobe-pull-down-clothes-rail-with-damping-lifting-system","status":"publish","type":"product","link":"https:\/\/www.amorhomehardware.com\/pt\/produto\/adjustable-wardrobe-pull-down-clothes-rail-with-damping-lifting-system\/","title":{"rendered":"Var\u00e3o de Roupa Ajust\u00e1vel para Roupeiro com Sistema de Eleva\u00e7\u00e3o de Amortecimento - AW.4306"},"content":{"rendered":"<p>\u3010Feature\u3011This wardrobe Pull Down Clothes Rail adopts a pneumatic buffer system, the arm will go back to the high place, and pull the arm gently to make the rail in the horizontal position, you can hang clothes on or pick them up conveniently.<\/p>","protected":false},"excerpt":{"rendered":"<p>Trilho de Roupa Puxado para Baixo para Roupa de Guarda-Roupa, Cabide para Roupa de Casaco Retorno Suave com Sistema de Eleva\u00e7\u00e3o de Amortecimento<br \/>\nMaterial: Liga de alum\u00ednio+ABS<br \/>\nAcabamento: Prata\/Preto<br \/>\nTamanho: (450-600)*460*71mm; (600-830)*460*71mm; (830-1150)*460*71mm<br \/>\nAdequado para uma largura de arm\u00e1rio superior a 550 mm\/700 mm\/930 mm<\/p>\n<p>N.\u00ba do artigo: AW.4306<\/p>","protected":false},"featured_media":1380,"comment_status":"open","ping_status":"closed","template":"","meta":{"_seopress_robots_primary_cat":"","_seopress_titles_title":"","_seopress_titles_desc":"","_seopress_robots_index":"","_uag_custom_page_level_css":"","_joinchat":[]},"product_brand":[],"product_cat":[45,21],"product_tag":[],"class_list":{"0":"post-1115","1":"product","2":"type-product","3":"status-publish","4":"has-post-thumbnail","6":"product_cat-pull-down-clothes-rail","7":"product_cat-wardrobe-accessories","9":"first","10":"instock","11":"shipping-taxable","12":"product-type-simple"},"uagb_featured_image_src":{"full":["https:\/\/www.amorhomehardware.com\/wp-content\/uploads\/2024\/12\/AW.4306_1240x1360px.webp",1240,1360,false],"thumbnail":["https:\/\/www.amorhomehardware.com\/wp-content\/uploads\/2024\/12\/AW.4306_1240x1360px-150x150.webp",150,150,true],"medium":["https:\/\/www.amorhomehardware.com\/wp-content\/uploads\/2024\/12\/AW.4306_1240x1360px-274x300.webp",274,300,true],"medium_large":["https:\/\/www.amorhomehardware.com\/wp-content\/uploads\/2024\/12\/AW.4306_1240x1360px-768x842.webp",768,842,true],"large":["https:\/\/www.amorhomehardware.com\/wp-content\/uploads\/2024\/12\/AW.4306_1240x1360px-934x1024.webp",934,1024,true],"1536x1536":["https:\/\/www.amorhomehardware.com\/wp-content\/uploads\/2024\/12\/AW.4306_1240x1360px.webp",1240,1360,false],"2048x2048":["https:\/\/www.amorhomehardware.com\/wp-content\/uploads\/2024\/12\/AW.4306_1240x1360px.webp",1240,1360,false],"trp-custom-language-flag":["https:\/\/www.amorhomehardware.com\/wp-content\/uploads\/2024\/12\/AW.4306_1240x1360px.webp",11,12,false],"woocommerce_archive_thumbnail":["https:\/\/www.amorhomehardware.com\/wp-content\/uploads\/2024\/12\/AW.4306_1240x1360px-600x600.webp",600,600,true],"woocommerce_thumbnail":["https:\/\/www.amorhomehardware.com\/wp-content\/uploads\/2024\/12\/AW.4306_1240x1360px-600x600.webp",600,600,true],"woocommerce_single":["https:\/\/www.amorhomehardware.com\/wp-content\/uploads\/2024\/12\/AW.4306_1240x1360px-600x658.webp",600,658,true],"woocommerce_gallery_thumbnail":["https:\/\/www.amorhomehardware.com\/wp-content\/uploads\/2024\/12\/AW.4306_1240x1360px-100x100.webp",100,100,true]},"uagb_author_info":{"display_name":"amorhome","author_link":"https:\/\/www.amorhomehardware.com\/pt\/author\/"},"uagb_comment_info":0,"uagb_excerpt":"Wardrobe Pull Down Clothes Rail, Coat Clothes Hanger Soft Return with Damping Lifting System Material: Aluminum Alloy+ABS Finish: Silver\/Black Size: (450-600)*460*71mm; (600-830)*460*71mm; (830-1150)*460*71mm Suitable for cabinet width above 550mm\/700mm\/930mm Item No.: AW.4306","_links":{"self":[{"href":"https:\/\/www.amorhomehardware.com\/pt\/wp-json\/wp\/v2\/product\/1115","targetHints":{"allow":["GET"]}}],"collection":[{"href":"https:\/\/www.amorhomehardware.com\/pt\/wp-json\/wp\/v2\/product"}],"about":[{"href":"https:\/\/www.amorhomehardware.com\/pt\/wp-json\/wp\/v2\/types\/product"}],"replies":[{"embeddable":true,"href":"https:\/\/www.amorhomehardware.com\/pt\/wp-json\/wp\/v2\/comments?post=1115"}],"wp:featuredmedia":[{"embeddable":true,"href":"https:\/\/www.amorhomehardware.com\/pt\/wp-json\/wp\/v2\/media\/1380"}],"wp:attachment":[{"href":"https:\/\/www.amorhomehardware.com\/pt\/wp-json\/wp\/v2\/media?parent=1115"}],"wp:term":[{"taxonomy":"product_brand","embeddable":true,"href":"https:\/\/www.amorhomehardware.com\/pt\/wp-json\/wp\/v2\/product_brand?post=1115"},{"taxonomy":"product_cat","embeddable":true,"href":"https:\/\/www.amorhomehardware.com\/pt\/wp-json\/wp\/v2\/product_cat?post=1115"},{"taxonomy":"product_tag","embeddable":true,"href":"https:\/\/www.amorhomehardware.com\/pt\/wp-json\/wp\/v2\/product_tag?post=1115"}],"curies":[{"name":"wp","href":"https:\/\/api.w.org\/{rel}","templated":true}]}}