{"id":1114,"date":"2024-12-31T16:41:23","date_gmt":"2024-12-31T08:41:23","guid":{"rendered":"https:\/\/www.amorhomehardware.com\/?post_type=product&#038;p=1114"},"modified":"2025-01-20T01:53:18","modified_gmt":"2025-01-19T17:53:18","slug":"pull-out-wardrobe-retractable-accessories-storage-boxes","status":"publish","type":"product","link":"https:\/\/www.amorhomehardware.com\/pt\/produto\/pull-out-wardrobe-retractable-accessories-storage-boxes\/","title":{"rendered":"Caixas de arruma\u00e7\u00e3o de acess\u00f3rios retr\u00e1cteis para roupeiros - AW.4304"},"content":{"rendered":"<p>\u3010Feature\u3011With the fully concealed silent soft closing slide, it can keep the jewelry box smooth sliding when pulled out and the width of the frame is adjustable according to the internal wardrobe.<br \/>\n\u3010Application\u3011 You can put Jewelry, necklaces, watches, bracelets, ties, socks, handkerchiefs and more on the storage box<\/p>","protected":false},"excerpt":{"rendered":"<p>Guarda-roupa retr\u00e1til Caixas de arruma\u00e7\u00e3o para acess\u00f3rios<br \/>\nMaterial: Liga de alum\u00ednio + a\u00e7o<br \/>\nAcabamento: Branco\/Cinza\/Vermelho<br \/>\nSize: (564\/664\/764\/864)*460*71mm<br \/>\nAdequado para arm\u00e1rios\/gavetas de 600\/700\/800\/900 mm<\/p>\n<p>N.\u00ba do artigo: AW.4304<\/p>","protected":false},"featured_media":1376,"comment_status":"open","ping_status":"closed","template":"","meta":{"_seopress_robots_primary_cat":"","_seopress_titles_title":"","_seopress_titles_desc":"","_seopress_robots_index":"","_uag_custom_page_level_css":"","_joinchat":[]},"product_brand":[],"product_cat":[46,21],"product_tag":[],"class_list":{"0":"post-1114","1":"product","2":"type-product","3":"status-publish","4":"has-post-thumbnail","6":"product_cat-clothes-racks","7":"product_cat-wardrobe-accessories","9":"first","10":"instock","11":"shipping-taxable","12":"product-type-simple"},"uagb_featured_image_src":{"full":["https:\/\/www.amorhomehardware.com\/wp-content\/uploads\/2024\/12\/AW.4304-amor-home-Wardrobe-Accessories-Storage-Boxes.webp",1240,1360,false],"thumbnail":["https:\/\/www.amorhomehardware.com\/wp-content\/uploads\/2024\/12\/AW.4304-amor-home-Wardrobe-Accessories-Storage-Boxes-150x150.webp",150,150,true],"medium":["https:\/\/www.amorhomehardware.com\/wp-content\/uploads\/2024\/12\/AW.4304-amor-home-Wardrobe-Accessories-Storage-Boxes-274x300.webp",274,300,true],"medium_large":["https:\/\/www.amorhomehardware.com\/wp-content\/uploads\/2024\/12\/AW.4304-amor-home-Wardrobe-Accessories-Storage-Boxes-768x842.webp",768,842,true],"large":["https:\/\/www.amorhomehardware.com\/wp-content\/uploads\/2024\/12\/AW.4304-amor-home-Wardrobe-Accessories-Storage-Boxes-934x1024.webp",934,1024,true],"1536x1536":["https:\/\/www.amorhomehardware.com\/wp-content\/uploads\/2024\/12\/AW.4304-amor-home-Wardrobe-Accessories-Storage-Boxes.webp",1240,1360,false],"2048x2048":["https:\/\/www.amorhomehardware.com\/wp-content\/uploads\/2024\/12\/AW.4304-amor-home-Wardrobe-Accessories-Storage-Boxes.webp",1240,1360,false],"trp-custom-language-flag":["https:\/\/www.amorhomehardware.com\/wp-content\/uploads\/2024\/12\/AW.4304-amor-home-Wardrobe-Accessories-Storage-Boxes.webp",11,12,false],"woocommerce_archive_thumbnail":["https:\/\/www.amorhomehardware.com\/wp-content\/uploads\/2024\/12\/AW.4304-amor-home-Wardrobe-Accessories-Storage-Boxes-600x600.webp",600,600,true],"woocommerce_thumbnail":["https:\/\/www.amorhomehardware.com\/wp-content\/uploads\/2024\/12\/AW.4304-amor-home-Wardrobe-Accessories-Storage-Boxes-600x600.webp",600,600,true],"woocommerce_single":["https:\/\/www.amorhomehardware.com\/wp-content\/uploads\/2024\/12\/AW.4304-amor-home-Wardrobe-Accessories-Storage-Boxes-600x658.webp",600,658,true],"woocommerce_gallery_thumbnail":["https:\/\/www.amorhomehardware.com\/wp-content\/uploads\/2024\/12\/AW.4304-amor-home-Wardrobe-Accessories-Storage-Boxes-100x100.webp",100,100,true]},"uagb_author_info":{"display_name":"amorhome","author_link":"https:\/\/www.amorhomehardware.com\/pt\/author\/"},"uagb_comment_info":0,"uagb_excerpt":"Pull Out Wardrobe Retractable Accessories Storage Boxes Material: Aluminum Alloy+Steel Finish: White\/Grey \/Red Size: (564\/664\/764\/864)*460*71mm Suitable for 600\/700\/800\/900mm Cabinet\/Drawers Item No.: AW.4304","_links":{"self":[{"href":"https:\/\/www.amorhomehardware.com\/pt\/wp-json\/wp\/v2\/product\/1114","targetHints":{"allow":["GET"]}}],"collection":[{"href":"https:\/\/www.amorhomehardware.com\/pt\/wp-json\/wp\/v2\/product"}],"about":[{"href":"https:\/\/www.amorhomehardware.com\/pt\/wp-json\/wp\/v2\/types\/product"}],"replies":[{"embeddable":true,"href":"https:\/\/www.amorhomehardware.com\/pt\/wp-json\/wp\/v2\/comments?post=1114"}],"wp:featuredmedia":[{"embeddable":true,"href":"https:\/\/www.amorhomehardware.com\/pt\/wp-json\/wp\/v2\/media\/1376"}],"wp:attachment":[{"href":"https:\/\/www.amorhomehardware.com\/pt\/wp-json\/wp\/v2\/media?parent=1114"}],"wp:term":[{"taxonomy":"product_brand","embeddable":true,"href":"https:\/\/www.amorhomehardware.com\/pt\/wp-json\/wp\/v2\/product_brand?post=1114"},{"taxonomy":"product_cat","embeddable":true,"href":"https:\/\/www.amorhomehardware.com\/pt\/wp-json\/wp\/v2\/product_cat?post=1114"},{"taxonomy":"product_tag","embeddable":true,"href":"https:\/\/www.amorhomehardware.com\/pt\/wp-json\/wp\/v2\/product_tag?post=1114"}],"curies":[{"name":"wp","href":"https:\/\/api.w.org\/{rel}","templated":true}]}}