{"id":1113,"date":"2024-12-31T16:39:35","date_gmt":"2024-12-31T08:39:35","guid":{"rendered":"https:\/\/www.amorhomehardware.com\/?post_type=product&#038;p=1113"},"modified":"2025-01-20T03:24:47","modified_gmt":"2025-01-19T19:24:47","slug":"pull-out-clothes-hanger-rack-%e5%a4%8d%e5%88%b6","status":"publish","type":"product","link":"https:\/\/www.amorhomehardware.com\/pt\/produto\/pull-out-clothes-hanger-rack-%e5%a4%8d%e5%88%b6\/","title":{"rendered":"Cal\u00e7as de fecho macio e extra\u00edvel Cal\u00e7as de correr - AW.4101"},"content":{"rendered":"<p>\u3010Feature\u3011 The unique double-sided configuration with 20 arms in total; the smooth gliding mechanism of our pull-out pants racks ensures easy access to your pants. No more fumbling or digging through piles of clothes.<br \/>\n\u3010Application\u3011This expandable pull-out trousers rack isn&#8217;t limited to pants alone. It&#8217;s also perfect for hanging scarves, ties, shawls, and other accessories.<\/p>","protected":false},"excerpt":{"rendered":"<p>Cabide extens\u00edvel para cal\u00e7as Cabide para cal\u00e7as Cabide para cal\u00e7as Suporte para cal\u00e7as Fecho macio Trilho para roupa Puxar para fora Guarda-roupa que poupa espa\u00e7o<br \/>\nMaterial: A\u00e7o + Pl\u00e1stico<br \/>\nAcabamento: Branco\/Cinza<br \/>\nTamanho:630X455X115mm<br \/>\n20 Bra\u00e7os para poupar espa\u00e7o no roupeiro<\/p>\n<p>N.\u00ba do artigo: AW.4101<\/p>","protected":false},"featured_media":1373,"comment_status":"closed","ping_status":"closed","template":"","meta":{"_seopress_robots_primary_cat":"","_seopress_titles_title":"","_seopress_titles_desc":"","_seopress_robots_index":"","_uag_custom_page_level_css":"","_joinchat":[]},"product_brand":[],"product_cat":[46,21],"product_tag":[],"class_list":{"0":"post-1113","1":"product","2":"type-product","3":"status-publish","4":"has-post-thumbnail","6":"product_cat-clothes-racks","7":"product_cat-wardrobe-accessories","9":"first","10":"instock","11":"shipping-taxable","12":"product-type-simple"},"uagb_featured_image_src":{"full":["https:\/\/www.amorhomehardware.com\/wp-content\/uploads\/2024\/12\/AW.4101-amor-home-trousers-rack.webp",1240,1360,false],"thumbnail":["https:\/\/www.amorhomehardware.com\/wp-content\/uploads\/2024\/12\/AW.4101-amor-home-trousers-rack-150x150.webp",150,150,true],"medium":["https:\/\/www.amorhomehardware.com\/wp-content\/uploads\/2024\/12\/AW.4101-amor-home-trousers-rack-274x300.webp",274,300,true],"medium_large":["https:\/\/www.amorhomehardware.com\/wp-content\/uploads\/2024\/12\/AW.4101-amor-home-trousers-rack-768x842.webp",768,842,true],"large":["https:\/\/www.amorhomehardware.com\/wp-content\/uploads\/2024\/12\/AW.4101-amor-home-trousers-rack-934x1024.webp",934,1024,true],"1536x1536":["https:\/\/www.amorhomehardware.com\/wp-content\/uploads\/2024\/12\/AW.4101-amor-home-trousers-rack.webp",1240,1360,false],"2048x2048":["https:\/\/www.amorhomehardware.com\/wp-content\/uploads\/2024\/12\/AW.4101-amor-home-trousers-rack.webp",1240,1360,false],"trp-custom-language-flag":["https:\/\/www.amorhomehardware.com\/wp-content\/uploads\/2024\/12\/AW.4101-amor-home-trousers-rack.webp",11,12,false],"woocommerce_archive_thumbnail":["https:\/\/www.amorhomehardware.com\/wp-content\/uploads\/2024\/12\/AW.4101-amor-home-trousers-rack-600x600.webp",600,600,true],"woocommerce_thumbnail":["https:\/\/www.amorhomehardware.com\/wp-content\/uploads\/2024\/12\/AW.4101-amor-home-trousers-rack-600x600.webp",600,600,true],"woocommerce_single":["https:\/\/www.amorhomehardware.com\/wp-content\/uploads\/2024\/12\/AW.4101-amor-home-trousers-rack-600x658.webp",600,658,true],"woocommerce_gallery_thumbnail":["https:\/\/www.amorhomehardware.com\/wp-content\/uploads\/2024\/12\/AW.4101-amor-home-trousers-rack-100x100.webp",100,100,true]},"uagb_author_info":{"display_name":"amorhome","author_link":"https:\/\/www.amorhomehardware.com\/pt\/author\/"},"uagb_comment_info":0,"uagb_excerpt":"Pull Out Trousers Rack Extendable Trouser Hanger Pants Rack Pants Holder Soft closing Pull-Out Clothes Rail Space Saving Wardrobe Material: Steel + Plastic Finish: White\/Grey Size:630X455X115mm 20 Arms for Wardrobe Space Saving Item No.: AW.4101","_links":{"self":[{"href":"https:\/\/www.amorhomehardware.com\/pt\/wp-json\/wp\/v2\/product\/1113","targetHints":{"allow":["GET"]}}],"collection":[{"href":"https:\/\/www.amorhomehardware.com\/pt\/wp-json\/wp\/v2\/product"}],"about":[{"href":"https:\/\/www.amorhomehardware.com\/pt\/wp-json\/wp\/v2\/types\/product"}],"replies":[{"embeddable":true,"href":"https:\/\/www.amorhomehardware.com\/pt\/wp-json\/wp\/v2\/comments?post=1113"}],"wp:featuredmedia":[{"embeddable":true,"href":"https:\/\/www.amorhomehardware.com\/pt\/wp-json\/wp\/v2\/media\/1373"}],"wp:attachment":[{"href":"https:\/\/www.amorhomehardware.com\/pt\/wp-json\/wp\/v2\/media?parent=1113"}],"wp:term":[{"taxonomy":"product_brand","embeddable":true,"href":"https:\/\/www.amorhomehardware.com\/pt\/wp-json\/wp\/v2\/product_brand?post=1113"},{"taxonomy":"product_cat","embeddable":true,"href":"https:\/\/www.amorhomehardware.com\/pt\/wp-json\/wp\/v2\/product_cat?post=1113"},{"taxonomy":"product_tag","embeddable":true,"href":"https:\/\/www.amorhomehardware.com\/pt\/wp-json\/wp\/v2\/product_tag?post=1113"}],"curies":[{"name":"wp","href":"https:\/\/api.w.org\/{rel}","templated":true}]}}