{"id":1098,"date":"2024-12-31T16:36:45","date_gmt":"2024-12-31T08:36:45","guid":{"rendered":"https:\/\/www.amorhomehardware.com\/?post_type=product&#038;p=1098"},"modified":"2025-01-20T01:56:46","modified_gmt":"2025-01-19T17:56:46","slug":"pull-out-clothes-hanger-rack","status":"publish","type":"product","link":"https:\/\/www.amorhomehardware.com\/pt\/produto\/pull-out-clothes-hanger-rack\/","title":{"rendered":"Cabide extra\u00edvel para roupa - AW.4303"},"content":{"rendered":"<p>\u3010Feature\u3011There is a detachable pull-out rail screwed to the shelf so you can push and pull it smoothly.<br \/>\n\u3010Application\u3011You can hang up your clothing, scarves, neckties pants, etc.<\/p>","protected":false},"excerpt":{"rendered":"<p>Var\u00e3o para cabides extens\u00edvel Var\u00e3o para roupeiro extens\u00edvel Var\u00e3o para roupeiro deslizante Var\u00e3o para roupeiro Var\u00e3o para roupeiro<br \/>\nMaterial: Liga de alum\u00ednio + a\u00e7o<br \/>\nAcabamento: Branco\/Cinza\/Vermelho<br \/>\nTamanho: 115X455X115mm<br \/>\nMontagem superior com fun\u00e7\u00e3o de fecho suave<\/p>\n<p>N.\u00ba do artigo: AW.4303<\/p>","protected":false},"featured_media":1374,"comment_status":"open","ping_status":"closed","template":"","meta":{"_seopress_robots_primary_cat":"","_seopress_titles_title":"","_seopress_titles_desc":"","_seopress_robots_index":"","_uag_custom_page_level_css":"","_joinchat":[]},"product_brand":[],"product_cat":[46,21],"product_tag":[],"class_list":{"0":"post-1098","1":"product","2":"type-product","3":"status-publish","4":"has-post-thumbnail","6":"product_cat-clothes-racks","7":"product_cat-wardrobe-accessories","9":"first","10":"instock","11":"shipping-taxable","12":"product-type-simple"},"uagb_featured_image_src":{"full":["https:\/\/www.amorhomehardware.com\/wp-content\/uploads\/2024\/12\/AW.4303-amor-home-clothes-hanger.webp",630,630,false],"thumbnail":["https:\/\/www.amorhomehardware.com\/wp-content\/uploads\/2024\/12\/AW.4303-amor-home-clothes-hanger-150x150.webp",150,150,true],"medium":["https:\/\/www.amorhomehardware.com\/wp-content\/uploads\/2024\/12\/AW.4303-amor-home-clothes-hanger-300x300.webp",300,300,true],"medium_large":["https:\/\/www.amorhomehardware.com\/wp-content\/uploads\/2024\/12\/AW.4303-amor-home-clothes-hanger.webp",630,630,false],"large":["https:\/\/www.amorhomehardware.com\/wp-content\/uploads\/2024\/12\/AW.4303-amor-home-clothes-hanger.webp",630,630,false],"1536x1536":["https:\/\/www.amorhomehardware.com\/wp-content\/uploads\/2024\/12\/AW.4303-amor-home-clothes-hanger.webp",630,630,false],"2048x2048":["https:\/\/www.amorhomehardware.com\/wp-content\/uploads\/2024\/12\/AW.4303-amor-home-clothes-hanger.webp",630,630,false],"trp-custom-language-flag":["https:\/\/www.amorhomehardware.com\/wp-content\/uploads\/2024\/12\/AW.4303-amor-home-clothes-hanger.webp",12,12,false],"woocommerce_archive_thumbnail":["https:\/\/www.amorhomehardware.com\/wp-content\/uploads\/2024\/12\/AW.4303-amor-home-clothes-hanger-600x600.webp",600,600,true],"woocommerce_thumbnail":["https:\/\/www.amorhomehardware.com\/wp-content\/uploads\/2024\/12\/AW.4303-amor-home-clothes-hanger-600x600.webp",600,600,true],"woocommerce_single":["https:\/\/www.amorhomehardware.com\/wp-content\/uploads\/2024\/12\/AW.4303-amor-home-clothes-hanger-600x600.webp",600,600,true],"woocommerce_gallery_thumbnail":["https:\/\/www.amorhomehardware.com\/wp-content\/uploads\/2024\/12\/AW.4303-amor-home-clothes-hanger-100x100.webp",100,100,true]},"uagb_author_info":{"display_name":"amorhome","author_link":"https:\/\/www.amorhomehardware.com\/pt\/author\/"},"uagb_comment_info":0,"uagb_excerpt":"Pull Out Clothes Hanger Rod Extendable Pull Out Closet Rod Rack Sliding Wardrobe Closet Rod Hanging Rod for Closet Storage Wardrobe Material: Aluminum Alloy+Steel Finish: White\/Grey \/Red Size: 115X455X115mm Top Mounted with soft closing function Item No.: AW.4303","_links":{"self":[{"href":"https:\/\/www.amorhomehardware.com\/pt\/wp-json\/wp\/v2\/product\/1098","targetHints":{"allow":["GET"]}}],"collection":[{"href":"https:\/\/www.amorhomehardware.com\/pt\/wp-json\/wp\/v2\/product"}],"about":[{"href":"https:\/\/www.amorhomehardware.com\/pt\/wp-json\/wp\/v2\/types\/product"}],"replies":[{"embeddable":true,"href":"https:\/\/www.amorhomehardware.com\/pt\/wp-json\/wp\/v2\/comments?post=1098"}],"wp:featuredmedia":[{"embeddable":true,"href":"https:\/\/www.amorhomehardware.com\/pt\/wp-json\/wp\/v2\/media\/1374"}],"wp:attachment":[{"href":"https:\/\/www.amorhomehardware.com\/pt\/wp-json\/wp\/v2\/media?parent=1098"}],"wp:term":[{"taxonomy":"product_brand","embeddable":true,"href":"https:\/\/www.amorhomehardware.com\/pt\/wp-json\/wp\/v2\/product_brand?post=1098"},{"taxonomy":"product_cat","embeddable":true,"href":"https:\/\/www.amorhomehardware.com\/pt\/wp-json\/wp\/v2\/product_cat?post=1098"},{"taxonomy":"product_tag","embeddable":true,"href":"https:\/\/www.amorhomehardware.com\/pt\/wp-json\/wp\/v2\/product_tag?post=1098"}],"curies":[{"name":"wp","href":"https:\/\/api.w.org\/{rel}","templated":true}]}}