{"id":1081,"date":"2024-12-31T15:56:53","date_gmt":"2024-12-31T07:56:53","guid":{"rendered":"https:\/\/www.amorhomehardware.com\/?post_type=product&#038;p=1081"},"modified":"2025-01-20T02:12:38","modified_gmt":"2025-01-19T18:12:38","slug":"hydraulic-flap-stay-lift-support-for-cabinet","status":"publish","type":"product","link":"https:\/\/www.amorhomehardware.com\/pt\/produto\/hydraulic-flap-stay-lift-support-for-cabinet\/","title":{"rendered":"Suporte hidr\u00e1ulico de eleva\u00e7\u00e3o de abas para arm\u00e1rios - AY.3001"},"content":{"rendered":"<p>\u3010Feature\u3011Hydraulic Flap Stay arm for easy flap and it can stop at any position above 30 degrees and self-close the opening angle less than 30 degrees.<br \/>\n\u3010Application\u3011 The lift-up flap system is widely used in Kitchens, home offices, living rooms, bedrooms, apartment cabinets, closets, etc<\/p>","protected":false},"excerpt":{"rendered":"<p>Bra\u00e7o basculante hidr\u00e1ulico para eleva\u00e7\u00e3o de arm\u00e1rios de cozinha<br \/>\nMaterial: Liga de zinco + ferro + pl\u00e1stico<br \/>\nAcabamento: Cinzento<br \/>\nAdequado para arm\u00e1rios com largura de 400-700 mm (portas de 3-4 kg), 700-900 mm (portas de 4-5 kg) com 1 pe\u00e7a de suporte; e 900 mm-1200 mm (portas de 6-8 kg), 1200 mm-1600 mm (8-10 kg) com 2 pe\u00e7as de suporte.<\/p>\n<p>N.\u00ba do artigo: AY.3001<\/p>","protected":false},"featured_media":1414,"comment_status":"closed","ping_status":"closed","template":"","meta":{"_seopress_robots_primary_cat":"","_seopress_titles_title":"","_seopress_titles_desc":"","_seopress_robots_index":"","_uag_custom_page_level_css":"","_joinchat":[]},"product_brand":[],"product_cat":[20,58],"product_tag":[],"class_list":{"0":"post-1081","1":"product","2":"type-product","3":"status-publish","4":"has-post-thumbnail","6":"product_cat-kitchen-fittings","7":"product_cat-support-stays","9":"first","10":"instock","11":"shipping-taxable","12":"product-type-simple"},"uagb_featured_image_src":{"full":["https:\/\/www.amorhomehardware.com\/wp-content\/uploads\/2024\/12\/AY.3001-Hydraulic-flap-stay_1240x1360px.webp",1240,1360,false],"thumbnail":["https:\/\/www.amorhomehardware.com\/wp-content\/uploads\/2024\/12\/AY.3001-Hydraulic-flap-stay_1240x1360px-150x150.webp",150,150,true],"medium":["https:\/\/www.amorhomehardware.com\/wp-content\/uploads\/2024\/12\/AY.3001-Hydraulic-flap-stay_1240x1360px-274x300.webp",274,300,true],"medium_large":["https:\/\/www.amorhomehardware.com\/wp-content\/uploads\/2024\/12\/AY.3001-Hydraulic-flap-stay_1240x1360px-768x842.webp",768,842,true],"large":["https:\/\/www.amorhomehardware.com\/wp-content\/uploads\/2024\/12\/AY.3001-Hydraulic-flap-stay_1240x1360px-934x1024.webp",934,1024,true],"1536x1536":["https:\/\/www.amorhomehardware.com\/wp-content\/uploads\/2024\/12\/AY.3001-Hydraulic-flap-stay_1240x1360px.webp",1240,1360,false],"2048x2048":["https:\/\/www.amorhomehardware.com\/wp-content\/uploads\/2024\/12\/AY.3001-Hydraulic-flap-stay_1240x1360px.webp",1240,1360,false],"trp-custom-language-flag":["https:\/\/www.amorhomehardware.com\/wp-content\/uploads\/2024\/12\/AY.3001-Hydraulic-flap-stay_1240x1360px.webp",11,12,false],"woocommerce_archive_thumbnail":["https:\/\/www.amorhomehardware.com\/wp-content\/uploads\/2024\/12\/AY.3001-Hydraulic-flap-stay_1240x1360px-600x600.webp",600,600,true],"woocommerce_thumbnail":["https:\/\/www.amorhomehardware.com\/wp-content\/uploads\/2024\/12\/AY.3001-Hydraulic-flap-stay_1240x1360px-600x600.webp",600,600,true],"woocommerce_single":["https:\/\/www.amorhomehardware.com\/wp-content\/uploads\/2024\/12\/AY.3001-Hydraulic-flap-stay_1240x1360px-600x658.webp",600,658,true],"woocommerce_gallery_thumbnail":["https:\/\/www.amorhomehardware.com\/wp-content\/uploads\/2024\/12\/AY.3001-Hydraulic-flap-stay_1240x1360px-100x100.webp",100,100,true]},"uagb_author_info":{"display_name":"amorhome","author_link":"https:\/\/www.amorhomehardware.com\/pt\/author\/"},"uagb_comment_info":0,"uagb_excerpt":"Hydraulic Flap Stay Kitchen Cabinet Lift-Up Flap Arm Material: Zinc Alloy + Iron + Plastic Finish: Grey Suitable for cabinet in width 400-700mm(3-4kgs doors), 700-900mm(4-5kg doors) with 1 piece of stay; and 900mm-1200mm(6-8kg doors), 1200mm-1600mm(8-10kgs) with 2 pieces of stay. Item No.: AY.3001","_links":{"self":[{"href":"https:\/\/www.amorhomehardware.com\/pt\/wp-json\/wp\/v2\/product\/1081","targetHints":{"allow":["GET"]}}],"collection":[{"href":"https:\/\/www.amorhomehardware.com\/pt\/wp-json\/wp\/v2\/product"}],"about":[{"href":"https:\/\/www.amorhomehardware.com\/pt\/wp-json\/wp\/v2\/types\/product"}],"replies":[{"embeddable":true,"href":"https:\/\/www.amorhomehardware.com\/pt\/wp-json\/wp\/v2\/comments?post=1081"}],"wp:featuredmedia":[{"embeddable":true,"href":"https:\/\/www.amorhomehardware.com\/pt\/wp-json\/wp\/v2\/media\/1414"}],"wp:attachment":[{"href":"https:\/\/www.amorhomehardware.com\/pt\/wp-json\/wp\/v2\/media?parent=1081"}],"wp:term":[{"taxonomy":"product_brand","embeddable":true,"href":"https:\/\/www.amorhomehardware.com\/pt\/wp-json\/wp\/v2\/product_brand?post=1081"},{"taxonomy":"product_cat","embeddable":true,"href":"https:\/\/www.amorhomehardware.com\/pt\/wp-json\/wp\/v2\/product_cat?post=1081"},{"taxonomy":"product_tag","embeddable":true,"href":"https:\/\/www.amorhomehardware.com\/pt\/wp-json\/wp\/v2\/product_tag?post=1081"}],"curies":[{"name":"wp","href":"https:\/\/api.w.org\/{rel}","templated":true}]}}