{"id":1075,"date":"2024-12-31T15:40:13","date_gmt":"2024-12-31T07:40:13","guid":{"rendered":"https:\/\/www.amorhomehardware.com\/?post_type=product&#038;p=1075"},"modified":"2025-01-20T02:18:05","modified_gmt":"2025-01-19T18:18:05","slug":"plastic-cable-grommet","status":"publish","type":"product","link":"https:\/\/www.amorhomehardware.com\/pt\/produto\/plastic-cable-grommet\/","title":{"rendered":"Passa-cabos de pl\u00e1stico - AV.0001"},"content":{"rendered":"<p>\u3010Feature\u3011 The cable grommet design adopts a detachable cover with an adjustable spring for adjusting the space freely.<br \/>\n\u3010Application\u3011The desk cable wire grommet is a great solution to tidy up cables or wires at home, office, and school.<\/p>","protected":false},"excerpt":{"rendered":"<p>Tampas de orif\u00edcio para cabos de secret\u00e1ria com serra de orif\u00edcio para escrit\u00f3rio e casa<br \/>\nMaterial: Pl\u00e1stico<br \/>\nAcabamento: Branco\/Preto\/Cinza\/Castanho<br \/>\nTamanho: 50\/53\/60\/80mm Opcional<\/p>\n<p>N.\u00ba do artigo: AV.0001<\/p>","protected":false},"featured_media":1439,"comment_status":"closed","ping_status":"closed","template":"","meta":{"_seopress_robots_primary_cat":"","_seopress_titles_title":"","_seopress_titles_desc":"","_seopress_robots_index":"","_uag_custom_page_level_css":"","_joinchat":[]},"product_brand":[],"product_cat":[32],"product_tag":[],"class_list":{"0":"post-1075","1":"product","2":"type-product","3":"status-publish","4":"has-post-thumbnail","6":"product_cat-cable-grommets","8":"first","9":"instock","10":"shipping-taxable","11":"product-type-simple"},"uagb_featured_image_src":{"full":["https:\/\/www.amorhomehardware.com\/wp-content\/uploads\/2024\/12\/AV.0001-plastic-cable-grommet_1240.webp",1240,1360,false],"thumbnail":["https:\/\/www.amorhomehardware.com\/wp-content\/uploads\/2024\/12\/AV.0001-plastic-cable-grommet_1240-150x150.webp",150,150,true],"medium":["https:\/\/www.amorhomehardware.com\/wp-content\/uploads\/2024\/12\/AV.0001-plastic-cable-grommet_1240-274x300.webp",274,300,true],"medium_large":["https:\/\/www.amorhomehardware.com\/wp-content\/uploads\/2024\/12\/AV.0001-plastic-cable-grommet_1240-768x842.webp",768,842,true],"large":["https:\/\/www.amorhomehardware.com\/wp-content\/uploads\/2024\/12\/AV.0001-plastic-cable-grommet_1240-934x1024.webp",934,1024,true],"1536x1536":["https:\/\/www.amorhomehardware.com\/wp-content\/uploads\/2024\/12\/AV.0001-plastic-cable-grommet_1240.webp",1240,1360,false],"2048x2048":["https:\/\/www.amorhomehardware.com\/wp-content\/uploads\/2024\/12\/AV.0001-plastic-cable-grommet_1240.webp",1240,1360,false],"trp-custom-language-flag":["https:\/\/www.amorhomehardware.com\/wp-content\/uploads\/2024\/12\/AV.0001-plastic-cable-grommet_1240.webp",11,12,false],"woocommerce_archive_thumbnail":["https:\/\/www.amorhomehardware.com\/wp-content\/uploads\/2024\/12\/AV.0001-plastic-cable-grommet_1240-600x600.webp",600,600,true],"woocommerce_thumbnail":["https:\/\/www.amorhomehardware.com\/wp-content\/uploads\/2024\/12\/AV.0001-plastic-cable-grommet_1240-600x600.webp",600,600,true],"woocommerce_single":["https:\/\/www.amorhomehardware.com\/wp-content\/uploads\/2024\/12\/AV.0001-plastic-cable-grommet_1240-600x658.webp",600,658,true],"woocommerce_gallery_thumbnail":["https:\/\/www.amorhomehardware.com\/wp-content\/uploads\/2024\/12\/AV.0001-plastic-cable-grommet_1240-100x100.webp",100,100,true]},"uagb_author_info":{"display_name":"amorhome","author_link":"https:\/\/www.amorhomehardware.com\/pt\/author\/"},"uagb_comment_info":0,"uagb_excerpt":"Desk Cable Grommet Desk Cable Hole Covers with Hole Saw for Office and Home Material: Plastic Finish: White\/Black\/Grey\/Brown Size: 50\/53\/60\/80mm Optional Item No.: AV.0001","_links":{"self":[{"href":"https:\/\/www.amorhomehardware.com\/pt\/wp-json\/wp\/v2\/product\/1075","targetHints":{"allow":["GET"]}}],"collection":[{"href":"https:\/\/www.amorhomehardware.com\/pt\/wp-json\/wp\/v2\/product"}],"about":[{"href":"https:\/\/www.amorhomehardware.com\/pt\/wp-json\/wp\/v2\/types\/product"}],"replies":[{"embeddable":true,"href":"https:\/\/www.amorhomehardware.com\/pt\/wp-json\/wp\/v2\/comments?post=1075"}],"wp:featuredmedia":[{"embeddable":true,"href":"https:\/\/www.amorhomehardware.com\/pt\/wp-json\/wp\/v2\/media\/1439"}],"wp:attachment":[{"href":"https:\/\/www.amorhomehardware.com\/pt\/wp-json\/wp\/v2\/media?parent=1075"}],"wp:term":[{"taxonomy":"product_brand","embeddable":true,"href":"https:\/\/www.amorhomehardware.com\/pt\/wp-json\/wp\/v2\/product_brand?post=1075"},{"taxonomy":"product_cat","embeddable":true,"href":"https:\/\/www.amorhomehardware.com\/pt\/wp-json\/wp\/v2\/product_cat?post=1075"},{"taxonomy":"product_tag","embeddable":true,"href":"https:\/\/www.amorhomehardware.com\/pt\/wp-json\/wp\/v2\/product_tag?post=1075"}],"curies":[{"name":"wp","href":"https:\/\/api.w.org\/{rel}","templated":true}]}}