{"id":1066,"date":"2024-12-31T15:19:51","date_gmt":"2024-12-31T07:19:51","guid":{"rendered":"https:\/\/www.amorhomehardware.com\/?post_type=product&#038;p=1066"},"modified":"2025-01-20T02:23:30","modified_gmt":"2025-01-19T18:23:30","slug":"shelf-support-kitchen-cabinets-steel-pegs-%e5%a4%8d%e5%88%b6-2","status":"publish","type":"product","link":"https:\/\/www.amorhomehardware.com\/pt\/produto\/shelf-support-kitchen-cabinets-steel-pegs-%e5%a4%8d%e5%88%b6-2\/","title":{"rendered":"Suporte de prateleira invis\u00edvel para cegos ajust\u00e1vel e resistente - AC.0004"},"content":{"rendered":"<p>\u3010Function\u3011Fit into equally spaced holes on bookcase or cabinet sides to produce adjustable shelf supports.<br \/>\n\u3010Application\u3011 it can be applied to wooden or glass shelves such as wardrobes, cabinets, racks, bookcases, and entertainment centers.<\/p>","protected":false},"excerpt":{"rendered":"<p>Prateleira cega ajust\u00e1vel Suporte flutuante Suportes invis\u00edveis, montagem oculta para parede dom\u00e9stica DIY<br \/>\nMaterial: A\u00e7o<br \/>\nAcabamento: Zinco<br \/>\nComprimento: 110mm\/200mm<\/p>\n<p>N.\u00ba do artigo: AC.0004<\/p>","protected":false},"featured_media":1448,"comment_status":"closed","ping_status":"closed","template":"","meta":{"_seopress_robots_primary_cat":"","_seopress_titles_title":"","_seopress_titles_desc":"","_seopress_robots_index":"","_uag_custom_page_level_css":"","_joinchat":[]},"product_brand":[],"product_cat":[23,54],"product_tag":[],"class_list":{"0":"post-1066","1":"product","2":"type-product","3":"status-publish","4":"has-post-thumbnail","6":"product_cat-connectors-brackets","7":"product_cat-shelf-support","9":"first","10":"instock","11":"shipping-taxable","12":"product-type-simple"},"uagb_featured_image_src":{"full":["https:\/\/www.amorhomehardware.com\/wp-content\/uploads\/2024\/12\/AC.0004-Blind-Shelf-Floating-Support.webp",1240,1360,false],"thumbnail":["https:\/\/www.amorhomehardware.com\/wp-content\/uploads\/2024\/12\/AC.0004-Blind-Shelf-Floating-Support-150x150.webp",150,150,true],"medium":["https:\/\/www.amorhomehardware.com\/wp-content\/uploads\/2024\/12\/AC.0004-Blind-Shelf-Floating-Support-274x300.webp",274,300,true],"medium_large":["https:\/\/www.amorhomehardware.com\/wp-content\/uploads\/2024\/12\/AC.0004-Blind-Shelf-Floating-Support-768x842.webp",768,842,true],"large":["https:\/\/www.amorhomehardware.com\/wp-content\/uploads\/2024\/12\/AC.0004-Blind-Shelf-Floating-Support-934x1024.webp",934,1024,true],"1536x1536":["https:\/\/www.amorhomehardware.com\/wp-content\/uploads\/2024\/12\/AC.0004-Blind-Shelf-Floating-Support.webp",1240,1360,false],"2048x2048":["https:\/\/www.amorhomehardware.com\/wp-content\/uploads\/2024\/12\/AC.0004-Blind-Shelf-Floating-Support.webp",1240,1360,false],"trp-custom-language-flag":["https:\/\/www.amorhomehardware.com\/wp-content\/uploads\/2024\/12\/AC.0004-Blind-Shelf-Floating-Support.webp",11,12,false],"woocommerce_archive_thumbnail":["https:\/\/www.amorhomehardware.com\/wp-content\/uploads\/2024\/12\/AC.0004-Blind-Shelf-Floating-Support-600x600.webp",600,600,true],"woocommerce_thumbnail":["https:\/\/www.amorhomehardware.com\/wp-content\/uploads\/2024\/12\/AC.0004-Blind-Shelf-Floating-Support-600x600.webp",600,600,true],"woocommerce_single":["https:\/\/www.amorhomehardware.com\/wp-content\/uploads\/2024\/12\/AC.0004-Blind-Shelf-Floating-Support-600x658.webp",600,658,true],"woocommerce_gallery_thumbnail":["https:\/\/www.amorhomehardware.com\/wp-content\/uploads\/2024\/12\/AC.0004-Blind-Shelf-Floating-Support-100x100.webp",100,100,true]},"uagb_author_info":{"display_name":"amorhome","author_link":"https:\/\/www.amorhomehardware.com\/pt\/author\/"},"uagb_comment_info":0,"uagb_excerpt":"Adjustable Blind Shelf Floating Support Invisible Brackets, Concealed Mount for Home Wall DIY Material: Steel Finish: Zinc Length: 110mm\/200mm Item No.: AC.0004","_links":{"self":[{"href":"https:\/\/www.amorhomehardware.com\/pt\/wp-json\/wp\/v2\/product\/1066","targetHints":{"allow":["GET"]}}],"collection":[{"href":"https:\/\/www.amorhomehardware.com\/pt\/wp-json\/wp\/v2\/product"}],"about":[{"href":"https:\/\/www.amorhomehardware.com\/pt\/wp-json\/wp\/v2\/types\/product"}],"replies":[{"embeddable":true,"href":"https:\/\/www.amorhomehardware.com\/pt\/wp-json\/wp\/v2\/comments?post=1066"}],"wp:featuredmedia":[{"embeddable":true,"href":"https:\/\/www.amorhomehardware.com\/pt\/wp-json\/wp\/v2\/media\/1448"}],"wp:attachment":[{"href":"https:\/\/www.amorhomehardware.com\/pt\/wp-json\/wp\/v2\/media?parent=1066"}],"wp:term":[{"taxonomy":"product_brand","embeddable":true,"href":"https:\/\/www.amorhomehardware.com\/pt\/wp-json\/wp\/v2\/product_brand?post=1066"},{"taxonomy":"product_cat","embeddable":true,"href":"https:\/\/www.amorhomehardware.com\/pt\/wp-json\/wp\/v2\/product_cat?post=1066"},{"taxonomy":"product_tag","embeddable":true,"href":"https:\/\/www.amorhomehardware.com\/pt\/wp-json\/wp\/v2\/product_tag?post=1066"}],"curies":[{"name":"wp","href":"https:\/\/api.w.org\/{rel}","templated":true}]}}