{"id":1050,"date":"2024-12-31T14:38:18","date_gmt":"2024-12-31T06:38:18","guid":{"rendered":"https:\/\/www.amorhomehardware.com\/?post_type=product&#038;p=1050"},"modified":"2025-02-17T16:52:16","modified_gmt":"2025-02-17T08:52:16","slug":"swivel-nylon-furniture-caster-wheels-with-brake","status":"publish","type":"product","link":"https:\/\/www.amorhomehardware.com\/pt\/produto\/swivel-nylon-furniture-caster-wheels-with-brake\/","title":{"rendered":"Rodas girat\u00f3rias de nylon para m\u00f3veis com trav\u00e3o - AR.3109"},"content":{"rendered":"<p>\u3010Design\u3011 New nylon and metal plate, The casters can swivel 360\u00b0 to immediately respond to changes in direction and safely transport lightweight furniture and displays.<br \/>\n\u3010Application\u3011 For furniture, carts, coffee tables, shelves, file cabinets, kitchen cabinet, baby cribs, etc.<\/p>","protected":false},"excerpt":{"rendered":"<p>Rodas de pl\u00e1stico para m\u00f3veis Rodas girat\u00f3rias de nylon para carrinhos de secret\u00e1ria M\u00f3veis Cama de beb\u00e9 Mesa de arm\u00e1rio de cozinha<br \/>\nMaterial: A\u00e7o +Nylon<br \/>\nAcabamento: Preto<br \/>\nTamanho: 1,5\u2033(35mm)\/2\u2033(50mm)<br \/>\nSem trav\u00e3o para a op\u00e7\u00e3o (AR.3009)<\/p>\n<p><strong>N.\u00ba do artigo: AR.3109<\/strong><\/p>","protected":false},"featured_media":1456,"comment_status":"closed","ping_status":"closed","template":"","meta":{"_seopress_robots_primary_cat":"","_seopress_titles_title":"","_seopress_titles_desc":"","_seopress_robots_index":"","_uag_custom_page_level_css":"","_joinchat":[]},"product_brand":[],"product_cat":[61,19],"product_tag":[],"class_list":{"0":"post-1050","1":"product","2":"type-product","3":"status-publish","4":"has-post-thumbnail","6":"product_cat-castor-wheels","7":"product_cat-furniture-hardware","9":"first","10":"instock","11":"shipping-taxable","12":"product-type-simple"},"uagb_featured_image_src":{"full":["https:\/\/www.amorhomehardware.com\/wp-content\/uploads\/2024\/12\/AR.3109-Amor-home-furniture-castor.webp",1240,1360,false],"thumbnail":["https:\/\/www.amorhomehardware.com\/wp-content\/uploads\/2024\/12\/AR.3109-Amor-home-furniture-castor-150x150.webp",150,150,true],"medium":["https:\/\/www.amorhomehardware.com\/wp-content\/uploads\/2024\/12\/AR.3109-Amor-home-furniture-castor-274x300.webp",274,300,true],"medium_large":["https:\/\/www.amorhomehardware.com\/wp-content\/uploads\/2024\/12\/AR.3109-Amor-home-furniture-castor-768x842.webp",768,842,true],"large":["https:\/\/www.amorhomehardware.com\/wp-content\/uploads\/2024\/12\/AR.3109-Amor-home-furniture-castor-934x1024.webp",934,1024,true],"1536x1536":["https:\/\/www.amorhomehardware.com\/wp-content\/uploads\/2024\/12\/AR.3109-Amor-home-furniture-castor.webp",1240,1360,false],"2048x2048":["https:\/\/www.amorhomehardware.com\/wp-content\/uploads\/2024\/12\/AR.3109-Amor-home-furniture-castor.webp",1240,1360,false],"trp-custom-language-flag":["https:\/\/www.amorhomehardware.com\/wp-content\/uploads\/2024\/12\/AR.3109-Amor-home-furniture-castor.webp",11,12,false],"woocommerce_archive_thumbnail":["https:\/\/www.amorhomehardware.com\/wp-content\/uploads\/2024\/12\/AR.3109-Amor-home-furniture-castor-600x600.webp",600,600,true],"woocommerce_thumbnail":["https:\/\/www.amorhomehardware.com\/wp-content\/uploads\/2024\/12\/AR.3109-Amor-home-furniture-castor-600x600.webp",600,600,true],"woocommerce_single":["https:\/\/www.amorhomehardware.com\/wp-content\/uploads\/2024\/12\/AR.3109-Amor-home-furniture-castor-600x658.webp",600,658,true],"woocommerce_gallery_thumbnail":["https:\/\/www.amorhomehardware.com\/wp-content\/uploads\/2024\/12\/AR.3109-Amor-home-furniture-castor-100x100.webp",100,100,true]},"uagb_author_info":{"display_name":"amorhome","author_link":"https:\/\/www.amorhomehardware.com\/pt\/author\/"},"uagb_comment_info":0,"uagb_excerpt":"Plastic Furniture Caster Wheels Swivel Nylon Small Caster for Desk Carts Furniture Baby Bed Kitchen Cabinet Table Material: Steel +Nylon Finish: Black Size: 1.5\"(35mm)\/2\"(50mm) Without Brake for option (AR.3009) Item No.: AR.3109","_links":{"self":[{"href":"https:\/\/www.amorhomehardware.com\/pt\/wp-json\/wp\/v2\/product\/1050","targetHints":{"allow":["GET"]}}],"collection":[{"href":"https:\/\/www.amorhomehardware.com\/pt\/wp-json\/wp\/v2\/product"}],"about":[{"href":"https:\/\/www.amorhomehardware.com\/pt\/wp-json\/wp\/v2\/types\/product"}],"replies":[{"embeddable":true,"href":"https:\/\/www.amorhomehardware.com\/pt\/wp-json\/wp\/v2\/comments?post=1050"}],"wp:featuredmedia":[{"embeddable":true,"href":"https:\/\/www.amorhomehardware.com\/pt\/wp-json\/wp\/v2\/media\/1456"}],"wp:attachment":[{"href":"https:\/\/www.amorhomehardware.com\/pt\/wp-json\/wp\/v2\/media?parent=1050"}],"wp:term":[{"taxonomy":"product_brand","embeddable":true,"href":"https:\/\/www.amorhomehardware.com\/pt\/wp-json\/wp\/v2\/product_brand?post=1050"},{"taxonomy":"product_cat","embeddable":true,"href":"https:\/\/www.amorhomehardware.com\/pt\/wp-json\/wp\/v2\/product_cat?post=1050"},{"taxonomy":"product_tag","embeddable":true,"href":"https:\/\/www.amorhomehardware.com\/pt\/wp-json\/wp\/v2\/product_tag?post=1050"}],"curies":[{"name":"wp","href":"https:\/\/api.w.org\/{rel}","templated":true}]}}