{"id":1049,"date":"2024-12-31T14:36:19","date_gmt":"2024-12-31T06:36:19","guid":{"rendered":"https:\/\/www.amorhomehardware.com\/?post_type=product&#038;p=1049"},"modified":"2025-01-20T02:43:48","modified_gmt":"2025-01-19T18:43:48","slug":"swivel-nylon-furniture-caster-wheels-without-brake","status":"publish","type":"product","link":"https:\/\/www.amorhomehardware.com\/pt\/produto\/swivel-nylon-furniture-caster-wheels-without-brake\/","title":{"rendered":"Rodas girat\u00f3rias de nylon para m\u00f3veis sem trav\u00e3o - AR.1002"},"content":{"rendered":"<p>\u3010Design\u3011 New nylon and metal plate, The casters can swivel 360\u00b0 to immediately respond to changes in direction and safely transport lightweight furniture and displays.<br \/>\n\u3010Application\u3011 For furniture, carts, coffee tables, shelves, file cabinets, kitchen cabinets, baby cribs, etc.<\/p>","protected":false},"excerpt":{"rendered":"<p>Rodas de pl\u00e1stico para m\u00f3veis Rodas girat\u00f3rias de nylon para carrinhos de secret\u00e1ria M\u00f3veis Cama de beb\u00e9 Mesa de arm\u00e1rio de cozinha<br \/>\nMaterial: A\u00e7o +Nylon<br \/>\nAcabamento: Preto<br \/>\nTamanho: 1,5\u2033(35mm)\/2\u2033(50mm)<\/p>\n<p>N.\u00ba do artigo: AR.1102<\/p>","protected":false},"featured_media":1459,"comment_status":"closed","ping_status":"closed","template":"","meta":{"_seopress_robots_primary_cat":"","_seopress_titles_title":"","_seopress_titles_desc":"","_seopress_robots_index":"","_uag_custom_page_level_css":"","_joinchat":[]},"product_brand":[],"product_cat":[61],"product_tag":[],"class_list":{"0":"post-1049","1":"product","2":"type-product","3":"status-publish","4":"has-post-thumbnail","6":"product_cat-castor-wheels","8":"first","9":"instock","10":"shipping-taxable","11":"product-type-simple"},"uagb_featured_image_src":{"full":["https:\/\/www.amorhomehardware.com\/wp-content\/uploads\/2024\/12\/AR.1002-amor-home-furniture-castor.webp",630,630,false],"thumbnail":["https:\/\/www.amorhomehardware.com\/wp-content\/uploads\/2024\/12\/AR.1002-amor-home-furniture-castor-150x150.webp",150,150,true],"medium":["https:\/\/www.amorhomehardware.com\/wp-content\/uploads\/2024\/12\/AR.1002-amor-home-furniture-castor-300x300.webp",300,300,true],"medium_large":["https:\/\/www.amorhomehardware.com\/wp-content\/uploads\/2024\/12\/AR.1002-amor-home-furniture-castor.webp",630,630,false],"large":["https:\/\/www.amorhomehardware.com\/wp-content\/uploads\/2024\/12\/AR.1002-amor-home-furniture-castor.webp",630,630,false],"1536x1536":["https:\/\/www.amorhomehardware.com\/wp-content\/uploads\/2024\/12\/AR.1002-amor-home-furniture-castor.webp",630,630,false],"2048x2048":["https:\/\/www.amorhomehardware.com\/wp-content\/uploads\/2024\/12\/AR.1002-amor-home-furniture-castor.webp",630,630,false],"trp-custom-language-flag":["https:\/\/www.amorhomehardware.com\/wp-content\/uploads\/2024\/12\/AR.1002-amor-home-furniture-castor.webp",12,12,false],"woocommerce_archive_thumbnail":["https:\/\/www.amorhomehardware.com\/wp-content\/uploads\/2024\/12\/AR.1002-amor-home-furniture-castor-600x600.webp",600,600,true],"woocommerce_thumbnail":["https:\/\/www.amorhomehardware.com\/wp-content\/uploads\/2024\/12\/AR.1002-amor-home-furniture-castor-600x600.webp",600,600,true],"woocommerce_single":["https:\/\/www.amorhomehardware.com\/wp-content\/uploads\/2024\/12\/AR.1002-amor-home-furniture-castor-600x600.webp",600,600,true],"woocommerce_gallery_thumbnail":["https:\/\/www.amorhomehardware.com\/wp-content\/uploads\/2024\/12\/AR.1002-amor-home-furniture-castor-100x100.webp",100,100,true]},"uagb_author_info":{"display_name":"amorhome","author_link":"https:\/\/www.amorhomehardware.com\/pt\/author\/"},"uagb_comment_info":0,"uagb_excerpt":"Plastic Furniture Caster Wheels Swivel Nylon Small Caster for Desk Carts Furniture Baby Bed Kitchen Cabinet Table Material: Steel +Nylon Finish: Black Size: 1.5\"(35mm)\/2\"(50mm) Item No.: AR.1102","_links":{"self":[{"href":"https:\/\/www.amorhomehardware.com\/pt\/wp-json\/wp\/v2\/product\/1049","targetHints":{"allow":["GET"]}}],"collection":[{"href":"https:\/\/www.amorhomehardware.com\/pt\/wp-json\/wp\/v2\/product"}],"about":[{"href":"https:\/\/www.amorhomehardware.com\/pt\/wp-json\/wp\/v2\/types\/product"}],"replies":[{"embeddable":true,"href":"https:\/\/www.amorhomehardware.com\/pt\/wp-json\/wp\/v2\/comments?post=1049"}],"wp:featuredmedia":[{"embeddable":true,"href":"https:\/\/www.amorhomehardware.com\/pt\/wp-json\/wp\/v2\/media\/1459"}],"wp:attachment":[{"href":"https:\/\/www.amorhomehardware.com\/pt\/wp-json\/wp\/v2\/media?parent=1049"}],"wp:term":[{"taxonomy":"product_brand","embeddable":true,"href":"https:\/\/www.amorhomehardware.com\/pt\/wp-json\/wp\/v2\/product_brand?post=1049"},{"taxonomy":"product_cat","embeddable":true,"href":"https:\/\/www.amorhomehardware.com\/pt\/wp-json\/wp\/v2\/product_cat?post=1049"},{"taxonomy":"product_tag","embeddable":true,"href":"https:\/\/www.amorhomehardware.com\/pt\/wp-json\/wp\/v2\/product_tag?post=1049"}],"curies":[{"name":"wp","href":"https:\/\/api.w.org\/{rel}","templated":true}]}}