{"id":1040,"date":"2024-12-31T14:25:47","date_gmt":"2024-12-31T06:25:47","guid":{"rendered":"https:\/\/www.amorhomehardware.com\/?post_type=product&#038;p=1040"},"modified":"2025-02-15T18:46:07","modified_gmt":"2025-02-15T10:46:07","slug":"steel-furniture-feet-metal-sofa-legs-coffee-table-replacement-legs-2","status":"publish","type":"product","link":"https:\/\/www.amorhomehardware.com\/pt\/produto\/steel-furniture-feet-metal-sofa-legs-coffee-table-replacement-legs-2\/","title":{"rendered":"P\u00e9s de a\u00e7o para m\u00f3veis P\u00e9s de metal para sof\u00e1s P\u00e9s de substitui\u00e7\u00e3o para mesas de centro - AF.5001"},"content":{"rendered":"<p>\u3010Design\u3011 There is a rubber pad on the bottom, which can prevent your furniture or floor from being scratched, and reduce the noise when moving furniture, serviceable and long-lasting<br \/>\n\u3010Application\u3011The table legs are very suitable for most home furniture, such as sofas, couches, chairs, desks, tables, beds, cabinets, TV stands, dressers, bookshelves, love seats, ottomans, cupboards, and other DIY furniture<\/p>","protected":false},"excerpt":{"rendered":"<p>P\u00e9s de a\u00e7o para m\u00f3veis P\u00e9s de metal ajust\u00e1veis para arm\u00e1rios Pernas de secret\u00e1ria Pernas de sof\u00e1 Pernas de substitui\u00e7\u00e3o para mesas de caf\u00e9<br \/>\nMaterial: A\u00e7o<br \/>\nAcabamento: Cromado<br \/>\nTamanho: Placa de base: 68mm, Topo: 72*60*0.9mm<br \/>\nTamanho dos p\u00e9s: D50*H80\/H100\/120\/150mm<\/p>\n<p>N.\u00ba do artigo: AF.5001<\/p>","protected":false},"featured_media":1462,"comment_status":"closed","ping_status":"closed","template":"","meta":{"_seopress_robots_primary_cat":"","_seopress_titles_title":"","_seopress_titles_desc":"","_seopress_robots_index":"","_uag_custom_page_level_css":"","_joinchat":[]},"product_brand":[],"product_cat":[31,19],"product_tag":[],"class_list":{"0":"post-1040","1":"product","2":"type-product","3":"status-publish","4":"has-post-thumbnail","6":"product_cat-fruniture-legs","7":"product_cat-furniture-hardware","9":"first","10":"instock","11":"shipping-taxable","12":"product-type-simple"},"uagb_featured_image_src":{"full":["https:\/\/www.amorhomehardware.com\/wp-content\/uploads\/2024\/12\/AF.5001-coffee-table-leg.webp",1240,1360,false],"thumbnail":["https:\/\/www.amorhomehardware.com\/wp-content\/uploads\/2024\/12\/AF.5001-coffee-table-leg-150x150.webp",150,150,true],"medium":["https:\/\/www.amorhomehardware.com\/wp-content\/uploads\/2024\/12\/AF.5001-coffee-table-leg-274x300.webp",274,300,true],"medium_large":["https:\/\/www.amorhomehardware.com\/wp-content\/uploads\/2024\/12\/AF.5001-coffee-table-leg-768x842.webp",768,842,true],"large":["https:\/\/www.amorhomehardware.com\/wp-content\/uploads\/2024\/12\/AF.5001-coffee-table-leg-934x1024.webp",934,1024,true],"1536x1536":["https:\/\/www.amorhomehardware.com\/wp-content\/uploads\/2024\/12\/AF.5001-coffee-table-leg.webp",1240,1360,false],"2048x2048":["https:\/\/www.amorhomehardware.com\/wp-content\/uploads\/2024\/12\/AF.5001-coffee-table-leg.webp",1240,1360,false],"trp-custom-language-flag":["https:\/\/www.amorhomehardware.com\/wp-content\/uploads\/2024\/12\/AF.5001-coffee-table-leg.webp",11,12,false],"woocommerce_archive_thumbnail":["https:\/\/www.amorhomehardware.com\/wp-content\/uploads\/2024\/12\/AF.5001-coffee-table-leg-600x600.webp",600,600,true],"woocommerce_thumbnail":["https:\/\/www.amorhomehardware.com\/wp-content\/uploads\/2024\/12\/AF.5001-coffee-table-leg-600x600.webp",600,600,true],"woocommerce_single":["https:\/\/www.amorhomehardware.com\/wp-content\/uploads\/2024\/12\/AF.5001-coffee-table-leg-600x658.webp",600,658,true],"woocommerce_gallery_thumbnail":["https:\/\/www.amorhomehardware.com\/wp-content\/uploads\/2024\/12\/AF.5001-coffee-table-leg-100x100.webp",100,100,true]},"uagb_author_info":{"display_name":"amorhome","author_link":"https:\/\/www.amorhomehardware.com\/pt\/author\/"},"uagb_comment_info":0,"uagb_excerpt":"Steel Furniture Feet Adjustable Metal Cabinet Desk Legs Sofa Legs Coffee Table Replacement Legs Material: Steel Finish: Chrome Size: Baseplate: 68mm, Top: 72*60*0.9mm Feet Size: D50*H80\/H100\/120\/150mm Item No.: AF.5001","_links":{"self":[{"href":"https:\/\/www.amorhomehardware.com\/pt\/wp-json\/wp\/v2\/product\/1040","targetHints":{"allow":["GET"]}}],"collection":[{"href":"https:\/\/www.amorhomehardware.com\/pt\/wp-json\/wp\/v2\/product"}],"about":[{"href":"https:\/\/www.amorhomehardware.com\/pt\/wp-json\/wp\/v2\/types\/product"}],"replies":[{"embeddable":true,"href":"https:\/\/www.amorhomehardware.com\/pt\/wp-json\/wp\/v2\/comments?post=1040"}],"wp:featuredmedia":[{"embeddable":true,"href":"https:\/\/www.amorhomehardware.com\/pt\/wp-json\/wp\/v2\/media\/1462"}],"wp:attachment":[{"href":"https:\/\/www.amorhomehardware.com\/pt\/wp-json\/wp\/v2\/media?parent=1040"}],"wp:term":[{"taxonomy":"product_brand","embeddable":true,"href":"https:\/\/www.amorhomehardware.com\/pt\/wp-json\/wp\/v2\/product_brand?post=1040"},{"taxonomy":"product_cat","embeddable":true,"href":"https:\/\/www.amorhomehardware.com\/pt\/wp-json\/wp\/v2\/product_cat?post=1040"},{"taxonomy":"product_tag","embeddable":true,"href":"https:\/\/www.amorhomehardware.com\/pt\/wp-json\/wp\/v2\/product_tag?post=1040"}],"curies":[{"name":"wp","href":"https:\/\/api.w.org\/{rel}","templated":true}]}}