{"id":1027,"date":"2024-12-30T19:15:26","date_gmt":"2024-12-30T11:15:26","guid":{"rendered":"https:\/\/www.amorhomehardware.com\/?post_type=product&#038;p=1027"},"modified":"2025-01-20T02:57:38","modified_gmt":"2025-01-19T18:57:38","slug":"male-and-female-furniture-connecting-screws","status":"publish","type":"product","link":"https:\/\/www.amorhomehardware.com\/pt\/produto\/male-and-female-furniture-connecting-screws\/","title":{"rendered":"Parafusos de liga\u00e7\u00e3o para m\u00f3veis macho e f\u00eamea - AC.5001"},"content":{"rendered":"<p>\u3010Installation\u3011 &#8211; Make a hole between 0.5-1mm larger than the diameter of the female rod, put the screw and nut on both sides of the locked object, and select the appropriate tool to lock it.<br \/>\n\u3010Application\u3011Fit for DIY, leather crafts, clothing making, or as a fastener to connect two objects. Such as thin photo albums, leather bags, wooden board connections, etc.<\/p>","protected":false},"excerpt":{"rendered":"<p>Parafusos de liga\u00e7\u00e3o de mobili\u00e1rio macho e f\u00eamea Fivela de cinto Parafusos de liga\u00e7\u00e3o de couro Fixador de a\u00e7o<br \/>\nMaterial: A\u00e7o<br \/>\nAcabamento: Zinco<br \/>\nPeso: 5g<br \/>\nTamanho: M5X27mm-M4X15 mm<\/p>\n<p>N.\u00ba do artigo: AC.5001<\/p>","protected":false},"featured_media":1482,"comment_status":"closed","ping_status":"closed","template":"","meta":{"_seopress_robots_primary_cat":"","_seopress_titles_title":"","_seopress_titles_desc":"","_seopress_robots_index":"","_uag_custom_page_level_css":"","_joinchat":[]},"product_brand":[],"product_cat":[53,23],"product_tag":[],"class_list":{"0":"post-1027","1":"product","2":"type-product","3":"status-publish","4":"has-post-thumbnail","6":"product_cat-connecting-screws","7":"product_cat-connectors-brackets","9":"first","10":"instock","11":"shipping-taxable","12":"product-type-simple"},"uagb_featured_image_src":{"full":["https:\/\/www.amorhomehardware.com\/wp-content\/uploads\/2024\/12\/AC.5001-Male-and-Female-Furniture-Connecting-screws.webp",1240,1360,false],"thumbnail":["https:\/\/www.amorhomehardware.com\/wp-content\/uploads\/2024\/12\/AC.5001-Male-and-Female-Furniture-Connecting-screws-150x150.webp",150,150,true],"medium":["https:\/\/www.amorhomehardware.com\/wp-content\/uploads\/2024\/12\/AC.5001-Male-and-Female-Furniture-Connecting-screws-274x300.webp",274,300,true],"medium_large":["https:\/\/www.amorhomehardware.com\/wp-content\/uploads\/2024\/12\/AC.5001-Male-and-Female-Furniture-Connecting-screws-768x842.webp",768,842,true],"large":["https:\/\/www.amorhomehardware.com\/wp-content\/uploads\/2024\/12\/AC.5001-Male-and-Female-Furniture-Connecting-screws-934x1024.webp",934,1024,true],"1536x1536":["https:\/\/www.amorhomehardware.com\/wp-content\/uploads\/2024\/12\/AC.5001-Male-and-Female-Furniture-Connecting-screws.webp",1240,1360,false],"2048x2048":["https:\/\/www.amorhomehardware.com\/wp-content\/uploads\/2024\/12\/AC.5001-Male-and-Female-Furniture-Connecting-screws.webp",1240,1360,false],"trp-custom-language-flag":["https:\/\/www.amorhomehardware.com\/wp-content\/uploads\/2024\/12\/AC.5001-Male-and-Female-Furniture-Connecting-screws.webp",11,12,false],"woocommerce_archive_thumbnail":["https:\/\/www.amorhomehardware.com\/wp-content\/uploads\/2024\/12\/AC.5001-Male-and-Female-Furniture-Connecting-screws-600x600.webp",600,600,true],"woocommerce_thumbnail":["https:\/\/www.amorhomehardware.com\/wp-content\/uploads\/2024\/12\/AC.5001-Male-and-Female-Furniture-Connecting-screws-600x600.webp",600,600,true],"woocommerce_single":["https:\/\/www.amorhomehardware.com\/wp-content\/uploads\/2024\/12\/AC.5001-Male-and-Female-Furniture-Connecting-screws-600x658.webp",600,658,true],"woocommerce_gallery_thumbnail":["https:\/\/www.amorhomehardware.com\/wp-content\/uploads\/2024\/12\/AC.5001-Male-and-Female-Furniture-Connecting-screws-100x100.webp",100,100,true]},"uagb_author_info":{"display_name":"amorhome","author_link":"https:\/\/www.amorhomehardware.com\/pt\/author\/"},"uagb_comment_info":0,"uagb_excerpt":"Male and Female Furniture Connecting screws Belt Buckle Binding Bolts Leather Steel Fastener Material: Steel Finish: Zinc Weight: 5g Size: M5X27mm-M4X15 mm Item No.: AC.5001","_links":{"self":[{"href":"https:\/\/www.amorhomehardware.com\/pt\/wp-json\/wp\/v2\/product\/1027","targetHints":{"allow":["GET"]}}],"collection":[{"href":"https:\/\/www.amorhomehardware.com\/pt\/wp-json\/wp\/v2\/product"}],"about":[{"href":"https:\/\/www.amorhomehardware.com\/pt\/wp-json\/wp\/v2\/types\/product"}],"replies":[{"embeddable":true,"href":"https:\/\/www.amorhomehardware.com\/pt\/wp-json\/wp\/v2\/comments?post=1027"}],"wp:featuredmedia":[{"embeddable":true,"href":"https:\/\/www.amorhomehardware.com\/pt\/wp-json\/wp\/v2\/media\/1482"}],"wp:attachment":[{"href":"https:\/\/www.amorhomehardware.com\/pt\/wp-json\/wp\/v2\/media?parent=1027"}],"wp:term":[{"taxonomy":"product_brand","embeddable":true,"href":"https:\/\/www.amorhomehardware.com\/pt\/wp-json\/wp\/v2\/product_brand?post=1027"},{"taxonomy":"product_cat","embeddable":true,"href":"https:\/\/www.amorhomehardware.com\/pt\/wp-json\/wp\/v2\/product_cat?post=1027"},{"taxonomy":"product_tag","embeddable":true,"href":"https:\/\/www.amorhomehardware.com\/pt\/wp-json\/wp\/v2\/product_tag?post=1027"}],"curies":[{"name":"wp","href":"https:\/\/api.w.org\/{rel}","templated":true}]}}