{"id":1023,"date":"2024-12-30T19:07:13","date_gmt":"2024-12-30T11:07:13","guid":{"rendered":"https:\/\/www.amorhomehardware.com\/?post_type=product&#038;p=1023"},"modified":"2025-01-20T03:09:05","modified_gmt":"2025-01-19T19:09:05","slug":"decorative-plastic-cover-cap-for-connection-cam","status":"publish","type":"product","link":"https:\/\/www.amorhomehardware.com\/pt\/produto\/decorative-plastic-cover-cap-for-connection-cam\/","title":{"rendered":"Tampa de pl\u00e1stico decorativa para cames de liga\u00e7\u00e3o - AC.7001"},"content":{"rendered":"<p>\u3010Installation\u3011Used conjunction with connection cam<br \/>\n\u3010Application\u3011Suitable for various types of furniture, cabinets, drawer dressers, wardrobes, and furniture panels.<\/p>","protected":false},"excerpt":{"rendered":"<p>Tampa de pl\u00e1stico decorativa para o came de liga\u00e7\u00e3o<br \/>\nMaterial: Pl\u00e1stico<br \/>\nAcabamento: Branco, castanho, preto<br \/>\nSize: \u03c64*H4*D17mm<\/p>\n<p>N.\u00ba do artigo: AC.7001<\/p>","protected":false},"featured_media":1496,"comment_status":"closed","ping_status":"closed","template":"","meta":{"_seopress_robots_primary_cat":"","_seopress_titles_title":"","_seopress_titles_desc":"","_seopress_robots_index":"","_uag_custom_page_level_css":"","_joinchat":[]},"product_brand":[],"product_cat":[51,23],"product_tag":[],"class_list":{"0":"post-1023","1":"product","2":"type-product","3":"status-publish","4":"has-post-thumbnail","6":"product_cat-mini-fix","7":"product_cat-connectors-brackets","9":"first","10":"instock","11":"shipping-taxable","12":"product-type-simple"},"uagb_featured_image_src":{"full":["https:\/\/www.amorhomehardware.com\/wp-content\/uploads\/2024\/12\/AC.7001-decorative-cover-for-connecting-cam.webp",1240,1360,false],"thumbnail":["https:\/\/www.amorhomehardware.com\/wp-content\/uploads\/2024\/12\/AC.7001-decorative-cover-for-connecting-cam-150x150.webp",150,150,true],"medium":["https:\/\/www.amorhomehardware.com\/wp-content\/uploads\/2024\/12\/AC.7001-decorative-cover-for-connecting-cam-274x300.webp",274,300,true],"medium_large":["https:\/\/www.amorhomehardware.com\/wp-content\/uploads\/2024\/12\/AC.7001-decorative-cover-for-connecting-cam-768x842.webp",768,842,true],"large":["https:\/\/www.amorhomehardware.com\/wp-content\/uploads\/2024\/12\/AC.7001-decorative-cover-for-connecting-cam-934x1024.webp",934,1024,true],"1536x1536":["https:\/\/www.amorhomehardware.com\/wp-content\/uploads\/2024\/12\/AC.7001-decorative-cover-for-connecting-cam.webp",1240,1360,false],"2048x2048":["https:\/\/www.amorhomehardware.com\/wp-content\/uploads\/2024\/12\/AC.7001-decorative-cover-for-connecting-cam.webp",1240,1360,false],"trp-custom-language-flag":["https:\/\/www.amorhomehardware.com\/wp-content\/uploads\/2024\/12\/AC.7001-decorative-cover-for-connecting-cam.webp",11,12,false],"woocommerce_archive_thumbnail":["https:\/\/www.amorhomehardware.com\/wp-content\/uploads\/2024\/12\/AC.7001-decorative-cover-for-connecting-cam-600x600.webp",600,600,true],"woocommerce_thumbnail":["https:\/\/www.amorhomehardware.com\/wp-content\/uploads\/2024\/12\/AC.7001-decorative-cover-for-connecting-cam-600x600.webp",600,600,true],"woocommerce_single":["https:\/\/www.amorhomehardware.com\/wp-content\/uploads\/2024\/12\/AC.7001-decorative-cover-for-connecting-cam-600x658.webp",600,658,true],"woocommerce_gallery_thumbnail":["https:\/\/www.amorhomehardware.com\/wp-content\/uploads\/2024\/12\/AC.7001-decorative-cover-for-connecting-cam-100x100.webp",100,100,true]},"uagb_author_info":{"display_name":"amorhome","author_link":"https:\/\/www.amorhomehardware.com\/pt\/author\/"},"uagb_comment_info":0,"uagb_excerpt":"Decorative Plastic Cover Cap for connecting cam Material: Plastic Finish: White, Brown, Black Size: \u03c64*H4*D17mm Item No.: AC.7001","_links":{"self":[{"href":"https:\/\/www.amorhomehardware.com\/pt\/wp-json\/wp\/v2\/product\/1023","targetHints":{"allow":["GET"]}}],"collection":[{"href":"https:\/\/www.amorhomehardware.com\/pt\/wp-json\/wp\/v2\/product"}],"about":[{"href":"https:\/\/www.amorhomehardware.com\/pt\/wp-json\/wp\/v2\/types\/product"}],"replies":[{"embeddable":true,"href":"https:\/\/www.amorhomehardware.com\/pt\/wp-json\/wp\/v2\/comments?post=1023"}],"wp:featuredmedia":[{"embeddable":true,"href":"https:\/\/www.amorhomehardware.com\/pt\/wp-json\/wp\/v2\/media\/1496"}],"wp:attachment":[{"href":"https:\/\/www.amorhomehardware.com\/pt\/wp-json\/wp\/v2\/media?parent=1023"}],"wp:term":[{"taxonomy":"product_brand","embeddable":true,"href":"https:\/\/www.amorhomehardware.com\/pt\/wp-json\/wp\/v2\/product_brand?post=1023"},{"taxonomy":"product_cat","embeddable":true,"href":"https:\/\/www.amorhomehardware.com\/pt\/wp-json\/wp\/v2\/product_cat?post=1023"},{"taxonomy":"product_tag","embeddable":true,"href":"https:\/\/www.amorhomehardware.com\/pt\/wp-json\/wp\/v2\/product_tag?post=1023"}],"curies":[{"name":"wp","href":"https:\/\/api.w.org\/{rel}","templated":true}]}}