{"id":979,"date":"2024-12-30T09:44:20","date_gmt":"2024-12-30T01:44:20","guid":{"rendered":"https:\/\/www.amorhomehardware.com\/?post_type=product&#038;p=979"},"modified":"2025-01-20T03:32:48","modified_gmt":"2025-01-19T19:32:48","slug":"2-in-1-plastic-furniture-connecting-fitting-cabinet-shelf-connector","status":"publish","type":"product","link":"https:\/\/www.amorhomehardware.com\/fr\/produit\/2-in-1-plastic-furniture-connecting-fitting-cabinet-shelf-connector\/","title":{"rendered":"Connecteur 2 en 1 en plastique pour meubles, pour armoires, pour \u00e9tag\u00e8res - AC.5100"},"content":{"rendered":"<p>\u3010Feature\u3011 These cam locks are made of high-quality plastic with screws for easy installation<br \/>\n\u3010Application\u3011 Suitable for furniture boards of 12mm thickness, widely used in all types of furniture, like cabinets, shelves, beds, desks, drawers and chairs, and other furniture assemblies.<\/p>","protected":false},"excerpt":{"rendered":"<p>2 en 1 Plastique pour meubles Raccord d'\u00e9tag\u00e8re Support d'\u00e9tag\u00e8re d'armoire Verrouillage \u00e0 came<br \/>\nMat\u00e9riau : Plastique + acier<br \/>\nFinition : Blanc, Noir, Marron<br \/>\nTaille : L22*L20*H13.7mm<\/p>\n<p>Num\u00e9ro d'article : AC.5100<\/p>","protected":false},"featured_media":1485,"comment_status":"closed","ping_status":"closed","template":"","meta":{"_seopress_robots_primary_cat":"","_seopress_titles_title":"","_seopress_titles_desc":"","_seopress_robots_index":"","_uag_custom_page_level_css":"","_joinchat":[]},"product_brand":[],"product_cat":[51,23],"product_tag":[],"class_list":{"0":"post-979","1":"product","2":"type-product","3":"status-publish","4":"has-post-thumbnail","6":"product_cat-mini-fix","7":"product_cat-connectors-brackets","9":"first","10":"instock","11":"shipping-taxable","12":"product-type-simple"},"uagb_featured_image_src":{"full":["https:\/\/www.amorhomehardware.com\/wp-content\/uploads\/2024\/12\/AC.5100-2-in-1-plastic-shelf-connector-3.webp",1240,1360,false],"thumbnail":["https:\/\/www.amorhomehardware.com\/wp-content\/uploads\/2024\/12\/AC.5100-2-in-1-plastic-shelf-connector-3-150x150.webp",150,150,true],"medium":["https:\/\/www.amorhomehardware.com\/wp-content\/uploads\/2024\/12\/AC.5100-2-in-1-plastic-shelf-connector-3-274x300.webp",274,300,true],"medium_large":["https:\/\/www.amorhomehardware.com\/wp-content\/uploads\/2024\/12\/AC.5100-2-in-1-plastic-shelf-connector-3-768x842.webp",768,842,true],"large":["https:\/\/www.amorhomehardware.com\/wp-content\/uploads\/2024\/12\/AC.5100-2-in-1-plastic-shelf-connector-3-934x1024.webp",934,1024,true],"1536x1536":["https:\/\/www.amorhomehardware.com\/wp-content\/uploads\/2024\/12\/AC.5100-2-in-1-plastic-shelf-connector-3.webp",1240,1360,false],"2048x2048":["https:\/\/www.amorhomehardware.com\/wp-content\/uploads\/2024\/12\/AC.5100-2-in-1-plastic-shelf-connector-3.webp",1240,1360,false],"trp-custom-language-flag":["https:\/\/www.amorhomehardware.com\/wp-content\/uploads\/2024\/12\/AC.5100-2-in-1-plastic-shelf-connector-3.webp",11,12,false],"woocommerce_archive_thumbnail":["https:\/\/www.amorhomehardware.com\/wp-content\/uploads\/2024\/12\/AC.5100-2-in-1-plastic-shelf-connector-3-600x600.webp",600,600,true],"woocommerce_thumbnail":["https:\/\/www.amorhomehardware.com\/wp-content\/uploads\/2024\/12\/AC.5100-2-in-1-plastic-shelf-connector-3-600x600.webp",600,600,true],"woocommerce_single":["https:\/\/www.amorhomehardware.com\/wp-content\/uploads\/2024\/12\/AC.5100-2-in-1-plastic-shelf-connector-3-600x658.webp",600,658,true],"woocommerce_gallery_thumbnail":["https:\/\/www.amorhomehardware.com\/wp-content\/uploads\/2024\/12\/AC.5100-2-in-1-plastic-shelf-connector-3-100x100.webp",100,100,true]},"uagb_author_info":{"display_name":"amorhome","author_link":"https:\/\/www.amorhomehardware.com\/fr\/author\/"},"uagb_comment_info":0,"uagb_excerpt":"2 in 1 Plastic Furniture Connecting Fitting Shelf Connector Cabinet Shelf Support Cam Lock Material: Plastic +Steel Finish: White, Black, Brown Size: L22*W20*H13.7mm Item No.: AC.5100","_links":{"self":[{"href":"https:\/\/www.amorhomehardware.com\/fr\/wp-json\/wp\/v2\/product\/979","targetHints":{"allow":["GET"]}}],"collection":[{"href":"https:\/\/www.amorhomehardware.com\/fr\/wp-json\/wp\/v2\/product"}],"about":[{"href":"https:\/\/www.amorhomehardware.com\/fr\/wp-json\/wp\/v2\/types\/product"}],"replies":[{"embeddable":true,"href":"https:\/\/www.amorhomehardware.com\/fr\/wp-json\/wp\/v2\/comments?post=979"}],"wp:featuredmedia":[{"embeddable":true,"href":"https:\/\/www.amorhomehardware.com\/fr\/wp-json\/wp\/v2\/media\/1485"}],"wp:attachment":[{"href":"https:\/\/www.amorhomehardware.com\/fr\/wp-json\/wp\/v2\/media?parent=979"}],"wp:term":[{"taxonomy":"product_brand","embeddable":true,"href":"https:\/\/www.amorhomehardware.com\/fr\/wp-json\/wp\/v2\/product_brand?post=979"},{"taxonomy":"product_cat","embeddable":true,"href":"https:\/\/www.amorhomehardware.com\/fr\/wp-json\/wp\/v2\/product_cat?post=979"},{"taxonomy":"product_tag","embeddable":true,"href":"https:\/\/www.amorhomehardware.com\/fr\/wp-json\/wp\/v2\/product_tag?post=979"}],"curies":[{"name":"wp","href":"https:\/\/api.w.org\/{rel}","templated":true}]}}