{"id":975,"date":"2024-12-30T09:39:43","date_gmt":"2024-12-30T01:39:43","guid":{"rendered":"https:\/\/www.amorhomehardware.com\/?post_type=product&#038;p=975"},"modified":"2025-01-20T03:33:42","modified_gmt":"2025-01-19T19:33:42","slug":"punch-free-office-partition-clamps-adjustable-desk-divider-clips","status":"publish","type":"product","link":"https:\/\/www.amorhomehardware.com\/fr\/produit\/punch-free-office-partition-clamps-adjustable-desk-divider-clips\/","title":{"rendered":"Pinces pour cloisons de bureau sans poin\u00e7onnage Clips pour cloisons de bureau r\u00e9glables - AC.1303"},"content":{"rendered":"<p>\u3010Feature\u3011Adjustable Size, no drilling! Each desk divider clip contains 1 adjustable screw, which can be used for desks, and counters of 12mm to 45mm thickness. It does no punching to install partitions, privacy panels, acrylic sheets, plexiglass sheets, etc. on the tabletop. You don&#8217;t need to worry about it destroying your desktop.<br \/>\n\u3010Application\u3011They are applied to install privacy panels, acrylic panels, plexiglass panels, and tabletop display panels which are suitable for office desks, student desks, training rooms, council chambers, and various offices<\/p>","protected":false},"excerpt":{"rendered":"<p>Pinces de support pour pare-haleine Pinces pour cloisons de bureau r\u00e9glables Pinces pour cloisons de bureau en acrylique Clips pour cloisons en plexiglas Clips pour panneaux d'intimit\u00e9 en aluminium Clips pour cloisons sans poin\u00e7onnage<br \/>\nMat\u00e9riau : Alliage de zinc<br \/>\nFinition : Argent nacr\u00e9\/ Blanc nacr\u00e9\/ Noir nacr\u00e9\/ Blanc brillant<br \/>\nTaille : Support L23*H20*T3mm<\/p>\n<p>Num\u00e9ro d'article : AC.1303<\/p>","protected":false},"featured_media":1431,"comment_status":"closed","ping_status":"closed","template":"","meta":{"_seopress_robots_primary_cat":"","_seopress_titles_title":"","_seopress_titles_desc":"","_seopress_robots_index":"","_uag_custom_page_level_css":"","_joinchat":[]},"product_brand":[],"product_cat":[57,23],"product_tag":[],"class_list":{"0":"post-975","1":"product","2":"type-product","3":"status-publish","4":"has-post-thumbnail","6":"product_cat-desk-divider-clamps","7":"product_cat-connectors-brackets","9":"first","10":"instock","11":"shipping-taxable","12":"product-type-simple"},"uagb_featured_image_src":{"full":["https:\/\/www.amorhomehardware.com\/wp-content\/uploads\/2024\/12\/AC.1303-Desk-Partition-clamp.webp",1240,1360,false],"thumbnail":["https:\/\/www.amorhomehardware.com\/wp-content\/uploads\/2024\/12\/AC.1303-Desk-Partition-clamp-150x150.webp",150,150,true],"medium":["https:\/\/www.amorhomehardware.com\/wp-content\/uploads\/2024\/12\/AC.1303-Desk-Partition-clamp-274x300.webp",274,300,true],"medium_large":["https:\/\/www.amorhomehardware.com\/wp-content\/uploads\/2024\/12\/AC.1303-Desk-Partition-clamp-768x842.webp",768,842,true],"large":["https:\/\/www.amorhomehardware.com\/wp-content\/uploads\/2024\/12\/AC.1303-Desk-Partition-clamp-934x1024.webp",934,1024,true],"1536x1536":["https:\/\/www.amorhomehardware.com\/wp-content\/uploads\/2024\/12\/AC.1303-Desk-Partition-clamp.webp",1240,1360,false],"2048x2048":["https:\/\/www.amorhomehardware.com\/wp-content\/uploads\/2024\/12\/AC.1303-Desk-Partition-clamp.webp",1240,1360,false],"trp-custom-language-flag":["https:\/\/www.amorhomehardware.com\/wp-content\/uploads\/2024\/12\/AC.1303-Desk-Partition-clamp.webp",11,12,false],"woocommerce_archive_thumbnail":["https:\/\/www.amorhomehardware.com\/wp-content\/uploads\/2024\/12\/AC.1303-Desk-Partition-clamp-600x600.webp",600,600,true],"woocommerce_thumbnail":["https:\/\/www.amorhomehardware.com\/wp-content\/uploads\/2024\/12\/AC.1303-Desk-Partition-clamp-600x600.webp",600,600,true],"woocommerce_single":["https:\/\/www.amorhomehardware.com\/wp-content\/uploads\/2024\/12\/AC.1303-Desk-Partition-clamp-600x658.webp",600,658,true],"woocommerce_gallery_thumbnail":["https:\/\/www.amorhomehardware.com\/wp-content\/uploads\/2024\/12\/AC.1303-Desk-Partition-clamp-100x100.webp",100,100,true]},"uagb_author_info":{"display_name":"amorhome","author_link":"https:\/\/www.amorhomehardware.com\/fr\/author\/"},"uagb_comment_info":0,"uagb_excerpt":"Sneeze Guard Support Clamps Adjustable Office Partition Clamp Acrylic Desk Divider Clamps Plexiglass Partition Clips Aluminum Privacy Panel Clips Punch-Free Partition Clips Material: Zinc Alloy Finish: Pearl silver\/ Pearl white\/ Pear black\/ Bright white Size: Bracket L23*H20*T3mm Item No.: AC.1303","_links":{"self":[{"href":"https:\/\/www.amorhomehardware.com\/fr\/wp-json\/wp\/v2\/product\/975","targetHints":{"allow":["GET"]}}],"collection":[{"href":"https:\/\/www.amorhomehardware.com\/fr\/wp-json\/wp\/v2\/product"}],"about":[{"href":"https:\/\/www.amorhomehardware.com\/fr\/wp-json\/wp\/v2\/types\/product"}],"replies":[{"embeddable":true,"href":"https:\/\/www.amorhomehardware.com\/fr\/wp-json\/wp\/v2\/comments?post=975"}],"wp:featuredmedia":[{"embeddable":true,"href":"https:\/\/www.amorhomehardware.com\/fr\/wp-json\/wp\/v2\/media\/1431"}],"wp:attachment":[{"href":"https:\/\/www.amorhomehardware.com\/fr\/wp-json\/wp\/v2\/media?parent=975"}],"wp:term":[{"taxonomy":"product_brand","embeddable":true,"href":"https:\/\/www.amorhomehardware.com\/fr\/wp-json\/wp\/v2\/product_brand?post=975"},{"taxonomy":"product_cat","embeddable":true,"href":"https:\/\/www.amorhomehardware.com\/fr\/wp-json\/wp\/v2\/product_cat?post=975"},{"taxonomy":"product_tag","embeddable":true,"href":"https:\/\/www.amorhomehardware.com\/fr\/wp-json\/wp\/v2\/product_tag?post=975"}],"curies":[{"name":"wp","href":"https:\/\/api.w.org\/{rel}","templated":true}]}}