{"id":960,"date":"2024-12-30T08:08:13","date_gmt":"2024-12-30T00:08:13","guid":{"rendered":"https:\/\/www.amorhomehardware.com\/?post_type=product&#038;p=960"},"modified":"2025-01-20T03:48:18","modified_gmt":"2025-01-19T19:48:18","slug":"furniture-wardrobe-cabinet-butterfly-plastic-connecting-bracket","status":"publish","type":"product","link":"https:\/\/www.amorhomehardware.com\/fr\/produit\/furniture-wardrobe-cabinet-butterfly-plastic-connecting-bracket\/","title":{"rendered":"Support d'\u00e9tag\u00e8re \u00e0 pince r\u00e9glable pour verre - AC.1100"},"content":{"rendered":"<p>\u3010Function\u3011Screw with rubber head, can firmly lock the glass to prevent skidding, but also can adjust to make the screw and the glass shelf better fit.<br \/>\n\u3010Application\u3011 Perfect for fixing glass shelf, such as glass shelves of bathroom shower, wine cabinets, and display cabinets, etc.<\/p>","protected":false},"excerpt":{"rendered":"<p>Support d'\u00e9tag\u00e8re \u00e0 pince r\u00e9glable pour verre Supports \u00e0 pince pour verre en alliage de zinc<br \/>\nMat\u00e9riau : Alliage de zinc<br \/>\nFinition : nickel\/chrome<br \/>\n\u00c9paisseur appropri\u00e9e : 8 mm<\/p>\n<p>Num\u00e9ro d'article : AC.1000<\/p>","protected":false},"featured_media":1502,"comment_status":"closed","ping_status":"closed","template":"","meta":{"_seopress_robots_primary_cat":"","_seopress_titles_title":"","_seopress_titles_desc":"","_seopress_robots_index":"","_uag_custom_page_level_css":"","_joinchat":[]},"product_brand":[],"product_cat":[23,54],"product_tag":[],"class_list":{"0":"post-960","1":"product","2":"type-product","3":"status-publish","4":"has-post-thumbnail","6":"product_cat-connectors-brackets","7":"product_cat-shelf-support","9":"first","10":"instock","11":"shipping-taxable","12":"product-type-simple"},"uagb_featured_image_src":{"full":["https:\/\/www.amorhomehardware.com\/wp-content\/uploads\/2024\/12\/AC.1100.webp",630,630,false],"thumbnail":["https:\/\/www.amorhomehardware.com\/wp-content\/uploads\/2024\/12\/AC.1100-150x150.webp",150,150,true],"medium":["https:\/\/www.amorhomehardware.com\/wp-content\/uploads\/2024\/12\/AC.1100-300x300.webp",300,300,true],"medium_large":["https:\/\/www.amorhomehardware.com\/wp-content\/uploads\/2024\/12\/AC.1100.webp",630,630,false],"large":["https:\/\/www.amorhomehardware.com\/wp-content\/uploads\/2024\/12\/AC.1100.webp",630,630,false],"1536x1536":["https:\/\/www.amorhomehardware.com\/wp-content\/uploads\/2024\/12\/AC.1100.webp",630,630,false],"2048x2048":["https:\/\/www.amorhomehardware.com\/wp-content\/uploads\/2024\/12\/AC.1100.webp",630,630,false],"trp-custom-language-flag":["https:\/\/www.amorhomehardware.com\/wp-content\/uploads\/2024\/12\/AC.1100.webp",12,12,false],"woocommerce_archive_thumbnail":["https:\/\/www.amorhomehardware.com\/wp-content\/uploads\/2024\/12\/AC.1100-600x600.webp",600,600,true],"woocommerce_thumbnail":["https:\/\/www.amorhomehardware.com\/wp-content\/uploads\/2024\/12\/AC.1100-600x600.webp",600,600,true],"woocommerce_single":["https:\/\/www.amorhomehardware.com\/wp-content\/uploads\/2024\/12\/AC.1100-600x600.webp",600,600,true],"woocommerce_gallery_thumbnail":["https:\/\/www.amorhomehardware.com\/wp-content\/uploads\/2024\/12\/AC.1100-100x100.webp",100,100,true]},"uagb_author_info":{"display_name":"amorhome","author_link":"https:\/\/www.amorhomehardware.com\/fr\/author\/"},"uagb_comment_info":0,"uagb_excerpt":"Adjustable Glass Clamp Shelf Bracket Glass Clamp Supports Zinc Alloy Clamp Brackets Material: Zinc Alloy Finish: nickel\/chrome suitable thickness:8mm Item No.: AC.1000","_links":{"self":[{"href":"https:\/\/www.amorhomehardware.com\/fr\/wp-json\/wp\/v2\/product\/960","targetHints":{"allow":["GET"]}}],"collection":[{"href":"https:\/\/www.amorhomehardware.com\/fr\/wp-json\/wp\/v2\/product"}],"about":[{"href":"https:\/\/www.amorhomehardware.com\/fr\/wp-json\/wp\/v2\/types\/product"}],"replies":[{"embeddable":true,"href":"https:\/\/www.amorhomehardware.com\/fr\/wp-json\/wp\/v2\/comments?post=960"}],"wp:featuredmedia":[{"embeddable":true,"href":"https:\/\/www.amorhomehardware.com\/fr\/wp-json\/wp\/v2\/media\/1502"}],"wp:attachment":[{"href":"https:\/\/www.amorhomehardware.com\/fr\/wp-json\/wp\/v2\/media?parent=960"}],"wp:term":[{"taxonomy":"product_brand","embeddable":true,"href":"https:\/\/www.amorhomehardware.com\/fr\/wp-json\/wp\/v2\/product_brand?post=960"},{"taxonomy":"product_cat","embeddable":true,"href":"https:\/\/www.amorhomehardware.com\/fr\/wp-json\/wp\/v2\/product_cat?post=960"},{"taxonomy":"product_tag","embeddable":true,"href":"https:\/\/www.amorhomehardware.com\/fr\/wp-json\/wp\/v2\/product_tag?post=960"}],"curies":[{"name":"wp","href":"https:\/\/api.w.org\/{rel}","templated":true}]}}