{"id":938,"date":"2024-12-30T07:08:55","date_gmt":"2024-12-29T23:08:55","guid":{"rendered":"https:\/\/www.amorhomehardware.com\/?post_type=product&#038;p=938"},"modified":"2025-01-20T03:57:14","modified_gmt":"2025-01-19T19:57:14","slug":"zinc-alloy-cabinet-handles","status":"publish","type":"product","link":"https:\/\/www.amorhomehardware.com\/fr\/produit\/zinc-alloy-cabinet-handles\/","title":{"rendered":"Poign\u00e9es d'armoires en alliage de zinc - AP.1004"},"content":{"rendered":"<p>\u3010Material\u3011Polished in different styles like Brushed Nickel\/ black\/ gold for optional, Made of high-quality zinc alloy material.<br \/>\n\u3010Application\u3011Suitable for different styles of cabinets, wardrobes, drawers, wine cabinets, lockers, kitchen cupboards.<\/p>","protected":false},"excerpt":{"rendered":"<p>Poign\u00e9es d'armoire \u00e0 deux trous en alliage de zinc Poign\u00e9es de tiroir de chambre \u00e0 coucher de cuisine<br \/>\nMat\u00e9riau : Alliage de zinc<br \/>\nFinition : nickel bross\u00e9\/or\/noir<br \/>\nType : Solide<br \/>\nDistance des trous : 96mm\/128mm\/160mm\/192mm<br \/>\nAccessoires : Vis*2pcs (M4*25mm)<\/p>\n<p>Num\u00e9ro d'article : AP.1004<\/p>","protected":false},"featured_media":1521,"comment_status":"closed","ping_status":"closed","template":"","meta":{"_seopress_robots_primary_cat":"","_seopress_titles_title":"","_seopress_titles_desc":"","_seopress_robots_index":"","_uag_custom_page_level_css":"","_joinchat":[]},"product_brand":[],"product_cat":[19,30],"product_tag":[],"class_list":{"0":"post-938","1":"product","2":"type-product","3":"status-publish","4":"has-post-thumbnail","6":"product_cat-furniture-hardware","7":"product_cat-handles","9":"first","10":"instock","11":"shipping-taxable","12":"product-type-simple"},"uagb_featured_image_src":{"full":["https:\/\/www.amorhomehardware.com\/wp-content\/uploads\/2024\/12\/AP.1004-zinc-alloy-handle.webp",1240,1360,false],"thumbnail":["https:\/\/www.amorhomehardware.com\/wp-content\/uploads\/2024\/12\/AP.1004-zinc-alloy-handle-150x150.webp",150,150,true],"medium":["https:\/\/www.amorhomehardware.com\/wp-content\/uploads\/2024\/12\/AP.1004-zinc-alloy-handle-274x300.webp",274,300,true],"medium_large":["https:\/\/www.amorhomehardware.com\/wp-content\/uploads\/2024\/12\/AP.1004-zinc-alloy-handle-768x842.webp",768,842,true],"large":["https:\/\/www.amorhomehardware.com\/wp-content\/uploads\/2024\/12\/AP.1004-zinc-alloy-handle-934x1024.webp",934,1024,true],"1536x1536":["https:\/\/www.amorhomehardware.com\/wp-content\/uploads\/2024\/12\/AP.1004-zinc-alloy-handle.webp",1240,1360,false],"2048x2048":["https:\/\/www.amorhomehardware.com\/wp-content\/uploads\/2024\/12\/AP.1004-zinc-alloy-handle.webp",1240,1360,false],"trp-custom-language-flag":["https:\/\/www.amorhomehardware.com\/wp-content\/uploads\/2024\/12\/AP.1004-zinc-alloy-handle.webp",11,12,false],"woocommerce_archive_thumbnail":["https:\/\/www.amorhomehardware.com\/wp-content\/uploads\/2024\/12\/AP.1004-zinc-alloy-handle-600x600.webp",600,600,true],"woocommerce_thumbnail":["https:\/\/www.amorhomehardware.com\/wp-content\/uploads\/2024\/12\/AP.1004-zinc-alloy-handle-600x600.webp",600,600,true],"woocommerce_single":["https:\/\/www.amorhomehardware.com\/wp-content\/uploads\/2024\/12\/AP.1004-zinc-alloy-handle-600x658.webp",600,658,true],"woocommerce_gallery_thumbnail":["https:\/\/www.amorhomehardware.com\/wp-content\/uploads\/2024\/12\/AP.1004-zinc-alloy-handle-100x100.webp",100,100,true]},"uagb_author_info":{"display_name":"amorhome","author_link":"https:\/\/www.amorhomehardware.com\/fr\/author\/"},"uagb_comment_info":0,"uagb_excerpt":"Two Holes Zinc Alloy Cabinet Handles Kitchen bedroom drawer handles Material: Zinc Alloy Finish: Brushed Nickel\/Gold\/Black Type: Solid Hole Distance: 96mm\/128mm\/160mm\/192mm Accessories: Screws*2pcs (M4*25mm) Item No.: AP.1004","_links":{"self":[{"href":"https:\/\/www.amorhomehardware.com\/fr\/wp-json\/wp\/v2\/product\/938","targetHints":{"allow":["GET"]}}],"collection":[{"href":"https:\/\/www.amorhomehardware.com\/fr\/wp-json\/wp\/v2\/product"}],"about":[{"href":"https:\/\/www.amorhomehardware.com\/fr\/wp-json\/wp\/v2\/types\/product"}],"replies":[{"embeddable":true,"href":"https:\/\/www.amorhomehardware.com\/fr\/wp-json\/wp\/v2\/comments?post=938"}],"wp:featuredmedia":[{"embeddable":true,"href":"https:\/\/www.amorhomehardware.com\/fr\/wp-json\/wp\/v2\/media\/1521"}],"wp:attachment":[{"href":"https:\/\/www.amorhomehardware.com\/fr\/wp-json\/wp\/v2\/media?parent=938"}],"wp:term":[{"taxonomy":"product_brand","embeddable":true,"href":"https:\/\/www.amorhomehardware.com\/fr\/wp-json\/wp\/v2\/product_brand?post=938"},{"taxonomy":"product_cat","embeddable":true,"href":"https:\/\/www.amorhomehardware.com\/fr\/wp-json\/wp\/v2\/product_cat?post=938"},{"taxonomy":"product_tag","embeddable":true,"href":"https:\/\/www.amorhomehardware.com\/fr\/wp-json\/wp\/v2\/product_tag?post=938"}],"curies":[{"name":"wp","href":"https:\/\/api.w.org\/{rel}","templated":true}]}}