{"id":914,"date":"2024-12-30T06:47:18","date_gmt":"2024-12-29T22:47:18","guid":{"rendered":"https:\/\/www.amorhomehardware.com\/?post_type=product&#038;p=914"},"modified":"2025-01-20T04:10:01","modified_gmt":"2025-01-19T20:10:01","slug":"powder-coated-roller-slides-side-mount-roller-drawer-slide","status":"publish","type":"product","link":"https:\/\/www.amorhomehardware.com\/fr\/produit\/powder-coated-roller-slides-side-mount-roller-drawer-slide\/","title":{"rendered":"Coulisses \u00e0 galets \u00e0 rev\u00eatement en poudre coulisses de tiroir \u00e0 galets \u00e0 montage lat\u00e9ral - AS.0101"},"content":{"rendered":"<p>\u3010 Structure\u3011POM roller for better wear-resistant and more smoother; Side mount with Screw Fixing<br \/>\n\u3010 Material\u3011 The drawer slide rail is made of high-quality Cold-Rolled steel with special galvanized Passivation to ensure the anti-rust ability and oxidation resistance effect.<br \/>\n\u3010Application\u3011Kitchen Drawer, Office Desk Drawer, Industry-used drawer, Truck, Vending machine, etc<\/p>","protected":false},"excerpt":{"rendered":"<p>Rouleau POM Glissi\u00e8res \u00e0 rouleaux \u00e0 rev\u00eatement en poudre Glissi\u00e8re de tiroir \u00e0 rouleaux \u00e0 montage lat\u00e9ral<br \/>\nMat\u00e9riau : Acier lamin\u00e9 \u00e0 froid<br \/>\nFinition : Blanc\/ Brun\/ Noir<br \/>\n\u00c9paisseur : 0,6 mm\/0,8 mm\/1,0 mm\/1,2 mm<br \/>\nLongueur : 250-600mm (10\u2033 \u00e0 24\u2033)<br \/>\nEmballage : 25 paires par carton<br \/>\nAccessoires : Vis en option<\/p>\n<p>Num\u00e9ro d'article : AS.0101<\/p>","protected":false},"featured_media":1533,"comment_status":"closed","ping_status":"closed","template":"","meta":{"_seopress_robots_primary_cat":"","_seopress_titles_title":"","_seopress_titles_desc":"","_seopress_robots_index":"","_uag_custom_page_level_css":"","_joinchat":[]},"product_brand":[],"product_cat":[29,19],"product_tag":[],"class_list":{"0":"post-914","1":"product","2":"type-product","3":"status-publish","4":"has-post-thumbnail","6":"product_cat-drawer-slides","7":"product_cat-furniture-hardware","9":"first","10":"instock","11":"shipping-taxable","12":"product-type-simple"},"uagb_featured_image_src":{"full":["https:\/\/www.amorhomehardware.com\/wp-content\/uploads\/2024\/12\/AS.0101-powder-coated-drawer-slide.webp",1240,1360,false],"thumbnail":["https:\/\/www.amorhomehardware.com\/wp-content\/uploads\/2024\/12\/AS.0101-powder-coated-drawer-slide-150x150.webp",150,150,true],"medium":["https:\/\/www.amorhomehardware.com\/wp-content\/uploads\/2024\/12\/AS.0101-powder-coated-drawer-slide-274x300.webp",274,300,true],"medium_large":["https:\/\/www.amorhomehardware.com\/wp-content\/uploads\/2024\/12\/AS.0101-powder-coated-drawer-slide-768x842.webp",768,842,true],"large":["https:\/\/www.amorhomehardware.com\/wp-content\/uploads\/2024\/12\/AS.0101-powder-coated-drawer-slide-934x1024.webp",934,1024,true],"1536x1536":["https:\/\/www.amorhomehardware.com\/wp-content\/uploads\/2024\/12\/AS.0101-powder-coated-drawer-slide.webp",1240,1360,false],"2048x2048":["https:\/\/www.amorhomehardware.com\/wp-content\/uploads\/2024\/12\/AS.0101-powder-coated-drawer-slide.webp",1240,1360,false],"trp-custom-language-flag":["https:\/\/www.amorhomehardware.com\/wp-content\/uploads\/2024\/12\/AS.0101-powder-coated-drawer-slide.webp",11,12,false],"woocommerce_archive_thumbnail":["https:\/\/www.amorhomehardware.com\/wp-content\/uploads\/2024\/12\/AS.0101-powder-coated-drawer-slide-600x600.webp",600,600,true],"woocommerce_thumbnail":["https:\/\/www.amorhomehardware.com\/wp-content\/uploads\/2024\/12\/AS.0101-powder-coated-drawer-slide-600x600.webp",600,600,true],"woocommerce_single":["https:\/\/www.amorhomehardware.com\/wp-content\/uploads\/2024\/12\/AS.0101-powder-coated-drawer-slide-600x658.webp",600,658,true],"woocommerce_gallery_thumbnail":["https:\/\/www.amorhomehardware.com\/wp-content\/uploads\/2024\/12\/AS.0101-powder-coated-drawer-slide-100x100.webp",100,100,true]},"uagb_author_info":{"display_name":"amorhome","author_link":"https:\/\/www.amorhomehardware.com\/fr\/author\/"},"uagb_comment_info":0,"uagb_excerpt":"POM roller Powder Coated Roller Slides side mount roller drawer slide Material: Cold-Rolled Steel Finish: White\/ Brown\/ Black Thickness: 0.6mm\/0.8mm\/1.0mm\/1.2mm Length: 250-600mm (10\" to 24\") Packing: 25 Pairs\/ Carton Accessories: Srews optional Item No.: AS.0101","_links":{"self":[{"href":"https:\/\/www.amorhomehardware.com\/fr\/wp-json\/wp\/v2\/product\/914","targetHints":{"allow":["GET"]}}],"collection":[{"href":"https:\/\/www.amorhomehardware.com\/fr\/wp-json\/wp\/v2\/product"}],"about":[{"href":"https:\/\/www.amorhomehardware.com\/fr\/wp-json\/wp\/v2\/types\/product"}],"replies":[{"embeddable":true,"href":"https:\/\/www.amorhomehardware.com\/fr\/wp-json\/wp\/v2\/comments?post=914"}],"wp:featuredmedia":[{"embeddable":true,"href":"https:\/\/www.amorhomehardware.com\/fr\/wp-json\/wp\/v2\/media\/1533"}],"wp:attachment":[{"href":"https:\/\/www.amorhomehardware.com\/fr\/wp-json\/wp\/v2\/media?parent=914"}],"wp:term":[{"taxonomy":"product_brand","embeddable":true,"href":"https:\/\/www.amorhomehardware.com\/fr\/wp-json\/wp\/v2\/product_brand?post=914"},{"taxonomy":"product_cat","embeddable":true,"href":"https:\/\/www.amorhomehardware.com\/fr\/wp-json\/wp\/v2\/product_cat?post=914"},{"taxonomy":"product_tag","embeddable":true,"href":"https:\/\/www.amorhomehardware.com\/fr\/wp-json\/wp\/v2\/product_tag?post=914"}],"curies":[{"name":"wp","href":"https:\/\/api.w.org\/{rel}","templated":true}]}}