{"id":911,"date":"2024-12-30T06:40:03","date_gmt":"2024-12-29T22:40:03","guid":{"rendered":"https:\/\/www.amorhomehardware.com\/?post_type=product&#038;p=911"},"modified":"2025-01-20T04:11:19","modified_gmt":"2025-01-19T20:11:19","slug":"45mm-side-mount-full-extension-push-open-ball-bearing-drawer-slides","status":"publish","type":"product","link":"https:\/\/www.amorhomehardware.com\/fr\/produit\/45mm-side-mount-full-extension-push-open-ball-bearing-drawer-slides\/","title":{"rendered":"45mm Side Mount Full Extension Push Open Ball Bearing Drawer Slides - AS.3452"},"content":{"rendered":"<p>\u3010Feature\u3011 Push to Open, no longer needs a handle as rebound slides allow the drawer to open by pressing lightly, and keep the drawer appearance simple. The ball-bearing design ensures the drawer slides smoother and quieter.<br \/>\n\u3010 Material\u3011 The drawer slide rail is made of high-quality Stainless steel with special galvanized Passivation which makes sure the anti-rust ability and oxidation resistance of our drawer slides are superior to the others<br \/>\n\u3010Design\u3011 There is a black plastic buckle on the back of the slide rail, which can be easily disassembled by pressing the inner rail, which is convenient for installation. Fully extendable rails make storage easy.<br \/>\n\u3010Application\u3011Goods shelves, Cabinets, Desk drawers, Industry-used drawers, Truck, Vending machines, etc<\/p>","protected":false},"excerpt":{"rendered":"<p>45mm Side Mount Full Extension Push Open Ball Bearing Drawer Slides Metal Rails Track Guide Glides Runners Touch Open<br \/>\nMat\u00e9riau : Acier lamin\u00e9 \u00e0 froid<br \/>\nFinition : Passivation galvanis\u00e9e<br \/>\nLargeur : 45 mm<br \/>\nThickness\uff1a1.0*1.0*1.2mm\/ 1.2*1.2*1.4mm<br \/>\nLongueur : 250-600mm (10\u2033 \u00e0 24\u2033)<br \/>\nEmballage : 1 paire\/sac transparent, 15 paires\/carton<br \/>\nAccessoires : Vis et couvercle lat\u00e9ral en option<\/p>\n<p>Num\u00e9ro d'article : AS.3452<\/p>","protected":false},"featured_media":1540,"comment_status":"closed","ping_status":"closed","template":"","meta":{"_seopress_robots_primary_cat":"","_seopress_titles_title":"","_seopress_titles_desc":"","_seopress_robots_index":"","_uag_custom_page_level_css":"","_joinchat":[]},"product_brand":[],"product_cat":[29,19],"product_tag":[],"class_list":{"0":"post-911","1":"product","2":"type-product","3":"status-publish","4":"has-post-thumbnail","6":"product_cat-drawer-slides","7":"product_cat-furniture-hardware","9":"first","10":"instock","11":"shipping-taxable","12":"product-type-simple"},"uagb_featured_image_src":{"full":["https:\/\/www.amorhomehardware.com\/wp-content\/uploads\/2024\/12\/AS.3452-45mm-push-open-drawer-slide.webp",1240,1360,false],"thumbnail":["https:\/\/www.amorhomehardware.com\/wp-content\/uploads\/2024\/12\/AS.3452-45mm-push-open-drawer-slide-150x150.webp",150,150,true],"medium":["https:\/\/www.amorhomehardware.com\/wp-content\/uploads\/2024\/12\/AS.3452-45mm-push-open-drawer-slide-274x300.webp",274,300,true],"medium_large":["https:\/\/www.amorhomehardware.com\/wp-content\/uploads\/2024\/12\/AS.3452-45mm-push-open-drawer-slide-768x842.webp",768,842,true],"large":["https:\/\/www.amorhomehardware.com\/wp-content\/uploads\/2024\/12\/AS.3452-45mm-push-open-drawer-slide-934x1024.webp",934,1024,true],"1536x1536":["https:\/\/www.amorhomehardware.com\/wp-content\/uploads\/2024\/12\/AS.3452-45mm-push-open-drawer-slide.webp",1240,1360,false],"2048x2048":["https:\/\/www.amorhomehardware.com\/wp-content\/uploads\/2024\/12\/AS.3452-45mm-push-open-drawer-slide.webp",1240,1360,false],"trp-custom-language-flag":["https:\/\/www.amorhomehardware.com\/wp-content\/uploads\/2024\/12\/AS.3452-45mm-push-open-drawer-slide.webp",11,12,false],"woocommerce_archive_thumbnail":["https:\/\/www.amorhomehardware.com\/wp-content\/uploads\/2024\/12\/AS.3452-45mm-push-open-drawer-slide-600x600.webp",600,600,true],"woocommerce_thumbnail":["https:\/\/www.amorhomehardware.com\/wp-content\/uploads\/2024\/12\/AS.3452-45mm-push-open-drawer-slide-600x600.webp",600,600,true],"woocommerce_single":["https:\/\/www.amorhomehardware.com\/wp-content\/uploads\/2024\/12\/AS.3452-45mm-push-open-drawer-slide-600x658.webp",600,658,true],"woocommerce_gallery_thumbnail":["https:\/\/www.amorhomehardware.com\/wp-content\/uploads\/2024\/12\/AS.3452-45mm-push-open-drawer-slide-100x100.webp",100,100,true]},"uagb_author_info":{"display_name":"amorhome","author_link":"https:\/\/www.amorhomehardware.com\/fr\/author\/"},"uagb_comment_info":0,"uagb_excerpt":"45mm Side Mount Full Extension Push Open Ball Bearing Drawer Slides Metal Rails Track Guide Glides Runners Touch Open Material: Cold-Rolled Steel Finish: Galvanized Passivation Width: 45mm Thickness\uff1a1.0*1.0*1.2mm\/ 1.2*1.2*1.4mm Length: 250-600mm (10\" to 24\") Packing: 1 Pair\/Clear Bag, 15 Pairs\/ Carton Accessories: Srews and side cover optional Item No.: AS.3452","_links":{"self":[{"href":"https:\/\/www.amorhomehardware.com\/fr\/wp-json\/wp\/v2\/product\/911","targetHints":{"allow":["GET"]}}],"collection":[{"href":"https:\/\/www.amorhomehardware.com\/fr\/wp-json\/wp\/v2\/product"}],"about":[{"href":"https:\/\/www.amorhomehardware.com\/fr\/wp-json\/wp\/v2\/types\/product"}],"replies":[{"embeddable":true,"href":"https:\/\/www.amorhomehardware.com\/fr\/wp-json\/wp\/v2\/comments?post=911"}],"wp:featuredmedia":[{"embeddable":true,"href":"https:\/\/www.amorhomehardware.com\/fr\/wp-json\/wp\/v2\/media\/1540"}],"wp:attachment":[{"href":"https:\/\/www.amorhomehardware.com\/fr\/wp-json\/wp\/v2\/media?parent=911"}],"wp:term":[{"taxonomy":"product_brand","embeddable":true,"href":"https:\/\/www.amorhomehardware.com\/fr\/wp-json\/wp\/v2\/product_brand?post=911"},{"taxonomy":"product_cat","embeddable":true,"href":"https:\/\/www.amorhomehardware.com\/fr\/wp-json\/wp\/v2\/product_cat?post=911"},{"taxonomy":"product_tag","embeddable":true,"href":"https:\/\/www.amorhomehardware.com\/fr\/wp-json\/wp\/v2\/product_tag?post=911"}],"curies":[{"name":"wp","href":"https:\/\/api.w.org\/{rel}","templated":true}]}}