{"id":900,"date":"2024-12-30T06:25:27","date_gmt":"2024-12-29T22:25:27","guid":{"rendered":"https:\/\/www.amorhomehardware.com\/?post_type=product&#038;p=900"},"modified":"2025-01-20T04:14:10","modified_gmt":"2025-01-19T20:14:10","slug":"tubular-lever-handles-entry-door-lock-door-knob","status":"publish","type":"product","link":"https:\/\/www.amorhomehardware.com\/fr\/produit\/tubular-lever-handles-entry-door-lock-door-knob\/","title":{"rendered":"Poign\u00e9es tubulaires \u00e0 levier Serrure de porte d'entr\u00e9e Bouton de porte - AD.6503"},"content":{"rendered":"<p>\u3010Optional\u3011Entry knob has keys for both sides, Privacy knob has a keyless lock set for bedrooms, bathrooms, etc. The latch bolt can be locked by a thumb turn button of the inside knob and has a slot on the outside knob that can be unlocked with a screwdriver or coin.<br \/>\n\u3010Design\u3011The length of the door latch can be adjusted from 60mm to 70mm(2-3\/8 to 2-3\/4 inch). Fits most standard-sized doors ranging from 1-3\/8 inch or 1-3\/4 inch in thickness. The distance between the upper and lower keyholes can be adjusted (8-1\/16&#8243;-9-1\/2&#8243;)<br \/>\n\u3010Installation\u3011Easy and simple fitting helps to save you time and gives a safer and more secure installation. The easy installation makes for a one-person project. It fits both right and left-handed doors.<\/p>","protected":false},"excerpt":{"rendered":"<p>Poign\u00e9es tubulaires \u00e0 levier Serrure de porte d'entr\u00e9e Serrure de porte d'intimit\u00e9 de chambre Serrure de passage Serrure factice<br \/>\nMat\u00e9riau : Alliage de zinc + acier inoxydable<br \/>\nFinition : Nickel bross\u00e9<br \/>\nFonction : Entr\u00e9e de cl\u00e9\/Privacit\u00e9\/Passage\/Dummy<br \/>\nAccessoires:2 cl\u00e9s en laiton<\/p>\n<p>Num\u00e9ro d'article : AD.6503<\/p>","protected":false},"featured_media":1517,"comment_status":"closed","ping_status":"closed","template":"","meta":{"_seopress_robots_primary_cat":"","_seopress_titles_title":"","_seopress_titles_desc":"","_seopress_robots_index":"","_uag_custom_page_level_css":"","_joinchat":[]},"product_brand":[],"product_cat":[59,19],"product_tag":[],"class_list":{"0":"post-900","1":"product","2":"type-product","3":"status-publish","4":"has-post-thumbnail","6":"product_cat-door-accessories","7":"product_cat-furniture-hardware","9":"first","10":"instock","11":"shipping-taxable","12":"product-type-simple"},"uagb_featured_image_src":{"full":["https:\/\/www.amorhomehardware.com\/wp-content\/uploads\/2024\/12\/AD.6503-door-lock-6271.webp",1240,1360,false],"thumbnail":["https:\/\/www.amorhomehardware.com\/wp-content\/uploads\/2024\/12\/AD.6503-door-lock-6271-150x150.webp",150,150,true],"medium":["https:\/\/www.amorhomehardware.com\/wp-content\/uploads\/2024\/12\/AD.6503-door-lock-6271-274x300.webp",274,300,true],"medium_large":["https:\/\/www.amorhomehardware.com\/wp-content\/uploads\/2024\/12\/AD.6503-door-lock-6271-768x842.webp",768,842,true],"large":["https:\/\/www.amorhomehardware.com\/wp-content\/uploads\/2024\/12\/AD.6503-door-lock-6271-934x1024.webp",934,1024,true],"1536x1536":["https:\/\/www.amorhomehardware.com\/wp-content\/uploads\/2024\/12\/AD.6503-door-lock-6271.webp",1240,1360,false],"2048x2048":["https:\/\/www.amorhomehardware.com\/wp-content\/uploads\/2024\/12\/AD.6503-door-lock-6271.webp",1240,1360,false],"trp-custom-language-flag":["https:\/\/www.amorhomehardware.com\/wp-content\/uploads\/2024\/12\/AD.6503-door-lock-6271.webp",11,12,false],"woocommerce_archive_thumbnail":["https:\/\/www.amorhomehardware.com\/wp-content\/uploads\/2024\/12\/AD.6503-door-lock-6271-600x600.webp",600,600,true],"woocommerce_thumbnail":["https:\/\/www.amorhomehardware.com\/wp-content\/uploads\/2024\/12\/AD.6503-door-lock-6271-600x600.webp",600,600,true],"woocommerce_single":["https:\/\/www.amorhomehardware.com\/wp-content\/uploads\/2024\/12\/AD.6503-door-lock-6271-600x658.webp",600,658,true],"woocommerce_gallery_thumbnail":["https:\/\/www.amorhomehardware.com\/wp-content\/uploads\/2024\/12\/AD.6503-door-lock-6271-100x100.webp",100,100,true]},"uagb_author_info":{"display_name":"amorhome","author_link":"https:\/\/www.amorhomehardware.com\/fr\/author\/"},"uagb_comment_info":0,"uagb_excerpt":"Tubular Lever Handles Entry Door Lock Bedroom Privacy Door Lock Passage Lock Dummy Lock Material: Zinc Alloy +Stainless Steel Finish: Brushed Nickel Function: Key entry\/Privacy\/Passage\/Dummy Accessories:2 brass keys Item No.: AD.6503","_links":{"self":[{"href":"https:\/\/www.amorhomehardware.com\/fr\/wp-json\/wp\/v2\/product\/900","targetHints":{"allow":["GET"]}}],"collection":[{"href":"https:\/\/www.amorhomehardware.com\/fr\/wp-json\/wp\/v2\/product"}],"about":[{"href":"https:\/\/www.amorhomehardware.com\/fr\/wp-json\/wp\/v2\/types\/product"}],"replies":[{"embeddable":true,"href":"https:\/\/www.amorhomehardware.com\/fr\/wp-json\/wp\/v2\/comments?post=900"}],"wp:featuredmedia":[{"embeddable":true,"href":"https:\/\/www.amorhomehardware.com\/fr\/wp-json\/wp\/v2\/media\/1517"}],"wp:attachment":[{"href":"https:\/\/www.amorhomehardware.com\/fr\/wp-json\/wp\/v2\/media?parent=900"}],"wp:term":[{"taxonomy":"product_brand","embeddable":true,"href":"https:\/\/www.amorhomehardware.com\/fr\/wp-json\/wp\/v2\/product_brand?post=900"},{"taxonomy":"product_cat","embeddable":true,"href":"https:\/\/www.amorhomehardware.com\/fr\/wp-json\/wp\/v2\/product_cat?post=900"},{"taxonomy":"product_tag","embeddable":true,"href":"https:\/\/www.amorhomehardware.com\/fr\/wp-json\/wp\/v2\/product_tag?post=900"}],"curies":[{"name":"wp","href":"https:\/\/api.w.org\/{rel}","templated":true}]}}