{"id":866,"date":"2024-12-30T05:18:45","date_gmt":"2024-12-29T21:18:45","guid":{"rendered":"https:\/\/www.amorhomehardware.com\/?post_type=product&#038;p=866"},"modified":"2025-01-20T04:37:49","modified_gmt":"2025-01-19T20:37:49","slug":"180-invisible-cabinet-hinges","status":"publish","type":"product","link":"https:\/\/www.amorhomehardware.com\/fr\/produit\/180-invisible-cabinet-hinges\/","title":{"rendered":"180\u00b0 Invisible Cabinet hinges &#8211; AH.9000"},"content":{"rendered":"<p>\u3010Material\u3011 Made of brass, anti-rust, sturdy, and durable.<br \/>\n\u3010 Design\u3011Fit for lightweight caravan worktop, table, furniture, cabinet, jewelry box hardware, wine box, etc.<br \/>\nUnique design, 180\u00b0 opening angle, convenient to use.<\/p>","protected":false},"excerpt":{"rendered":"<p>Charni\u00e8res \u00e0 barillet en laiton Charni\u00e8res de meuble invisibles cach\u00e9es Angle d'ouverture de 180 degr\u00e9s<br \/>\nMat\u00e9riau : Laiton<br \/>\nFinition : Couleur primaire<br \/>\nTaille en option : 10 mm, 12 mm, 14 mm<\/p>\n<p>Num\u00e9ro d'article : AH.9000<\/p>","protected":false},"featured_media":1561,"comment_status":"closed","ping_status":"closed","template":"","meta":{"_seopress_robots_primary_cat":"","_seopress_titles_title":"","_seopress_titles_desc":"","_seopress_robots_index":"","_uag_custom_page_level_css":"","_joinchat":[]},"product_brand":[],"product_cat":[28,19],"product_tag":[],"class_list":{"0":"post-866","1":"product","2":"type-product","3":"status-publish","4":"has-post-thumbnail","6":"product_cat-cabinet-hinges","7":"product_cat-furniture-hardware","9":"first","10":"instock","11":"shipping-taxable","12":"product-type-simple"},"uagb_featured_image_src":{"full":["https:\/\/www.amorhomehardware.com\/wp-content\/uploads\/2024\/12\/AH.9000-invisible-hinge.webp",1240,1360,false],"thumbnail":["https:\/\/www.amorhomehardware.com\/wp-content\/uploads\/2024\/12\/AH.9000-invisible-hinge-150x150.webp",150,150,true],"medium":["https:\/\/www.amorhomehardware.com\/wp-content\/uploads\/2024\/12\/AH.9000-invisible-hinge-274x300.webp",274,300,true],"medium_large":["https:\/\/www.amorhomehardware.com\/wp-content\/uploads\/2024\/12\/AH.9000-invisible-hinge-768x842.webp",768,842,true],"large":["https:\/\/www.amorhomehardware.com\/wp-content\/uploads\/2024\/12\/AH.9000-invisible-hinge-934x1024.webp",934,1024,true],"1536x1536":["https:\/\/www.amorhomehardware.com\/wp-content\/uploads\/2024\/12\/AH.9000-invisible-hinge.webp",1240,1360,false],"2048x2048":["https:\/\/www.amorhomehardware.com\/wp-content\/uploads\/2024\/12\/AH.9000-invisible-hinge.webp",1240,1360,false],"trp-custom-language-flag":["https:\/\/www.amorhomehardware.com\/wp-content\/uploads\/2024\/12\/AH.9000-invisible-hinge.webp",11,12,false],"woocommerce_archive_thumbnail":["https:\/\/www.amorhomehardware.com\/wp-content\/uploads\/2024\/12\/AH.9000-invisible-hinge-600x600.webp",600,600,true],"woocommerce_thumbnail":["https:\/\/www.amorhomehardware.com\/wp-content\/uploads\/2024\/12\/AH.9000-invisible-hinge-600x600.webp",600,600,true],"woocommerce_single":["https:\/\/www.amorhomehardware.com\/wp-content\/uploads\/2024\/12\/AH.9000-invisible-hinge-600x658.webp",600,658,true],"woocommerce_gallery_thumbnail":["https:\/\/www.amorhomehardware.com\/wp-content\/uploads\/2024\/12\/AH.9000-invisible-hinge-100x100.webp",100,100,true]},"uagb_author_info":{"display_name":"amorhome","author_link":"https:\/\/www.amorhomehardware.com\/fr\/author\/"},"uagb_comment_info":0,"uagb_excerpt":"Brass Barrel Hinges Hidden Invisible Cabinet Furniture Hinges Concealed 180 Degree Opening Angle Material: Brass Finish: Primary Color Optional Size: 10mm, 12mm, 14mm Item No.: AH.9000","_links":{"self":[{"href":"https:\/\/www.amorhomehardware.com\/fr\/wp-json\/wp\/v2\/product\/866","targetHints":{"allow":["GET"]}}],"collection":[{"href":"https:\/\/www.amorhomehardware.com\/fr\/wp-json\/wp\/v2\/product"}],"about":[{"href":"https:\/\/www.amorhomehardware.com\/fr\/wp-json\/wp\/v2\/types\/product"}],"replies":[{"embeddable":true,"href":"https:\/\/www.amorhomehardware.com\/fr\/wp-json\/wp\/v2\/comments?post=866"}],"wp:featuredmedia":[{"embeddable":true,"href":"https:\/\/www.amorhomehardware.com\/fr\/wp-json\/wp\/v2\/media\/1561"}],"wp:attachment":[{"href":"https:\/\/www.amorhomehardware.com\/fr\/wp-json\/wp\/v2\/media?parent=866"}],"wp:term":[{"taxonomy":"product_brand","embeddable":true,"href":"https:\/\/www.amorhomehardware.com\/fr\/wp-json\/wp\/v2\/product_brand?post=866"},{"taxonomy":"product_cat","embeddable":true,"href":"https:\/\/www.amorhomehardware.com\/fr\/wp-json\/wp\/v2\/product_cat?post=866"},{"taxonomy":"product_tag","embeddable":true,"href":"https:\/\/www.amorhomehardware.com\/fr\/wp-json\/wp\/v2\/product_tag?post=866"}],"curies":[{"name":"wp","href":"https:\/\/api.w.org\/{rel}","templated":true}]}}