{"id":857,"date":"2024-12-30T05:08:38","date_gmt":"2024-12-29T21:08:38","guid":{"rendered":"https:\/\/www.amorhomehardware.com\/?post_type=product&#038;p=857"},"modified":"2025-01-20T04:41:47","modified_gmt":"2025-01-19T20:41:47","slug":"hidden-cabinet-hinges","status":"publish","type":"product","link":"https:\/\/www.amorhomehardware.com\/fr\/produit\/hidden-cabinet-hinges\/","title":{"rendered":"Charni\u00e8res cach\u00e9es pour armoires - AH.9102"},"content":{"rendered":"<p>\u3010 Feature\u3011The hinges are made of durable zinc Alloy and stainless steel with a beautiful satin finish.<br \/>\nCette charni\u00e8re invisible peut \u00eatre utilis\u00e9e pour des applications en bois ou en m\u00e9tal, pour une \u00e9paisseur de porte\/panneau &gt;=20mm.<br \/>\nCes charni\u00e8res invisibles sont parfaites pour les bo\u00eetes, les armoires ou d'autres applications plus longues et plus larges.<\/p>","protected":false},"excerpt":{"rendered":"<p>Charni\u00e8re invisible en alliage de zinc<br \/>\nMat\u00e9riau : Alliage de zinc + acier inoxydable<br \/>\nFinition : Chrom\u00e9<br \/>\nHole distance: 45mm\uff0c60mm, 70mm, 95mm, 118mm<br \/>\nLes charni\u00e8res s'ouvrent \u00e0 180 degr\u00e9s<br \/>\n2 paires par bo\u00eete<\/p>\n<p>Num\u00e9ro d'article : AH.9102<\/p>","protected":false},"featured_media":1566,"comment_status":"closed","ping_status":"closed","template":"","meta":{"_seopress_robots_primary_cat":"","_seopress_titles_title":"","_seopress_titles_desc":"","_seopress_robots_index":"","_uag_custom_page_level_css":"","_joinchat":[]},"product_brand":[],"product_cat":[28,19],"product_tag":[],"class_list":{"0":"post-857","1":"product","2":"type-product","3":"status-publish","4":"has-post-thumbnail","6":"product_cat-cabinet-hinges","7":"product_cat-furniture-hardware","9":"first","10":"instock","11":"shipping-taxable","12":"product-type-simple"},"uagb_featured_image_src":{"full":["https:\/\/www.amorhomehardware.com\/wp-content\/uploads\/2024\/12\/AH.9102-Zinc-Alloy-Invisible-Hinge.webp",1240,1360,false],"thumbnail":["https:\/\/www.amorhomehardware.com\/wp-content\/uploads\/2024\/12\/AH.9102-Zinc-Alloy-Invisible-Hinge-150x150.webp",150,150,true],"medium":["https:\/\/www.amorhomehardware.com\/wp-content\/uploads\/2024\/12\/AH.9102-Zinc-Alloy-Invisible-Hinge-274x300.webp",274,300,true],"medium_large":["https:\/\/www.amorhomehardware.com\/wp-content\/uploads\/2024\/12\/AH.9102-Zinc-Alloy-Invisible-Hinge-768x842.webp",768,842,true],"large":["https:\/\/www.amorhomehardware.com\/wp-content\/uploads\/2024\/12\/AH.9102-Zinc-Alloy-Invisible-Hinge-934x1024.webp",934,1024,true],"1536x1536":["https:\/\/www.amorhomehardware.com\/wp-content\/uploads\/2024\/12\/AH.9102-Zinc-Alloy-Invisible-Hinge.webp",1240,1360,false],"2048x2048":["https:\/\/www.amorhomehardware.com\/wp-content\/uploads\/2024\/12\/AH.9102-Zinc-Alloy-Invisible-Hinge.webp",1240,1360,false],"trp-custom-language-flag":["https:\/\/www.amorhomehardware.com\/wp-content\/uploads\/2024\/12\/AH.9102-Zinc-Alloy-Invisible-Hinge.webp",11,12,false],"woocommerce_archive_thumbnail":["https:\/\/www.amorhomehardware.com\/wp-content\/uploads\/2024\/12\/AH.9102-Zinc-Alloy-Invisible-Hinge-600x600.webp",600,600,true],"woocommerce_thumbnail":["https:\/\/www.amorhomehardware.com\/wp-content\/uploads\/2024\/12\/AH.9102-Zinc-Alloy-Invisible-Hinge-600x600.webp",600,600,true],"woocommerce_single":["https:\/\/www.amorhomehardware.com\/wp-content\/uploads\/2024\/12\/AH.9102-Zinc-Alloy-Invisible-Hinge-600x658.webp",600,658,true],"woocommerce_gallery_thumbnail":["https:\/\/www.amorhomehardware.com\/wp-content\/uploads\/2024\/12\/AH.9102-Zinc-Alloy-Invisible-Hinge-100x100.webp",100,100,true]},"uagb_author_info":{"display_name":"amorhome","author_link":"https:\/\/www.amorhomehardware.com\/fr\/author\/"},"uagb_comment_info":0,"uagb_excerpt":"Zinc Alloy Invisible Hinge Material: Zinc Alloy + Stainless Steel Finish: Chrome Plated Hole distance: 45mm\uff0c60mm, 70mm, 95mm, 118mm Hinges open a full 180 degrees 2 pairs per box Item No.: AH.9102","_links":{"self":[{"href":"https:\/\/www.amorhomehardware.com\/fr\/wp-json\/wp\/v2\/product\/857","targetHints":{"allow":["GET"]}}],"collection":[{"href":"https:\/\/www.amorhomehardware.com\/fr\/wp-json\/wp\/v2\/product"}],"about":[{"href":"https:\/\/www.amorhomehardware.com\/fr\/wp-json\/wp\/v2\/types\/product"}],"replies":[{"embeddable":true,"href":"https:\/\/www.amorhomehardware.com\/fr\/wp-json\/wp\/v2\/comments?post=857"}],"wp:featuredmedia":[{"embeddable":true,"href":"https:\/\/www.amorhomehardware.com\/fr\/wp-json\/wp\/v2\/media\/1566"}],"wp:attachment":[{"href":"https:\/\/www.amorhomehardware.com\/fr\/wp-json\/wp\/v2\/media?parent=857"}],"wp:term":[{"taxonomy":"product_brand","embeddable":true,"href":"https:\/\/www.amorhomehardware.com\/fr\/wp-json\/wp\/v2\/product_brand?post=857"},{"taxonomy":"product_cat","embeddable":true,"href":"https:\/\/www.amorhomehardware.com\/fr\/wp-json\/wp\/v2\/product_cat?post=857"},{"taxonomy":"product_tag","embeddable":true,"href":"https:\/\/www.amorhomehardware.com\/fr\/wp-json\/wp\/v2\/product_tag?post=857"}],"curies":[{"name":"wp","href":"https:\/\/api.w.org\/{rel}","templated":true}]}}